{"id":82,"date":"2023-12-01T09:49:03","date_gmt":"2023-12-01T09:49:03","guid":{"rendered":"https:\/\/tcicutting.com\/auditoria-virtual-smart-factory\/"},"modified":"2025-05-28T15:18:47","modified_gmt":"2025-05-28T14:18:47","slug":"audyt-wirtualny-inteligentna-fabryka","status":"publish","type":"page","link":"https:\/\/www.tcicutting.com\/pl\/audyt-wirtualny-inteligentna-fabryka\/","title":{"rendered":"Auditor\u00eda virtual Smart Factory"},"content":{"rendered":"\t<section class=\"section form-auditoria-section\" id=\"section_540318660\">\n\t\t<div class=\"bg section-bg fill bg-fill  bg-loaded\" >\n\n\t\t\t\n\t\t\t\n\t\t\t\n\n\t\t<\/div>\n\n\t\t\n\n\t\t<div class=\"section-content relative\">\n\t\t\t\n<div class=\"row\"  id=\"row-1914182787\">\n\n\t<div id=\"col-282403170\" class=\"col small-12 large-12\"  >\n\t\t\t\t<div class=\"col-inner\"  >\n\t\t\t\n\t\t\t\n\n<div class=\"frm_forms  with_frm_style frm_style_formidable-style\" id=\"frm_form_48_container\" data-token=\"43dee0635e8d4045f4be9040370f29a4\">\n<form enctype=\"multipart\/form-data\" method=\"post\" class=\"frm-show-form  frm_pro_form  frm_slideup \" id=\"form_auditoria-smart-factory\" data-token=\"43dee0635e8d4045f4be9040370f29a4\">\n<div class=\"frm_form_fields  frm_page_num_1\">\n<fieldset>\n<div class=\"frm_rootline_group\" role=\"group\" tabindex=\"0\" aria-label=\"Page 1 of 9\" ><ul class=\"frm_page_bar frm_rootline_9 frm_progress frm_progress_line frm_no_numbers frm_show_lines \"><li class=\"frm_rootline_single frm_current_page\"><input type=\"button\" value=\"1\" data-page=\"\" class=\" frm_page_1\" aria-disabled=\"true\" data-field=\"0\" aria-label=\"P\u00e1gina 1\"  \/><\/li><li class=\"frm_rootline_single\"><input type=\"button\" value=\"2\" data-page=\"4\" class=\"frm_page_skip frm_page_2\" data-field=\"448\" aria-label=\"Page 2\"  \/><\/li><li class=\"frm_rootline_single\"><input type=\"button\" value=\"3\" data-page=\"10\" class=\"frm_page_skip frm_page_3\" data-field=\"450\" aria-label=\"Page 3\"  \/><\/li><li class=\"frm_rootline_single\"><input type=\"button\" value=\"4\" data-page=\"14\" class=\"frm_page_skip frm_page_4\" data-field=\"452\" aria-label=\"Page 4\"  \/><\/li><li class=\"frm_rootline_single\"><input type=\"button\" value=\"5\" data-page=\"18\" class=\"frm_page_skip frm_page_5\" data-field=\"454\" aria-label=\"Page 5\"  \/><\/li><li class=\"frm_rootline_single\"><input type=\"button\" value=\"6\" data-page=\"22\" class=\"frm_page_skip frm_page_6\" data-field=\"456\" aria-label=\"Page 6\"  \/><\/li><li class=\"frm_rootline_single\"><input type=\"button\" value=\"7\" data-page=\"26\" class=\"frm_page_skip frm_page_7\" data-field=\"458\" aria-label=\"Page 7\"  \/><\/li><li class=\"frm_rootline_single\"><input type=\"button\" value=\"8\" data-page=\"30\" class=\"frm_page_skip frm_page_8\" data-field=\"460\" aria-label=\"Page 8\"  \/><\/li><li class=\"frm_rootline_single\"><input type=\"button\" value=\"9\" data-page=\"34\" class=\"frm_page_skip frm_page_9\" data-field=\"462\" aria-label=\"Page 9\"  \/><\/li><\/ul><div class=\"frm_clearfix\"><\/div><\/div><legend class=\"frm_screen_reader\">Auditoria Smart Factory (Supercharge)<\/legend>\r\n\r\n<div class=\"frm_fields_container\">\n<input type=\"hidden\" name=\"frm_action\" value=\"create\" \/>\n<input type=\"hidden\" name=\"form_id\" value=\"48\" \/>\n<input type=\"hidden\" name=\"frm_hide_fields_48\" id=\"frm_hide_fields_48\" value=\"\" \/>\n<input type=\"hidden\" name=\"form_key\" value=\"auditoria-smart-factory\" \/>\n<input type=\"hidden\" name=\"item_meta[0]\" value=\"\" \/>\n<input type=\"hidden\" id=\"frm_submit_entry_48\" name=\"frm_submit_entry_48\" value=\"eb9a842935\" \/><input type=\"hidden\" name=\"_wp_http_referer\" value=\"\/pl\/wp-json\/wp\/v2\/pages\/82\" \/><div id=\"frm_field_447_container\" class=\"frm_form_field  frm_html_container form-field\">\n<div class=\"red-line-column\">\n<div class=\"col-inner\">\n<h2><span class=\"ls-pretitle fw-300 uppercase\">Wirtualny Audyt<\/span>Smart Factory<\/h2>\n<\/div>\n<\/div>\n<p class=\"audit-p\">Poni\u017csze pytania maj\u0105 na celu ocen\u0119 obecnej sytuacji firmy i zidentyfikowanie obszar\u00f3w wymagaj\u0105cych poprawy w celu przej\u015bcia do Smart Factory.<\/p>\n<\/div>\n<input type=\"hidden\" name=\"frm_page_order_48\" id=\"frm_page_order_48\" value=\"4\" \/>\t\t<input  type=\"hidden\" name=\"item_meta[514]\" id=\"field_sy92s-0\" value=\"\"     \/>\n\t\t\t\t<input  type=\"hidden\" name=\"item_meta[450]\" id=\"field_9ijz82\" value=\"\"     \/>\n\t\t\t\t<input  type=\"hidden\" name=\"item_meta[451]\" id=\"field_tefpb2-0\" value=\"\"     \/>\n\t\t\t\t<input  type=\"hidden\" name=\"item_meta[452]\" id=\"field_ykjjd2\" value=\"\"     \/>\n\t\t\t\t<input  type=\"hidden\" name=\"item_meta[453]\" id=\"field_8q5l4-0\" value=\"\"     \/>\n\t\t\t\t<input  type=\"hidden\" name=\"item_meta[454]\" id=\"field_5hugs2\" value=\"\"     \/>\n\t\t\t\t<input  type=\"hidden\" name=\"item_meta[455]\" id=\"field_i1jr5-0\" value=\"\"     \/>\n\t\t\t\t<input  type=\"hidden\" name=\"item_meta[456]\" id=\"field_12ojt2\" value=\"\"     \/>\n\t\t\t\t<input  type=\"hidden\" name=\"item_meta[457]\" id=\"field_ace72-0\" value=\"\"     \/>\n\t\t\t\t<input  type=\"hidden\" name=\"item_meta[458]\" id=\"field_g1xxd2\" value=\"\"     \/>\n\t\t\t\t<input  type=\"hidden\" name=\"item_meta[459]\" id=\"field_lugvj-0\" value=\"\"     \/>\n\t\t\t\t<input  type=\"hidden\" name=\"item_meta[460]\" id=\"field_dqm0z\" value=\"\"     \/>\n\t\t\t\t<input  type=\"hidden\" name=\"item_meta[461]\" id=\"field_s16mz-0\" value=\"\"     \/>\n\t\t\t\t<input  type=\"hidden\" name=\"item_meta[462]\" id=\"field_cql4x\" value=\"\"     \/>\n\t\t\t\t<input  type=\"hidden\" name=\"item_meta[463]\" id=\"field_u8pw\" value=\"\"     \/>\n\t\t\t\t<input  type=\"hidden\" name=\"item_meta[464]\" id=\"field_biwm72\" value=\"\"  autocomplete=\"email\"     \/>\n\t\t\t\t<input  type=\"hidden\" name=\"item_meta[465]\" id=\"field_tdyh02\" value=\"\"     \/>\n\t\t\t\t<input  type=\"hidden\" name=\"item_meta[466]\" id=\"field_fxa8x2\" value=\"\"     \/>\n\t\t\t\t<input  type=\"hidden\" name=\"item_meta[467]\" id=\"field_qhhl92\" value=\"Poland\"  data-placeholder=\"Kraj *\"  data-frmval=\"Poland\"   \/>\n\t\t\t\t<input  type=\"hidden\" name=\"item_meta[513]\" id=\"field_qiqnx-0\" value=\"\"     \/>\n\t\t\t\t<input  type=\"hidden\" name=\"item_meta[468]\" id=\"field_enviar2\" value=\"\"     \/>\n\t\t\t<input type=\"hidden\" name=\"item_key\" value=\"\" \/>\n\t\t\t<div id=\"frm_field_530_container\">\n\t\t\t<label for=\"field_sy49i\" >\n\t\t\t\tJe\u017celi jeste\u015b cz\u0142owiekiem, zostaw to pole puste.\t\t\t<\/label>\n\t\t\t<input  id=\"field_sy49i\" type=\"text\" class=\"frm_form_field form-field frm_verify\" name=\"item_meta[530]\" value=\"\"  \/>\n\t\t<\/div>\n\t\t<input name=\"frm_state\" type=\"hidden\" value=\"XQOKM90LMrNAc2O73Juz6Y\/p+v\/eD+UQXprvWrg+pD4duf3YtdGVKMzhoxVp2d0v\" \/><div class=\"frm_submit frm_flex\">\r\n<button class=\"frm_button_submit button primary icon-right-button arrow-right\" type=\"submit\"  ><span>ZACZYNA\u0106<\/span><\/button>\r\n\r\n\r\n\r\n<\/div><\/div>\n<\/fieldset>\n<\/div>\n\n<\/form>\n<\/div>\n\n\n\t\t<\/div>\n\t\t\t\t\t<\/div>\n\n\t\n<\/div>\n\t\t<\/div>\n\n\t\t\n<style>\n#section_540318660 {\n  padding-top: 0px;\n  padding-bottom: 0px;\n  min-height: 85vh;\n}\n<\/style>\n\t<\/section>\n\t\n","protected":false},"excerpt":{"rendered":"","protected":false},"author":1,"featured_media":3461,"parent":0,"menu_order":0,"comment_status":"closed","ping_status":"closed","template":"","meta":{"footnotes":""},"class_list":["post-82","page","type-page","status-publish","has-post-thumbnail","hentry"],"acf":[],"yoast_head":"<!-- This site is optimized with the Yoast SEO plugin v27.6 - https:\/\/yoast.com\/product\/yoast-seo-wordpress\/ -->\n<title>Wirtualny audyt inteligentnej fabryki | TCI Cutting<\/title>\n<meta name=\"description\" content=\"Przeprowadzenie wirtualnego audytu Smart Factory w celu oceny bie\u017c\u0105cej sytuacji firmy. Okre\u015blenie obszar\u00f3w wymagaj\u0105cych poprawy w celu przej\u015bcia do Smart Factory.\" \/>\n<meta name=\"robots\" content=\"index, follow, max-snippet:-1, max-image-preview:large, max-video-preview:-1\" \/>\n<link rel=\"canonical\" href=\"https:\/\/www.tcicutting.com\/pl\/audyt-wirtualny-inteligentna-fabryka\/\" \/>\n<meta property=\"og:locale\" content=\"pl_PL\" \/>\n<meta property=\"og:type\" content=\"article\" \/>\n<meta property=\"og:title\" content=\"Wirtualny audyt inteligentnej fabryki | TCI Cutting\" \/>\n<meta property=\"og:description\" content=\"Przeprowadzenie wirtualnego audytu Smart Factory w celu oceny bie\u017c\u0105cej sytuacji firmy. Okre\u015blenie obszar\u00f3w wymagaj\u0105cych poprawy w celu przej\u015bcia do Smart Factory.\" \/>\n<meta property=\"og:url\" content=\"https:\/\/www.tcicutting.com\/pl\/audyt-wirtualny-inteligentna-fabryka\/\" \/>\n<meta property=\"og:site_name\" content=\"TCI Cutting PL\" \/>\n<meta property=\"article:publisher\" content=\"https:\/\/www.facebook.com\/TCICutting\/\" \/>\n<meta property=\"article:modified_time\" content=\"2025-05-28T14:18:47+00:00\" \/>\n<meta property=\"og:image\" content=\"https:\/\/www.tcicutting.com\/pl\/wp-content\/uploads\/sites\/9\/2024\/04\/TCI-Cutting-Smart-Factory.jpg\" \/>\n\t<meta property=\"og:image:width\" content=\"1400\" \/>\n\t<meta property=\"og:image:height\" content=\"500\" \/>\n\t<meta property=\"og:image:type\" content=\"image\/jpeg\" \/>\n<meta name=\"twitter:card\" content=\"summary_large_image\" \/>\n<meta name=\"twitter:site\" content=\"@tcicutting\" \/>\n<meta name=\"twitter:label1\" content=\"Szacowany czas czytania\" \/>\n\t<meta name=\"twitter:data1\" content=\"1 minuta\" \/>\n<script type=\"application\/ld+json\" class=\"yoast-schema-graph\">{\"@context\":\"https:\\\/\\\/schema.org\",\"@graph\":[{\"@type\":\"WebPage\",\"@id\":\"https:\\\/\\\/www.tcicutting.com\\\/pl\\\/audyt-wirtualny-inteligentna-fabryka\\\/\",\"url\":\"https:\\\/\\\/www.tcicutting.com\\\/pl\\\/audyt-wirtualny-inteligentna-fabryka\\\/\",\"name\":\"Wirtualny audyt inteligentnej fabryki | TCI Cutting\",\"isPartOf\":{\"@id\":\"https:\\\/\\\/www.tcicutting.com\\\/pl\\\/#website\"},\"primaryImageOfPage\":{\"@id\":\"https:\\\/\\\/www.tcicutting.com\\\/pl\\\/audyt-wirtualny-inteligentna-fabryka\\\/#primaryimage\"},\"image\":{\"@id\":\"https:\\\/\\\/www.tcicutting.com\\\/pl\\\/audyt-wirtualny-inteligentna-fabryka\\\/#primaryimage\"},\"thumbnailUrl\":\"https:\\\/\\\/www.tcicutting.com\\\/pl\\\/wp-content\\\/uploads\\\/sites\\\/9\\\/2024\\\/04\\\/TCI-Cutting-Smart-Factory.jpg\",\"datePublished\":\"2023-12-01T09:49:03+00:00\",\"dateModified\":\"2025-05-28T14:18:47+00:00\",\"description\":\"Przeprowadzenie wirtualnego audytu Smart Factory w celu oceny bie\u017c\u0105cej sytuacji firmy. Okre\u015blenie obszar\u00f3w wymagaj\u0105cych poprawy w celu przej\u015bcia do Smart Factory.\",\"breadcrumb\":{\"@id\":\"https:\\\/\\\/www.tcicutting.com\\\/pl\\\/audyt-wirtualny-inteligentna-fabryka\\\/#breadcrumb\"},\"inLanguage\":\"pl-PL\",\"potentialAction\":[{\"@type\":\"ReadAction\",\"target\":[\"https:\\\/\\\/www.tcicutting.com\\\/pl\\\/audyt-wirtualny-inteligentna-fabryka\\\/\"]}]},{\"@type\":\"ImageObject\",\"inLanguage\":\"pl-PL\",\"@id\":\"https:\\\/\\\/www.tcicutting.com\\\/pl\\\/audyt-wirtualny-inteligentna-fabryka\\\/#primaryimage\",\"url\":\"https:\\\/\\\/www.tcicutting.com\\\/pl\\\/wp-content\\\/uploads\\\/sites\\\/9\\\/2024\\\/04\\\/TCI-Cutting-Smart-Factory.jpg\",\"contentUrl\":\"https:\\\/\\\/www.tcicutting.com\\\/pl\\\/wp-content\\\/uploads\\\/sites\\\/9\\\/2024\\\/04\\\/TCI-Cutting-Smart-Factory.jpg\",\"width\":1400,\"height\":500},{\"@type\":\"BreadcrumbList\",\"@id\":\"https:\\\/\\\/www.tcicutting.com\\\/pl\\\/audyt-wirtualny-inteligentna-fabryka\\\/#breadcrumb\",\"itemListElement\":[{\"@type\":\"ListItem\",\"position\":1,\"name\":\"Home\",\"item\":\"https:\\\/\\\/www.tcicutting.com\\\/pl\\\/\"},{\"@type\":\"ListItem\",\"position\":2,\"name\":\"Auditor\u00eda virtual Smart Factory\"}]},{\"@type\":\"WebSite\",\"@id\":\"https:\\\/\\\/www.tcicutting.com\\\/pl\\\/#website\",\"url\":\"https:\\\/\\\/www.tcicutting.com\\\/pl\\\/\",\"name\":\"TCI Cutting\",\"description\":\"\",\"publisher\":{\"@id\":\"https:\\\/\\\/www.tcicutting.com\\\/pl\\\/#organization\"},\"alternateName\":\"TCI Cutting PL\",\"potentialAction\":[{\"@type\":\"SearchAction\",\"target\":{\"@type\":\"EntryPoint\",\"urlTemplate\":\"https:\\\/\\\/www.tcicutting.com\\\/pl\\\/?s={search_term_string}\"},\"query-input\":{\"@type\":\"PropertyValueSpecification\",\"valueRequired\":true,\"valueName\":\"search_term_string\"}}],\"inLanguage\":\"pl-PL\"},{\"@type\":\"Organization\",\"@id\":\"https:\\\/\\\/www.tcicutting.com\\\/pl\\\/#organization\",\"name\":\"TCI Cutting\",\"alternateName\":\"TCI Cutting PL\",\"url\":\"https:\\\/\\\/www.tcicutting.com\\\/pl\\\/\",\"logo\":{\"@type\":\"ImageObject\",\"inLanguage\":\"pl-PL\",\"@id\":\"https:\\\/\\\/www.tcicutting.com\\\/pl\\\/#\\\/schema\\\/logo\\\/image\\\/\",\"url\":\"https:\\\/\\\/www.tcicutting.com\\\/pl\\\/wp-content\\\/uploads\\\/sites\\\/9\\\/2024\\\/05\\\/logo-tci.png\",\"contentUrl\":\"https:\\\/\\\/www.tcicutting.com\\\/pl\\\/wp-content\\\/uploads\\\/sites\\\/9\\\/2024\\\/05\\\/logo-tci.png\",\"width\":1200,\"height\":675,\"caption\":\"TCI Cutting\"},\"image\":{\"@id\":\"https:\\\/\\\/www.tcicutting.com\\\/pl\\\/#\\\/schema\\\/logo\\\/image\\\/\"},\"sameAs\":[\"https:\\\/\\\/www.facebook.com\\\/TCICutting\\\/\",\"https:\\\/\\\/x.com\\\/tcicutting\",\"https:\\\/\\\/www.instagram.com\\\/tcicutting\\\/\",\"https:\\\/\\\/www.linkedin.com\\\/company\\\/tci-cutting-waterjet&laser-system\\\/\"]}]}<\/script>\n<!-- \/ Yoast SEO plugin. -->","yoast_head_json":{"title":"Wirtualny audyt inteligentnej fabryki | TCI Cutting","description":"Przeprowadzenie wirtualnego audytu Smart Factory w celu oceny bie\u017c\u0105cej sytuacji firmy. Okre\u015blenie obszar\u00f3w wymagaj\u0105cych poprawy w celu przej\u015bcia do Smart Factory.","robots":{"index":"index","follow":"follow","max-snippet":"max-snippet:-1","max-image-preview":"max-image-preview:large","max-video-preview":"max-video-preview:-1"},"canonical":"https:\/\/www.tcicutting.com\/pl\/audyt-wirtualny-inteligentna-fabryka\/","og_locale":"pl_PL","og_type":"article","og_title":"Wirtualny audyt inteligentnej fabryki | TCI Cutting","og_description":"Przeprowadzenie wirtualnego audytu Smart Factory w celu oceny bie\u017c\u0105cej sytuacji firmy. Okre\u015blenie obszar\u00f3w wymagaj\u0105cych poprawy w celu przej\u015bcia do Smart Factory.","og_url":"https:\/\/www.tcicutting.com\/pl\/audyt-wirtualny-inteligentna-fabryka\/","og_site_name":"TCI Cutting PL","article_publisher":"https:\/\/www.facebook.com\/TCICutting\/","article_modified_time":"2025-05-28T14:18:47+00:00","og_image":[{"width":1400,"height":500,"url":"https:\/\/www.tcicutting.com\/pl\/wp-content\/uploads\/sites\/9\/2024\/04\/TCI-Cutting-Smart-Factory.jpg","type":"image\/jpeg"}],"twitter_card":"summary_large_image","twitter_site":"@tcicutting","twitter_misc":{"Szacowany czas czytania":"1 minuta"},"schema":{"@context":"https:\/\/schema.org","@graph":[{"@type":"WebPage","@id":"https:\/\/www.tcicutting.com\/pl\/audyt-wirtualny-inteligentna-fabryka\/","url":"https:\/\/www.tcicutting.com\/pl\/audyt-wirtualny-inteligentna-fabryka\/","name":"Wirtualny audyt inteligentnej fabryki | TCI Cutting","isPartOf":{"@id":"https:\/\/www.tcicutting.com\/pl\/#website"},"primaryImageOfPage":{"@id":"https:\/\/www.tcicutting.com\/pl\/audyt-wirtualny-inteligentna-fabryka\/#primaryimage"},"image":{"@id":"https:\/\/www.tcicutting.com\/pl\/audyt-wirtualny-inteligentna-fabryka\/#primaryimage"},"thumbnailUrl":"https:\/\/www.tcicutting.com\/pl\/wp-content\/uploads\/sites\/9\/2024\/04\/TCI-Cutting-Smart-Factory.jpg","datePublished":"2023-12-01T09:49:03+00:00","dateModified":"2025-05-28T14:18:47+00:00","description":"Przeprowadzenie wirtualnego audytu Smart Factory w celu oceny bie\u017c\u0105cej sytuacji firmy. Okre\u015blenie obszar\u00f3w wymagaj\u0105cych poprawy w celu przej\u015bcia do Smart Factory.","breadcrumb":{"@id":"https:\/\/www.tcicutting.com\/pl\/audyt-wirtualny-inteligentna-fabryka\/#breadcrumb"},"inLanguage":"pl-PL","potentialAction":[{"@type":"ReadAction","target":["https:\/\/www.tcicutting.com\/pl\/audyt-wirtualny-inteligentna-fabryka\/"]}]},{"@type":"ImageObject","inLanguage":"pl-PL","@id":"https:\/\/www.tcicutting.com\/pl\/audyt-wirtualny-inteligentna-fabryka\/#primaryimage","url":"https:\/\/www.tcicutting.com\/pl\/wp-content\/uploads\/sites\/9\/2024\/04\/TCI-Cutting-Smart-Factory.jpg","contentUrl":"https:\/\/www.tcicutting.com\/pl\/wp-content\/uploads\/sites\/9\/2024\/04\/TCI-Cutting-Smart-Factory.jpg","width":1400,"height":500},{"@type":"BreadcrumbList","@id":"https:\/\/www.tcicutting.com\/pl\/audyt-wirtualny-inteligentna-fabryka\/#breadcrumb","itemListElement":[{"@type":"ListItem","position":1,"name":"Home","item":"https:\/\/www.tcicutting.com\/pl\/"},{"@type":"ListItem","position":2,"name":"Auditor\u00eda virtual Smart Factory"}]},{"@type":"WebSite","@id":"https:\/\/www.tcicutting.com\/pl\/#website","url":"https:\/\/www.tcicutting.com\/pl\/","name":"TCI Cutting","description":"","publisher":{"@id":"https:\/\/www.tcicutting.com\/pl\/#organization"},"alternateName":"TCI Cutting PL","potentialAction":[{"@type":"SearchAction","target":{"@type":"EntryPoint","urlTemplate":"https:\/\/www.tcicutting.com\/pl\/?s={search_term_string}"},"query-input":{"@type":"PropertyValueSpecification","valueRequired":true,"valueName":"search_term_string"}}],"inLanguage":"pl-PL"},{"@type":"Organization","@id":"https:\/\/www.tcicutting.com\/pl\/#organization","name":"TCI Cutting","alternateName":"TCI Cutting PL","url":"https:\/\/www.tcicutting.com\/pl\/","logo":{"@type":"ImageObject","inLanguage":"pl-PL","@id":"https:\/\/www.tcicutting.com\/pl\/#\/schema\/logo\/image\/","url":"https:\/\/www.tcicutting.com\/pl\/wp-content\/uploads\/sites\/9\/2024\/05\/logo-tci.png","contentUrl":"https:\/\/www.tcicutting.com\/pl\/wp-content\/uploads\/sites\/9\/2024\/05\/logo-tci.png","width":1200,"height":675,"caption":"TCI Cutting"},"image":{"@id":"https:\/\/www.tcicutting.com\/pl\/#\/schema\/logo\/image\/"},"sameAs":["https:\/\/www.facebook.com\/TCICutting\/","https:\/\/x.com\/tcicutting","https:\/\/www.instagram.com\/tcicutting\/","https:\/\/www.linkedin.com\/company\/tci-cutting-waterjet&laser-system\/"]}]}},"_links":{"self":[{"href":"https:\/\/www.tcicutting.com\/pl\/wp-json\/wp\/v2\/pages\/82","targetHints":{"allow":["GET"]}}],"collection":[{"href":"https:\/\/www.tcicutting.com\/pl\/wp-json\/wp\/v2\/pages"}],"about":[{"href":"https:\/\/www.tcicutting.com\/pl\/wp-json\/wp\/v2\/types\/page"}],"author":[{"embeddable":true,"href":"https:\/\/www.tcicutting.com\/pl\/wp-json\/wp\/v2\/users\/1"}],"replies":[{"embeddable":true,"href":"https:\/\/www.tcicutting.com\/pl\/wp-json\/wp\/v2\/comments?post=82"}],"version-history":[{"count":2,"href":"https:\/\/www.tcicutting.com\/pl\/wp-json\/wp\/v2\/pages\/82\/revisions"}],"predecessor-version":[{"id":5009,"href":"https:\/\/www.tcicutting.com\/pl\/wp-json\/wp\/v2\/pages\/82\/revisions\/5009"}],"wp:featuredmedia":[{"embeddable":true,"href":"https:\/\/www.tcicutting.com\/pl\/wp-json\/wp\/v2\/media\/3461"}],"wp:attachment":[{"href":"https:\/\/www.tcicutting.com\/pl\/wp-json\/wp\/v2\/media?parent=82"}],"curies":[{"name":"wp","href":"https:\/\/api.w.org\/{rel}","templated":true}]}}