{"id":80,"date":"2023-12-01T13:40:07","date_gmt":"2023-12-01T13:40:07","guid":{"rendered":"https:\/\/tcicutting.com\/auditoria-virtual\/"},"modified":"2025-06-23T12:43:51","modified_gmt":"2025-06-23T11:43:51","slug":"audyt-wirtualny","status":"publish","type":"page","link":"https:\/\/www.tcicutting.com\/pl\/audyt-wirtualny\/","title":{"rendered":"Auditor\u00eda Virtual"},"content":{"rendered":"\t<section class=\"section form-auditoria-section\" id=\"section_704527165\">\n\t\t<div class=\"bg section-bg fill bg-fill  bg-loaded\" >\n\n\t\t\t\n\t\t\t\n\t\t\t\n\n\t\t<\/div>\n\n\t\t\n\n\t\t<div class=\"section-content relative\">\n\t\t\t\n<div class=\"row\"  id=\"row-228080200\">\n\n\t<div id=\"col-1177427190\" class=\"col small-12 large-12\"  >\n\t\t\t\t<div class=\"col-inner\"  >\n\t\t\t\n\t\t\t\n\n<div class=\"frm_forms  with_frm_style frm_style_formidable-style\" id=\"frm_form_47_container\" data-token=\"2e736b655c94f1aa1c1bc12ced9dec3a\">\n<form enctype=\"multipart\/form-data\" method=\"post\" class=\"frm-show-form  frm_pro_form  frm_slideup \" id=\"form_auditoria-virtual-v2\" data-token=\"2e736b655c94f1aa1c1bc12ced9dec3a\">\n<div class=\"frm_form_fields  frm_page_num_1\">\n<fieldset>\n<div class=\"frm_rootline_group\" role=\"group\" tabindex=\"0\" aria-label=\"Page 1 of 7\" ><ul class=\"frm_page_bar frm_rootline_7 frm_progress frm_progress_line frm_no_numbers frm_show_lines \"><li class=\"frm_rootline_single frm_current_page\"><input type=\"button\" value=\"1\" data-page=\"\" class=\" frm_page_1\" aria-disabled=\"true\" data-field=\"0\" aria-label=\"P\u00e1gina 1\"  \/><\/li><li class=\"frm_rootline_single\"><input type=\"button\" value=\"2\" data-page=\"4\" class=\"frm_page_skip frm_page_2\" data-field=\"430\" aria-label=\"Page 2\"  \/><\/li><li class=\"frm_rootline_single\"><input type=\"button\" value=\"3\" data-page=\"8\" class=\"frm_page_skip frm_page_3\" data-field=\"432\" aria-label=\"Page 3\"  \/><\/li><li class=\"frm_rootline_single\"><input type=\"button\" value=\"4\" data-page=\"12\" class=\"frm_page_skip frm_page_4\" data-field=\"434\" aria-label=\"Page 4\"  \/><\/li><li class=\"frm_rootline_single\"><input type=\"button\" value=\"5\" data-page=\"16\" class=\"frm_page_skip frm_page_5\" data-field=\"436\" aria-label=\"Page 5\"  \/><\/li><li class=\"frm_rootline_single\"><input type=\"button\" value=\"6\" data-page=\"20\" class=\"frm_page_skip frm_page_6\" data-field=\"438\" aria-label=\"Page 6\"  \/><\/li><li class=\"frm_rootline_single\"><input type=\"button\" value=\"7\" data-page=\"24\" class=\"frm_page_skip frm_page_7\" data-field=\"440\" aria-label=\"Page 7\"  \/><\/li><\/ul><div class=\"frm_clearfix\"><\/div><\/div><legend class=\"frm_screen_reader\">Auditoria Virtual V2<\/legend>\r\n\r\n<div class=\"frm_fields_container\">\n<input type=\"hidden\" name=\"frm_action\" value=\"create\" \/>\n<input type=\"hidden\" name=\"form_id\" value=\"47\" \/>\n<input type=\"hidden\" name=\"frm_hide_fields_47\" id=\"frm_hide_fields_47\" value=\"\" \/>\n<input type=\"hidden\" name=\"form_key\" value=\"auditoria-virtual-v2\" \/>\n<input type=\"hidden\" name=\"item_meta[0]\" value=\"\" \/>\n<input type=\"hidden\" id=\"frm_submit_entry_47\" name=\"frm_submit_entry_47\" value=\"df758e6483\" \/><input type=\"hidden\" name=\"_wp_http_referer\" value=\"\/pl\/wp-json\/wp\/v2\/pages\/80\" \/><div id=\"frm_field_429_container\" class=\"frm_form_field  frm_html_container form-field\">\n<div class=\"red-line-column\">\n<div class=\"col-inner\">\n<h2><span class=\"ls-pretitle fw-300 uppercase\">WIRTUALNY AUDYT<\/span>Maszyna do ci\u0119cia<\/h2>\n<\/div>\n<\/div>\n<p class=\"audit-p\">Zaprojektowali\u015bmy seri\u0119 pyta\u0144, aby zidentyfikowa\u0107 potrzeby ci\u0119cia i poinformowa\u0107 o aspektach, kt\u00f3re nale\u017cy poprawi\u0107 w procesie produkcyjnym.<br \/>\nDzi\u0119ki twoim odpowiedziom nasz zesp\u00f3\u0142 ekspert\u00f3w opracuje najlepsze dla ciebie rozwi\u0105zanie w zakresie ci\u0119cia.<br \/>\nMaszyny do ci\u0119cia, dostosowane rozwi\u0105zania automatyzacji i inteligentne oprogramowanie, aby by\u0107 bardziej konkurencyjnym, produktywnym i efektywnym kosztowo.<\/p>\n<\/div>\n<input type=\"hidden\" name=\"frm_page_order_47\" id=\"frm_page_order_47\" value=\"4\" \/><input type=\"hidden\" name=\"item_meta[431]\" id=\"field_hubmj-0\" value=\"\"     \/>\n<input type=\"hidden\" name=\"item_meta[432]\" id=\"field_9ijz8\" value=\"\"     \/>\n<input type=\"hidden\" name=\"item_meta[433]\" id=\"field_tefpb-0\" value=\"\"     \/>\n<input type=\"hidden\" name=\"item_meta[434]\" id=\"field_ykjjd\" value=\"\"     \/>\n<input type=\"hidden\" name=\"item_meta[435]\" id=\"field_v31kh-0\" value=\"\"     \/>\n<input type=\"hidden\" name=\"item_meta[436]\" id=\"field_5hugs\" value=\"\"     \/>\n<input type=\"hidden\" name=\"item_meta[437]\" id=\"field_8k5co-0\" value=\"\"     \/>\n<input type=\"hidden\" name=\"item_meta[438]\" id=\"field_12ojt\" value=\"\"     \/>\n<input type=\"hidden\" name=\"item_meta[439]\" id=\"field_b91qz-0\" value=\"\"     \/>\n<input type=\"hidden\" name=\"item_meta[440]\" id=\"field_g1xxd\" value=\"\"     \/>\n<input type=\"hidden\" name=\"item_meta[441]\" id=\"field_u8pw2\" value=\"\"     \/>\n<input type=\"hidden\" name=\"item_meta[442]\" id=\"field_biwm7\" value=\"\"  autocomplete=\"email\"     \/>\n<input type=\"hidden\" name=\"item_meta[443]\" id=\"field_tdyh0\" value=\"\"     \/>\n<input type=\"hidden\" name=\"item_meta[444]\" id=\"field_fxa8x\" value=\"\"     \/>\n<input type=\"hidden\" name=\"item_meta[445]\" id=\"field_qhhl9\" value=\"Poland\"  data-placeholder=\"Kraj *\"  data-frmval=\"Poland\"   \/>\n<input type=\"hidden\" name=\"item_meta[446]\" id=\"field_enviar\" value=\"\"     \/>\n\t<input type=\"hidden\" name=\"item_key\" value=\"\" \/>\n\t\t\t<div id=\"frm_field_530_container\">\n\t\t\t<label for=\"field_hlzia\" >\n\t\t\t\tJe\u017celi jeste\u015b cz\u0142owiekiem, zostaw to pole puste.\t\t\t<\/label>\n\t\t\t<input  id=\"field_hlzia\" type=\"text\" class=\"frm_form_field form-field frm_verify\" name=\"item_meta[530]\" value=\"\"  \/>\n\t\t<\/div>\n\t\t<input name=\"frm_state\" type=\"hidden\" value=\"XQOKM90LMrNAc2O73Juz6ZjiLOPhy\/mGtefxCJ3\/cTYduf3YtdGVKMzhoxVp2d0v\" \/><div class=\"frm_submit frm_flex\">\r\n<button class=\"frm_button_submit button primary icon-right-button arrow-right\" type=\"submit\"  ><span>ZACZYNA\u0106<\/span><\/button>\r\n\r\n\r\n\r\n<\/div><\/div>\n<\/fieldset>\n<\/div>\n\n<\/form>\n<\/div>\n\n\n\t\t<\/div>\n\t\t\t\t\t<\/div>\n\n\t\n<\/div>\n\t\t<\/div>\n\n\t\t\n<style>\n#section_704527165 {\n  padding-top: 0px;\n  padding-bottom: 0px;\n  min-height: 85vh;\n}\n<\/style>\n\t<\/section>\n\t\n","protected":false},"excerpt":{"rendered":"","protected":false},"author":1,"featured_media":4289,"parent":0,"menu_order":0,"comment_status":"closed","ping_status":"closed","template":"","meta":{"footnotes":""},"class_list":["post-80","page","type-page","status-publish","has-post-thumbnail","hentry"],"acf":[],"yoast_head":"<!-- This site is optimized with the Yoast SEO plugin v27.1.1 - https:\/\/yoast.com\/product\/yoast-seo-wordpress\/ -->\n<title>Wirtualny Audyt Maszyna do ci\u0119cia | TCI Cutting<\/title>\n<meta name=\"description\" content=\"Dzi\u0119ki naszemu wirtualnemu audytowi oferujemy najlepsze rozwi\u0105zanie do ci\u0119cia. Identyfikujemy potrzeby w zakresie ci\u0119cia za pomoc\u0105 serii pyta\u0144.\" \/>\n<meta name=\"robots\" content=\"index, follow, max-snippet:-1, max-image-preview:large, max-video-preview:-1\" \/>\n<link rel=\"canonical\" href=\"https:\/\/www.tcicutting.com\/pl\/audyt-wirtualny\/\" \/>\n<meta property=\"og:locale\" content=\"pl_PL\" \/>\n<meta property=\"og:type\" content=\"article\" \/>\n<meta property=\"og:title\" content=\"Wirtualny Audyt Maszyna do ci\u0119cia | TCI Cutting\" \/>\n<meta property=\"og:description\" content=\"Dzi\u0119ki naszemu wirtualnemu audytowi oferujemy najlepsze rozwi\u0105zanie do ci\u0119cia. Identyfikujemy potrzeby w zakresie ci\u0119cia za pomoc\u0105 serii pyta\u0144.\" \/>\n<meta property=\"og:url\" content=\"https:\/\/www.tcicutting.com\/pl\/audyt-wirtualny\/\" \/>\n<meta property=\"og:site_name\" content=\"TCI Cutting PL\" \/>\n<meta property=\"article:publisher\" content=\"https:\/\/www.facebook.com\/TCICutting\/\" \/>\n<meta property=\"article:modified_time\" content=\"2025-06-23T11:43:51+00:00\" \/>\n<meta property=\"og:image\" content=\"https:\/\/www.tcicutting.com\/pl\/wp-content\/uploads\/sites\/9\/2024\/10\/maquinas-corte-home.jpg\" \/>\n\t<meta property=\"og:image:width\" content=\"595\" \/>\n\t<meta property=\"og:image:height\" content=\"460\" \/>\n\t<meta property=\"og:image:type\" content=\"image\/jpeg\" \/>\n<meta name=\"twitter:card\" content=\"summary_large_image\" \/>\n<meta name=\"twitter:site\" content=\"@tcicutting\" \/>\n<meta name=\"twitter:label1\" content=\"Szacowany czas czytania\" \/>\n\t<meta name=\"twitter:data1\" content=\"1 minuta\" \/>\n<script type=\"application\/ld+json\" class=\"yoast-schema-graph\">{\"@context\":\"https:\/\/schema.org\",\"@graph\":[{\"@type\":\"WebPage\",\"@id\":\"https:\/\/www.tcicutting.com\/pl\/audyt-wirtualny\/\",\"url\":\"https:\/\/www.tcicutting.com\/pl\/audyt-wirtualny\/\",\"name\":\"Wirtualny Audyt Maszyna do ci\u0119cia | TCI Cutting\",\"isPartOf\":{\"@id\":\"https:\/\/www.tcicutting.com\/pl\/#website\"},\"primaryImageOfPage\":{\"@id\":\"https:\/\/www.tcicutting.com\/pl\/audyt-wirtualny\/#primaryimage\"},\"image\":{\"@id\":\"https:\/\/www.tcicutting.com\/pl\/audyt-wirtualny\/#primaryimage\"},\"thumbnailUrl\":\"https:\/\/www.tcicutting.com\/pl\/wp-content\/uploads\/sites\/9\/2024\/10\/maquinas-corte-home.jpg\",\"datePublished\":\"2023-12-01T13:40:07+00:00\",\"dateModified\":\"2025-06-23T11:43:51+00:00\",\"description\":\"Dzi\u0119ki naszemu wirtualnemu audytowi oferujemy najlepsze rozwi\u0105zanie do ci\u0119cia. Identyfikujemy potrzeby w zakresie ci\u0119cia za pomoc\u0105 serii pyta\u0144.\",\"breadcrumb\":{\"@id\":\"https:\/\/www.tcicutting.com\/pl\/audyt-wirtualny\/#breadcrumb\"},\"inLanguage\":\"pl-PL\",\"potentialAction\":[{\"@type\":\"ReadAction\",\"target\":[\"https:\/\/www.tcicutting.com\/pl\/audyt-wirtualny\/\"]}]},{\"@type\":\"ImageObject\",\"inLanguage\":\"pl-PL\",\"@id\":\"https:\/\/www.tcicutting.com\/pl\/audyt-wirtualny\/#primaryimage\",\"url\":\"https:\/\/www.tcicutting.com\/pl\/wp-content\/uploads\/sites\/9\/2024\/10\/maquinas-corte-home.jpg\",\"contentUrl\":\"https:\/\/www.tcicutting.com\/pl\/wp-content\/uploads\/sites\/9\/2024\/10\/maquinas-corte-home.jpg\",\"width\":595,\"height\":460},{\"@type\":\"BreadcrumbList\",\"@id\":\"https:\/\/www.tcicutting.com\/pl\/audyt-wirtualny\/#breadcrumb\",\"itemListElement\":[{\"@type\":\"ListItem\",\"position\":1,\"name\":\"Home\",\"item\":\"https:\/\/www.tcicutting.com\/pl\/\"},{\"@type\":\"ListItem\",\"position\":2,\"name\":\"Auditor\u00eda Virtual\"}]},{\"@type\":\"WebSite\",\"@id\":\"https:\/\/www.tcicutting.com\/pl\/#website\",\"url\":\"https:\/\/www.tcicutting.com\/pl\/\",\"name\":\"TCI Cutting\",\"description\":\"\",\"publisher\":{\"@id\":\"https:\/\/www.tcicutting.com\/pl\/#organization\"},\"alternateName\":\"TCI Cutting PL\",\"potentialAction\":[{\"@type\":\"SearchAction\",\"target\":{\"@type\":\"EntryPoint\",\"urlTemplate\":\"https:\/\/www.tcicutting.com\/pl\/?s={search_term_string}\"},\"query-input\":{\"@type\":\"PropertyValueSpecification\",\"valueRequired\":true,\"valueName\":\"search_term_string\"}}],\"inLanguage\":\"pl-PL\"},{\"@type\":\"Organization\",\"@id\":\"https:\/\/www.tcicutting.com\/pl\/#organization\",\"name\":\"TCI Cutting\",\"alternateName\":\"TCI Cutting PL\",\"url\":\"https:\/\/www.tcicutting.com\/pl\/\",\"logo\":{\"@type\":\"ImageObject\",\"inLanguage\":\"pl-PL\",\"@id\":\"https:\/\/www.tcicutting.com\/pl\/#\/schema\/logo\/image\/\",\"url\":\"https:\/\/www.tcicutting.com\/pl\/wp-content\/uploads\/sites\/9\/2024\/05\/logo-tci.png\",\"contentUrl\":\"https:\/\/www.tcicutting.com\/pl\/wp-content\/uploads\/sites\/9\/2024\/05\/logo-tci.png\",\"width\":1200,\"height\":675,\"caption\":\"TCI Cutting\"},\"image\":{\"@id\":\"https:\/\/www.tcicutting.com\/pl\/#\/schema\/logo\/image\/\"},\"sameAs\":[\"https:\/\/www.facebook.com\/TCICutting\/\",\"https:\/\/x.com\/tcicutting\",\"https:\/\/www.instagram.com\/tcicutting\/\",\"https:\/\/www.linkedin.com\/company\/tci-cutting-waterjet&laser-system\/\"]}]}<\/script>\n<!-- \/ Yoast SEO plugin. -->","yoast_head_json":{"title":"Wirtualny Audyt Maszyna do ci\u0119cia | TCI Cutting","description":"Dzi\u0119ki naszemu wirtualnemu audytowi oferujemy najlepsze rozwi\u0105zanie do ci\u0119cia. Identyfikujemy potrzeby w zakresie ci\u0119cia za pomoc\u0105 serii pyta\u0144.","robots":{"index":"index","follow":"follow","max-snippet":"max-snippet:-1","max-image-preview":"max-image-preview:large","max-video-preview":"max-video-preview:-1"},"canonical":"https:\/\/www.tcicutting.com\/pl\/audyt-wirtualny\/","og_locale":"pl_PL","og_type":"article","og_title":"Wirtualny Audyt Maszyna do ci\u0119cia | TCI Cutting","og_description":"Dzi\u0119ki naszemu wirtualnemu audytowi oferujemy najlepsze rozwi\u0105zanie do ci\u0119cia. Identyfikujemy potrzeby w zakresie ci\u0119cia za pomoc\u0105 serii pyta\u0144.","og_url":"https:\/\/www.tcicutting.com\/pl\/audyt-wirtualny\/","og_site_name":"TCI Cutting PL","article_publisher":"https:\/\/www.facebook.com\/TCICutting\/","article_modified_time":"2025-06-23T11:43:51+00:00","og_image":[{"width":595,"height":460,"url":"https:\/\/www.tcicutting.com\/pl\/wp-content\/uploads\/sites\/9\/2024\/10\/maquinas-corte-home.jpg","type":"image\/jpeg"}],"twitter_card":"summary_large_image","twitter_site":"@tcicutting","twitter_misc":{"Szacowany czas czytania":"1 minuta"},"schema":{"@context":"https:\/\/schema.org","@graph":[{"@type":"WebPage","@id":"https:\/\/www.tcicutting.com\/pl\/audyt-wirtualny\/","url":"https:\/\/www.tcicutting.com\/pl\/audyt-wirtualny\/","name":"Wirtualny Audyt Maszyna do ci\u0119cia | TCI Cutting","isPartOf":{"@id":"https:\/\/www.tcicutting.com\/pl\/#website"},"primaryImageOfPage":{"@id":"https:\/\/www.tcicutting.com\/pl\/audyt-wirtualny\/#primaryimage"},"image":{"@id":"https:\/\/www.tcicutting.com\/pl\/audyt-wirtualny\/#primaryimage"},"thumbnailUrl":"https:\/\/www.tcicutting.com\/pl\/wp-content\/uploads\/sites\/9\/2024\/10\/maquinas-corte-home.jpg","datePublished":"2023-12-01T13:40:07+00:00","dateModified":"2025-06-23T11:43:51+00:00","description":"Dzi\u0119ki naszemu wirtualnemu audytowi oferujemy najlepsze rozwi\u0105zanie do ci\u0119cia. Identyfikujemy potrzeby w zakresie ci\u0119cia za pomoc\u0105 serii pyta\u0144.","breadcrumb":{"@id":"https:\/\/www.tcicutting.com\/pl\/audyt-wirtualny\/#breadcrumb"},"inLanguage":"pl-PL","potentialAction":[{"@type":"ReadAction","target":["https:\/\/www.tcicutting.com\/pl\/audyt-wirtualny\/"]}]},{"@type":"ImageObject","inLanguage":"pl-PL","@id":"https:\/\/www.tcicutting.com\/pl\/audyt-wirtualny\/#primaryimage","url":"https:\/\/www.tcicutting.com\/pl\/wp-content\/uploads\/sites\/9\/2024\/10\/maquinas-corte-home.jpg","contentUrl":"https:\/\/www.tcicutting.com\/pl\/wp-content\/uploads\/sites\/9\/2024\/10\/maquinas-corte-home.jpg","width":595,"height":460},{"@type":"BreadcrumbList","@id":"https:\/\/www.tcicutting.com\/pl\/audyt-wirtualny\/#breadcrumb","itemListElement":[{"@type":"ListItem","position":1,"name":"Home","item":"https:\/\/www.tcicutting.com\/pl\/"},{"@type":"ListItem","position":2,"name":"Auditor\u00eda Virtual"}]},{"@type":"WebSite","@id":"https:\/\/www.tcicutting.com\/pl\/#website","url":"https:\/\/www.tcicutting.com\/pl\/","name":"TCI Cutting","description":"","publisher":{"@id":"https:\/\/www.tcicutting.com\/pl\/#organization"},"alternateName":"TCI Cutting PL","potentialAction":[{"@type":"SearchAction","target":{"@type":"EntryPoint","urlTemplate":"https:\/\/www.tcicutting.com\/pl\/?s={search_term_string}"},"query-input":{"@type":"PropertyValueSpecification","valueRequired":true,"valueName":"search_term_string"}}],"inLanguage":"pl-PL"},{"@type":"Organization","@id":"https:\/\/www.tcicutting.com\/pl\/#organization","name":"TCI Cutting","alternateName":"TCI Cutting PL","url":"https:\/\/www.tcicutting.com\/pl\/","logo":{"@type":"ImageObject","inLanguage":"pl-PL","@id":"https:\/\/www.tcicutting.com\/pl\/#\/schema\/logo\/image\/","url":"https:\/\/www.tcicutting.com\/pl\/wp-content\/uploads\/sites\/9\/2024\/05\/logo-tci.png","contentUrl":"https:\/\/www.tcicutting.com\/pl\/wp-content\/uploads\/sites\/9\/2024\/05\/logo-tci.png","width":1200,"height":675,"caption":"TCI Cutting"},"image":{"@id":"https:\/\/www.tcicutting.com\/pl\/#\/schema\/logo\/image\/"},"sameAs":["https:\/\/www.facebook.com\/TCICutting\/","https:\/\/x.com\/tcicutting","https:\/\/www.instagram.com\/tcicutting\/","https:\/\/www.linkedin.com\/company\/tci-cutting-waterjet&laser-system\/"]}]}},"_links":{"self":[{"href":"https:\/\/www.tcicutting.com\/pl\/wp-json\/wp\/v2\/pages\/80","targetHints":{"allow":["GET"]}}],"collection":[{"href":"https:\/\/www.tcicutting.com\/pl\/wp-json\/wp\/v2\/pages"}],"about":[{"href":"https:\/\/www.tcicutting.com\/pl\/wp-json\/wp\/v2\/types\/page"}],"author":[{"embeddable":true,"href":"https:\/\/www.tcicutting.com\/pl\/wp-json\/wp\/v2\/users\/1"}],"replies":[{"embeddable":true,"href":"https:\/\/www.tcicutting.com\/pl\/wp-json\/wp\/v2\/comments?post=80"}],"version-history":[{"count":3,"href":"https:\/\/www.tcicutting.com\/pl\/wp-json\/wp\/v2\/pages\/80\/revisions"}],"predecessor-version":[{"id":5007,"href":"https:\/\/www.tcicutting.com\/pl\/wp-json\/wp\/v2\/pages\/80\/revisions\/5007"}],"wp:featuredmedia":[{"embeddable":true,"href":"https:\/\/www.tcicutting.com\/pl\/wp-json\/wp\/v2\/media\/4289"}],"wp:attachment":[{"href":"https:\/\/www.tcicutting.com\/pl\/wp-json\/wp\/v2\/media?parent=80"}],"curies":[{"name":"wp","href":"https:\/\/api.w.org\/{rel}","templated":true}]}}