{"id":76,"date":"2023-12-20T16:39:46","date_gmt":"2023-12-20T16:39:46","guid":{"rendered":"https:\/\/tcicutting.com\/aviso-legal\/"},"modified":"2025-03-25T16:00:09","modified_gmt":"2025-03-25T16:00:09","slug":"informacja-prawna","status":"publish","type":"page","link":"https:\/\/www.tcicutting.com\/pl\/informacja-prawna\/","title":{"rendered":"Aviso legal"},"content":{"rendered":"\t<section class=\"section\" id=\"section_192136034\">\n\t\t<div class=\"bg section-bg fill bg-fill  bg-loaded\" >\n\n\t\t\t\n\t\t\t\n\t\t\t\n\n\t\t<\/div>\n\n\t\t\n\n\t\t<div class=\"section-content relative\">\n\t\t\t\n<div class=\"row\"  id=\"row-83898630\">\n\n\t<div id=\"col-2071793600\" class=\"col small-12 large-12\"  >\n\t\t\t\t<div class=\"col-inner\"  >\n\t\t\t\n\t\t\t\n\t<div id=\"text-162663775\" class=\"text\">\n\t\t\n<h1>Nota prawna<\/h1>\n\t\t\n<style>\n#text-162663775 {\n  font-size: 2.1875rem;\n  line-height: 1.1;\n}\n<\/style>\n\t<\/div>\n\t\n<p>TECHNOLOGIA CI\u0118CIA I IN\u017bYNIERII SL, odpowiedzialna za stron\u0119 internetow\u0105, zwana dalej ODPOWIEDZIALN\u0104, udost\u0119pnia u\u017cytkownikom niniejszy dokument, za pomoc\u0105 kt\u00f3rego zamierza wype\u0142ni\u0107 zobowi\u0105zania okre\u015blone w ustawie 34\/2002 z dnia 11 lipca o us\u0142ugach spo\u0142ecze\u0144stwa informacyjnego i handlu elektronicznym (LSSICE), BOE nr 166, a tak\u017ce poinformowa\u0107 wszystkich u\u017cytkownik\u00f3w strony internetowej o warunkach u\u017cytkowania. Ka\u017cda osoba uzyskuj\u0105ca dost\u0119p do tej strony internetowej przyjmuje rol\u0119 u\u017cytkownika, zobowi\u0105zuj\u0105c si\u0119 do przestrzegania i \u015bcis\u0142ego przestrzegania postanowie\u0144 zawartych w niniejszym dokumencie, a tak\u017ce wszelkich innych przepis\u00f3w prawnych, kt\u00f3re mog\u0105 mie\u0107 zastosowanie. TECHNOLOGIA CI\u0118CIA I IN\u017bYNIERII SL zastrzega sobie prawo do modyfikowania wszelkiego rodzaju informacji, kt\u00f3re mog\u0105 pojawi\u0107 si\u0119 na stronie internetowej, bez obowi\u0105zku wcze\u015bniejszego powiadamiania lub informowania u\u017cytkownik\u00f3w o tych obowi\u0105zkach, przy czym publikacja na stronie internetowej TECHNOLOGIA CI\u0118CIA I IN\u017bYNIERII SL jest rozumiana jako wystarczaj\u0105ca.<\/p>\n<h2>1. DANE IDENTYFIKACYJNE<\/h2>\n<div class=\"custom-list-text\">\n<ul>\n<li><strong>Nazwa domeny: <\/strong>https:\/\/tcicutting.com<\/li>\n<li><strong>Nazwa handlowa: <\/strong> TCICUTTING<\/li>\n<li><strong>Nazwa firmy: <\/strong> TECNOLOGIA DE CORTE E INGENIERIA SL<\/li>\n<li><strong>NIP:<\/strong> B97059133<\/li>\n<li><strong>siedziba: <\/strong>Ulica COLON 113<\/li>\n<li><strong>Telefon:<\/strong>\u00a0962 57 22 90<\/li>\n<li><strong>e-mail:<\/strong> contact@tcicutting.com<\/li>\n<li><strong>Zarejestrowany w rejestrze (handlowym \/ publicznym):<\/strong>  (rejestr handlowy w Walencji)<\/li>\n<\/ul>\n<\/div>\n<h2>2. PRAWA W\u0141ASNO\u015aCI INTELEKTUALNEJ I PRZEMYS\u0141OWEJ<\/h2>\n<p>Strona internetowa, w tym mi\u0119dzy innymi jej programowanie, edycja, kompilacja i inne elementy niezb\u0119dne do jej dzia\u0142ania, projekty, logo, tekst i \/ lub grafika, s\u0105 w\u0142asno\u015bci\u0105 ODPOWIEDZIALNEJ STRONY lub, w stosownych przypadkach, posiadaj\u0105 licencj\u0119 lub wyra\u017ane upowa\u017cnienie od autor\u00f3w. Ca\u0142a zawarto\u015b\u0107 strony internetowej jest nale\u017cycie chroniona przepisami dotycz\u0105cymi w\u0142asno\u015bci intelektualnej i przemys\u0142owej, a tak\u017ce zarejestrowana w odpowiednich rejestrach publicznych. Niezale\u017cnie od celu, dla kt\u00f3rego zosta\u0142y przeznaczone, ca\u0142kowite lub cz\u0119\u015bciowe powielanie, u\u017cytkowanie, wykorzystywanie, dystrybucja i komercjalizacja wymagaj\u0105 w ka\u017cdym przypadku uprzedniej pisemnej zgody ODPOWIEDZIALNEJ STRONY. Ka\u017cde nieautoryzowane u\u017cycie jest uwa\u017cane za powa\u017cne naruszenie praw w\u0142asno\u015bci intelektualnej lub przemys\u0142owej autora.<\/p>\n<p>Projekty, logotypy, teksty i\/lub grafiki, kt\u00f3re nie nale\u017c\u0105 do ODPOWIEDZIALNEGO, a kt\u00f3re mog\u0105 pojawi\u0107 si\u0119 na stronie internetowej, nale\u017c\u0105 do ich odpowiednich w\u0142a\u015bcicieli i to oni s\u0105 odpowiedzialni za wszelkie ewentualne kontrowersje, kt\u00f3re mog\u0105 si\u0119 z nimi wi\u0105za\u0107. ODPOWIEDZIALNY wyra\u017anie upowa\u017cnia strony trzecie do przekierowywania bezpo\u015brednio do okre\u015blonej zawarto\u015bci strony internetowej, a w ka\u017cdym razie do przekierowywania do g\u0142\u00f3wnej strony internetowej https:\/\/www.tcicutting.com.<\/p>\n<p>ODPOWIEDZIALNY uznaje odpowiednie prawa w\u0142asno\u015bci intelektualnej i przemys\u0142owej na rzecz ich w\u0142a\u015bcicieli, a samo ich wymienienie lub pojawienie si\u0119 na stronie internetowej nie oznacza istnienia jakichkolwiek praw lub odpowiedzialno\u015bci za nie, ani \u017cadnego poparcia, sponsorowania lub rekomendacji z ich strony.<\/p>\n<p>Aby zg\u0142osi\u0107 uwagi dotycz\u0105ce ewentualnych narusze\u0144 praw w\u0142asno\u015bci intelektualnej lub przemys\u0142owej, a tak\u017ce jakiejkolwiek zawarto\u015bci strony internetowej, mo\u017cna to zrobi\u0107, wysy\u0142aj\u0105c wiadomo\u015b\u0107 e-mail na adres administracion@cticutting.com.  <\/p>\n<h2>3. ZWOLNIENIE Z ODPOWIEDZIALNO\u015aCI<\/h2>\n<p>Podmiot ODPOWIEDZIALNY zrzeka si\u0119 wszelkiej odpowiedzialno\u015bci za informacje opublikowane na jego stronie internetowej, pod warunkiem, \u017ce informacje te zosta\u0142y zmanipulowane lub wprowadzone przez podmiot zewn\u0119trzny.<\/p>\n\t<div id=\"text-3176587949\" class=\"text\">\n\t\t\n<h2>Korzystanie z plik\u00f3w cookie<\/h2>\n\t\t\n<style>\n#text-3176587949 {\n  font-size: 2.1875rem;\n  line-height: 1.1;\n}\n<\/style>\n\t<\/div>\n\t\n<p>Ta strona internetowa mo\u017ce wykorzystywa\u0107 techniczne pliki cookie (ma\u0142e pliki informacyjne, kt\u00f3re serwer wysy\u0142a do komputera osoby uzyskuj\u0105cej dost\u0119p do strony) w celu wykonywania pewnych funkcji, kt\u00f3re s\u0105 uwa\u017cane za niezb\u0119dne do prawid\u0142owego funkcjonowania i wizualizacji strony. U\u017cywane pliki cookie maj\u0105 w ka\u017cdym przypadku charakter tymczasowy, wy\u0142\u0105cznie w celu zwi\u0119kszenia wydajno\u015bci przegl\u0105dania i znikaj\u0105 po zako\u0144czeniu sesji u\u017cytkownika. W \u017cadnym wypadku te pliki cookie same w sobie nie dostarczaj\u0105 danych o charakterze osobistym i nie b\u0119d\u0105 wykorzystywane do gromadzenia takich danych.<\/p>\n<p>Za pomoc\u0105 plik\u00f3w cookie serwer, na kt\u00f3rym znajduje si\u0119 strona internetowa, mo\u017ce r\u00f3wnie\u017c rozpozna\u0107 przegl\u0105dark\u0119 u\u017cywan\u0105 przez u\u017cytkownika w celu u\u0142atwienia przegl\u0105dania, umo\u017cliwiaj\u0105c na przyk\u0142ad u\u017cytkownikom, kt\u00f3rzy wcze\u015bniej zarejestrowali si\u0119, dost\u0119p do obszar\u00f3w, us\u0142ug, promocji lub konkurs\u00f3w zarezerwowanych wy\u0142\u0105cznie dla nich bez konieczno\u015bci rejestrowania si\u0119 przy ka\u017cdej wizycie. Mog\u0105 by\u0107 r\u00f3wnie\u017c wykorzystywane do pomiaru ogl\u0105dalno\u015bci, parametr\u00f3w ruchu, kontroli post\u0119pu i liczby wpis\u00f3w itp., b\u0119d\u0105c w tych przypadkach technicznie zb\u0119dnymi plikami cookie, ale korzystnymi dla u\u017cytkownika. Ta strona internetowa nie instaluje zb\u0119dnych plik\u00f3w cookie bez uprzedniej zgody u\u017cytkownika.<\/p>\n<p>U\u017cytkownik ma mo\u017cliwo\u015b\u0107 skonfigurowania swojej przegl\u0105darki tak, aby by\u0142a powiadamiana o otrzymywaniu plik\u00f3w cookie i aby zapobiec ich instalacji na swoim komputerze. Aby uzyska\u0107 wi\u0119cej informacji, nale\u017cy zapozna\u0107 si\u0119 z instrukcjami przegl\u0105darki.<\/p>\n<p>Polityka \u0142\u0105czenia<\/p>\n\t<div id=\"text-1143230211\" class=\"text\">\n\t\t\n<h2>Polityka \u0142\u0105czenia<\/h2>\n\t\t\n<style>\n#text-1143230211 {\n  font-size: 2.1875rem;\n  line-height: 1.1;\n}\n<\/style>\n\t<\/div>\n\t\n<p>Mo\u017cliwe jest, \u017ce u\u017cytkownik zostanie przekierowany ze strony internetowej na strony internetowe os\u00f3b trzecich. Bior\u0105c pod uwag\u0119, \u017ce ODPOWIEDZIALNY nie zawsze mo\u017ce kontrolowa\u0107 tre\u015bci wprowadzane przez osoby trzecie na ich stronach internetowych, nie ponosi on \u017cadnej odpowiedzialno\u015bci za te tre\u015bci. W ka\u017cdym przypadku ODPOWIEDZIALNY przyst\u0105pi do natychmiastowego usuni\u0119cia wszelkich tre\u015bci, kt\u00f3re mog\u0142yby narusza\u0107 krajowe lub mi\u0119dzynarodowe przepisy prawa, dobre obyczaje lub porz\u0105dek publiczny, a nast\u0119pnie do natychmiastowego wycofania przekierowania na dan\u0105 stron\u0119 internetow\u0105, informuj\u0105c o tym w\u0142a\u015bciwe organy.<\/p>\n<p>ODPOWIEDZIALNY nie ponosi odpowiedzialno\u015bci za informacje i tre\u015bci przechowywane, w tym mi\u0119dzy innymi, na forach, czatach, generatorach blog\u00f3w, w komentarzach, sieciach spo\u0142eczno\u015bciowych lub innych mediach, kt\u00f3re umo\u017cliwiaj\u0105 osobom trzecim niezale\u017cne publikowanie tre\u015bci na stronie internetowej ODPOWIEDZIALNEGO. Jednak\u017ce, zgodnie z postanowieniami artyku\u0142\u00f3w 11 i 16 LSSICE, udost\u0119pnia si\u0119 wszystkim u\u017cytkownikom, w\u0142adzom i si\u0142om bezpiecze\u0144stwa, aktywnie wsp\u00f3\u0142pracuj\u0105c przy usuwaniu lub, w stosownych przypadkach, blokowaniu wszelkich tre\u015bci, kt\u00f3re mog\u0105 mie\u0107 wp\u0142yw lub narusza\u0107 ustawodawstwo krajowe lub mi\u0119dzynarodowe, prawa os\u00f3b trzecich lub moralno\u015b\u0107 i porz\u0105dek publiczny. W przypadku, gdy u\u017cytkownik uzna, \u017ce na stronie internetowej znajduj\u0105 si\u0119 tre\u015bci, kt\u00f3re mog\u0105 podlega\u0107 takiej klasyfikacji, prosimy o niezw\u0142oczne powiadomienie administratora strony.<\/p>\n<p>Niniejsza witryna zosta\u0142a sprawdzona i przetestowana w celu zapewnienia jej prawid\u0142owego dzia\u0142ania. Zasadniczo mo\u017cna zagwarantowa\u0107 jej prawid\u0142owe dzia\u0142anie przez 365 dni w roku, 24 godziny na dob\u0119. STRONA ODPOWIEDZIALNA nie wyklucza jednak mo\u017cliwo\u015bci wyst\u0105pienia pewnych b\u0142\u0119d\u00f3w programistycznych lub wyst\u0105pienia si\u0142y wy\u017cszej, kl\u0119sk \u017cywio\u0142owych, strajk\u00f3w lub podobnych okoliczno\u015bci uniemo\u017cliwiaj\u0105cych dost\u0119p do strony internetowej.<\/p>\n\t<div id=\"text-1856217761\" class=\"text\">\n\t\t\n<h2>Adresy IP<\/h2>\n\t\t\n<style>\n#text-1856217761 {\n  font-size: 2.1875rem;\n  line-height: 1.1;\n}\n<\/style>\n\t<\/div>\n\t\n<p>Serwery serwisu mog\u0105 automatycznie wykry\u0107 adres IP i nazw\u0119 domeny u\u017cywan\u0105 przez u\u017cytkownika. Adres IP to numer automatycznie przypisywany komputerowi, gdy \u0142\u0105czy si\u0119 on z Internetem. Wszystkie te informacje zapisywane s\u0105 w odpowiednio zarejestrowanym pliku aktywno\u015bci serwera, kt\u00f3ry umo\u017cliwia p\u00f3\u017aniejsze przetwarzanie danych w celu uzyskania jedynie pomiar\u00f3w statystycznych, kt\u00f3re pozwalaj\u0105 pozna\u0107 liczb\u0119 ods\u0142on strony, liczb\u0119 odwiedzin na serwerach internetowych, kolejno\u015b\u0107 odwiedzin , punkt dost\u0119pu itp.<\/p>\n<p><strong>4. PRAWO W\u0141A\u015aCIWE I JURYSDYKCJA<\/strong><\/p>\n<p>Do rozstrzygania wszelkich spor\u00f3w lub kwestii zwi\u0105zanych z t\u0105 stron\u0105 internetow\u0105 lub prowadzon\u0105 na niej dzia\u0142alno\u015bci\u0105 zastosowanie b\u0119dzie mia\u0142o ustawodawstwo hiszpa\u0144skie, kt\u00f3remu strony wyra\u017anie si\u0119 poddaj\u0105, w\u0142a\u015bciwe do rozstrzygania wszelkich konflikt\u00f3w powsta\u0142ych lub zwi\u0105zanych z jej u\u017cytkowaniem, s\u0105dy i trybuna\u0142y najbli\u017cej GUADASSUAR.<\/p>\n\t\t<\/div>\n\t\t\t\t\t<\/div>\n\n\t\n<\/div>\n\t\t<\/div>\n\n\t\t\n<style>\n#section_192136034 {\n  padding-top: 100px;\n  padding-bottom: 100px;\n}\n<\/style>\n\t<\/section>\n\t\n","protected":false},"excerpt":{"rendered":"","protected":false},"author":1,"featured_media":0,"parent":0,"menu_order":10001,"comment_status":"closed","ping_status":"closed","template":"","meta":{"footnotes":""},"class_list":["post-76","page","type-page","status-publish","hentry"],"acf":[],"yoast_head":"<!-- This site is optimized with the Yoast SEO plugin v27.1.1 - https:\/\/yoast.com\/product\/yoast-seo-wordpress\/ -->\n<title>Ostrze\u017cenie prawne | TCI Cutting<\/title>\n<meta name=\"robots\" content=\"noindex, follow\" \/>\n<meta property=\"og:locale\" content=\"pl_PL\" \/>\n<meta property=\"og:type\" content=\"article\" \/>\n<meta property=\"og:title\" content=\"Ostrze\u017cenie prawne | TCI Cutting\" \/>\n<meta property=\"og:url\" content=\"https:\/\/www.tcicutting.com\/pl\/informacja-prawna\/\" \/>\n<meta property=\"og:site_name\" content=\"TCI Cutting PL\" \/>\n<meta property=\"article:publisher\" content=\"https:\/\/www.facebook.com\/TCICutting\/\" \/>\n<meta property=\"article:modified_time\" content=\"2025-03-25T16:00:09+00:00\" \/>\n<meta property=\"og:image\" content=\"https:\/\/www.tcicutting.com\/pl\/wp-content\/uploads\/sites\/9\/2024\/04\/TCI-Cutting-Speedline-Fiber.jpg\" \/>\n\t<meta property=\"og:image:width\" content=\"1400\" \/>\n\t<meta property=\"og:image:height\" content=\"500\" \/>\n\t<meta property=\"og:image:type\" content=\"image\/jpeg\" \/>\n<meta name=\"twitter:card\" content=\"summary_large_image\" \/>\n<meta name=\"twitter:site\" content=\"@tcicutting\" \/>\n<meta name=\"twitter:label1\" content=\"Szacowany czas czytania\" \/>\n\t<meta name=\"twitter:data1\" content=\"7 minut\" \/>\n<script type=\"application\/ld+json\" class=\"yoast-schema-graph\">{\"@context\":\"https:\/\/schema.org\",\"@graph\":[{\"@type\":\"WebPage\",\"@id\":\"https:\/\/www.tcicutting.com\/pl\/informacja-prawna\/\",\"url\":\"https:\/\/www.tcicutting.com\/pl\/informacja-prawna\/\",\"name\":\"Ostrze\u017cenie prawne | TCI Cutting\",\"isPartOf\":{\"@id\":\"https:\/\/www.tcicutting.com\/pl\/#website\"},\"datePublished\":\"2023-12-20T16:39:46+00:00\",\"dateModified\":\"2025-03-25T16:00:09+00:00\",\"breadcrumb\":{\"@id\":\"https:\/\/www.tcicutting.com\/pl\/informacja-prawna\/#breadcrumb\"},\"inLanguage\":\"pl-PL\",\"potentialAction\":[{\"@type\":\"ReadAction\",\"target\":[\"https:\/\/www.tcicutting.com\/pl\/informacja-prawna\/\"]}]},{\"@type\":\"BreadcrumbList\",\"@id\":\"https:\/\/www.tcicutting.com\/pl\/informacja-prawna\/#breadcrumb\",\"itemListElement\":[{\"@type\":\"ListItem\",\"position\":1,\"name\":\"Home\",\"item\":\"https:\/\/www.tcicutting.com\/pl\/\"},{\"@type\":\"ListItem\",\"position\":2,\"name\":\"Aviso legal\"}]},{\"@type\":\"WebSite\",\"@id\":\"https:\/\/www.tcicutting.com\/pl\/#website\",\"url\":\"https:\/\/www.tcicutting.com\/pl\/\",\"name\":\"TCI Cutting\",\"description\":\"\",\"publisher\":{\"@id\":\"https:\/\/www.tcicutting.com\/pl\/#organization\"},\"alternateName\":\"TCI Cutting PL\",\"potentialAction\":[{\"@type\":\"SearchAction\",\"target\":{\"@type\":\"EntryPoint\",\"urlTemplate\":\"https:\/\/www.tcicutting.com\/pl\/?s={search_term_string}\"},\"query-input\":{\"@type\":\"PropertyValueSpecification\",\"valueRequired\":true,\"valueName\":\"search_term_string\"}}],\"inLanguage\":\"pl-PL\"},{\"@type\":\"Organization\",\"@id\":\"https:\/\/www.tcicutting.com\/pl\/#organization\",\"name\":\"TCI Cutting\",\"alternateName\":\"TCI Cutting PL\",\"url\":\"https:\/\/www.tcicutting.com\/pl\/\",\"logo\":{\"@type\":\"ImageObject\",\"inLanguage\":\"pl-PL\",\"@id\":\"https:\/\/www.tcicutting.com\/pl\/#\/schema\/logo\/image\/\",\"url\":\"https:\/\/www.tcicutting.com\/pl\/wp-content\/uploads\/sites\/9\/2024\/05\/logo-tci.png\",\"contentUrl\":\"https:\/\/www.tcicutting.com\/pl\/wp-content\/uploads\/sites\/9\/2024\/05\/logo-tci.png\",\"width\":1200,\"height\":675,\"caption\":\"TCI Cutting\"},\"image\":{\"@id\":\"https:\/\/www.tcicutting.com\/pl\/#\/schema\/logo\/image\/\"},\"sameAs\":[\"https:\/\/www.facebook.com\/TCICutting\/\",\"https:\/\/x.com\/tcicutting\",\"https:\/\/www.instagram.com\/tcicutting\/\",\"https:\/\/www.linkedin.com\/company\/tci-cutting-waterjet&laser-system\/\"]}]}<\/script>\n<!-- \/ Yoast SEO plugin. -->","yoast_head_json":{"title":"Ostrze\u017cenie prawne | TCI Cutting","robots":{"index":"noindex","follow":"follow"},"og_locale":"pl_PL","og_type":"article","og_title":"Ostrze\u017cenie prawne | TCI Cutting","og_url":"https:\/\/www.tcicutting.com\/pl\/informacja-prawna\/","og_site_name":"TCI Cutting PL","article_publisher":"https:\/\/www.facebook.com\/TCICutting\/","article_modified_time":"2025-03-25T16:00:09+00:00","og_image":[{"width":1400,"height":500,"url":"https:\/\/www.tcicutting.com\/pl\/wp-content\/uploads\/sites\/9\/2024\/04\/TCI-Cutting-Speedline-Fiber.jpg","type":"image\/jpeg"}],"twitter_card":"summary_large_image","twitter_site":"@tcicutting","twitter_misc":{"Szacowany czas czytania":"7 minut"},"schema":{"@context":"https:\/\/schema.org","@graph":[{"@type":"WebPage","@id":"https:\/\/www.tcicutting.com\/pl\/informacja-prawna\/","url":"https:\/\/www.tcicutting.com\/pl\/informacja-prawna\/","name":"Ostrze\u017cenie prawne | TCI Cutting","isPartOf":{"@id":"https:\/\/www.tcicutting.com\/pl\/#website"},"datePublished":"2023-12-20T16:39:46+00:00","dateModified":"2025-03-25T16:00:09+00:00","breadcrumb":{"@id":"https:\/\/www.tcicutting.com\/pl\/informacja-prawna\/#breadcrumb"},"inLanguage":"pl-PL","potentialAction":[{"@type":"ReadAction","target":["https:\/\/www.tcicutting.com\/pl\/informacja-prawna\/"]}]},{"@type":"BreadcrumbList","@id":"https:\/\/www.tcicutting.com\/pl\/informacja-prawna\/#breadcrumb","itemListElement":[{"@type":"ListItem","position":1,"name":"Home","item":"https:\/\/www.tcicutting.com\/pl\/"},{"@type":"ListItem","position":2,"name":"Aviso legal"}]},{"@type":"WebSite","@id":"https:\/\/www.tcicutting.com\/pl\/#website","url":"https:\/\/www.tcicutting.com\/pl\/","name":"TCI Cutting","description":"","publisher":{"@id":"https:\/\/www.tcicutting.com\/pl\/#organization"},"alternateName":"TCI Cutting PL","potentialAction":[{"@type":"SearchAction","target":{"@type":"EntryPoint","urlTemplate":"https:\/\/www.tcicutting.com\/pl\/?s={search_term_string}"},"query-input":{"@type":"PropertyValueSpecification","valueRequired":true,"valueName":"search_term_string"}}],"inLanguage":"pl-PL"},{"@type":"Organization","@id":"https:\/\/www.tcicutting.com\/pl\/#organization","name":"TCI Cutting","alternateName":"TCI Cutting PL","url":"https:\/\/www.tcicutting.com\/pl\/","logo":{"@type":"ImageObject","inLanguage":"pl-PL","@id":"https:\/\/www.tcicutting.com\/pl\/#\/schema\/logo\/image\/","url":"https:\/\/www.tcicutting.com\/pl\/wp-content\/uploads\/sites\/9\/2024\/05\/logo-tci.png","contentUrl":"https:\/\/www.tcicutting.com\/pl\/wp-content\/uploads\/sites\/9\/2024\/05\/logo-tci.png","width":1200,"height":675,"caption":"TCI Cutting"},"image":{"@id":"https:\/\/www.tcicutting.com\/pl\/#\/schema\/logo\/image\/"},"sameAs":["https:\/\/www.facebook.com\/TCICutting\/","https:\/\/x.com\/tcicutting","https:\/\/www.instagram.com\/tcicutting\/","https:\/\/www.linkedin.com\/company\/tci-cutting-waterjet&laser-system\/"]}]}},"_links":{"self":[{"href":"https:\/\/www.tcicutting.com\/pl\/wp-json\/wp\/v2\/pages\/76","targetHints":{"allow":["GET"]}}],"collection":[{"href":"https:\/\/www.tcicutting.com\/pl\/wp-json\/wp\/v2\/pages"}],"about":[{"href":"https:\/\/www.tcicutting.com\/pl\/wp-json\/wp\/v2\/types\/page"}],"author":[{"embeddable":true,"href":"https:\/\/www.tcicutting.com\/pl\/wp-json\/wp\/v2\/users\/1"}],"replies":[{"embeddable":true,"href":"https:\/\/www.tcicutting.com\/pl\/wp-json\/wp\/v2\/comments?post=76"}],"version-history":[{"count":16,"href":"https:\/\/www.tcicutting.com\/pl\/wp-json\/wp\/v2\/pages\/76\/revisions"}],"predecessor-version":[{"id":4706,"href":"https:\/\/www.tcicutting.com\/pl\/wp-json\/wp\/v2\/pages\/76\/revisions\/4706"}],"wp:attachment":[{"href":"https:\/\/www.tcicutting.com\/pl\/wp-json\/wp\/v2\/media?parent=76"}],"curies":[{"name":"wp","href":"https:\/\/api.w.org\/{rel}","templated":true}]}}