{"id":75,"date":"2023-12-20T16:54:00","date_gmt":"2023-12-20T16:54:00","guid":{"rendered":"https:\/\/tcicutting.com\/politica-de-privacidad\/"},"modified":"2025-03-25T15:59:53","modified_gmt":"2025-03-25T15:59:53","slug":"polityka-prywatnosci","status":"publish","type":"page","link":"https:\/\/www.tcicutting.com\/pl\/polityka-prywatnosci\/","title":{"rendered":"Pol\u00edtica de privacidad"},"content":{"rendered":"\t<section class=\"section\" id=\"section_1547759393\">\n\t\t<div class=\"bg section-bg fill bg-fill  bg-loaded\" >\n\n\t\t\t\n\t\t\t\n\t\t\t\n\n\t\t<\/div>\n\n\t\t\n\n\t\t<div class=\"section-content relative\">\n\t\t\t\n<div class=\"row\"  id=\"row-1290694574\">\n\n\t<div id=\"col-664876488\" class=\"col small-12 large-12\"  >\n\t\t\t\t<div class=\"col-inner\"  >\n\t\t\t\n\t\t\t\n\t<div id=\"text-1759517678\" class=\"text\">\n\t\t\n<h1>PRIVACY POLICY<\/h1>\n\t\t\n<style>\n#text-1759517678 {\n  font-size: 2.1875rem;\n  line-height: 1.1;\n}\n<\/style>\n\t<\/div>\n\t\n<h2>1. INFORMACJE O U\u017bYTKOWNIKU<\/h2>\n<div class=\"custom-list-text\">\n<ul>\n<li>Wysy\u0142anie komercyjnych komunikat\u00f3w reklamowych za po\u015brednictwem poczty elektronicznej, faksu, SMS-\u00f3w, MMS-\u00f3w, sieci spo\u0142eczno\u015bciowych lub innych \u015brodk\u00f3w elektronicznych lub fizycznych, obecnie lub w przysz\u0142o\u015bci, kt\u00f3re umo\u017cliwiaj\u0105 przekazywanie informacji handlowych.<\/li>\n<li>Komunikacja ta b\u0119dzie prowadzona przez ODPOWIEDZIALNEGO i b\u0119dzie zwi\u0105zana z jego produktami i us\u0142ugami lub produktami i us\u0142ugami jego wsp\u00f3\u0142pracownik\u00f3w lub dostawc\u00f3w, z kt\u00f3rymi zawar\u0142 umow\u0119 promocyjn\u0105. W takim przypadku osoby trzecie nigdy nie b\u0119d\u0105 mia\u0142y dost\u0119pu do danych osobowych.<\/li>\n<li>Przeprowadzanie bada\u0144 rynkowych i analiz statystycznych.<\/li>\n<li>Przetwarzanie zam\u00f3wie\u0144, wniosk\u00f3w, odpowiadanie na zapytania lub wszelkiego rodzaju pro\u015bby sk\u0142adane przez U\u017bYTKOWNIKA za po\u015brednictwem dowolnej formy kontaktu udost\u0119pnionej na stronie internetowej ODPOWIEDZIALNEGO.<\/li>\n<li>Wysy\u0142ania newslettera online o nowo\u015bciach, ofertach i promocjach w naszej dzia\u0142alno\u015bci.<\/li>\n<\/ul>\n<h3>Dlaczego mo\u017cemy przetwarza\u0107 dane osobowe?<\/h3>\n<p>Poniewa\u017c przetwarzanie jest zgodne z art. 6 RODO w nast\u0119puj\u0105cy spos\u00f3b:<\/p>\n<p>Za zgod\u0105 U\u017bYTKOWNIKA: wysy\u0142anie informacji handlowych i newslettera.<\/p>\n<ul>\n<li>W uzasadnionym interesie ODPOWIEDZIALNEGO: przeprowadzanie bada\u0144 rynkowych, analiz statystycznych itp. oraz przetwarzanie zam\u00f3wie\u0144, wniosk\u00f3w itp. na \u017c\u0105danie U\u017bYTKOWNIKA.<\/li>\n<\/ul>\n<h3>Jak d\u0142ugo b\u0119dziemy przechowywa\u0107 dane osobowe?<\/h3>\n<ul>\n<li>B\u0119d\u0105 one przechowywane nie d\u0142u\u017cej ni\u017c jest to konieczne do utrzymania celu przetwarzania lub istniej\u0105 wymogi prawne, kt\u00f3re nakazuj\u0105 ich przechowywanie, a gdy nie b\u0119d\u0105 ju\u017c potrzebne do tego celu, zostan\u0105 usuni\u0119te przy u\u017cyciu odpowiednich \u015brodk\u00f3w bezpiecze\u0144stwa w celu zapewnienia anonimizacji danych lub ich ca\u0142kowitego zniszczenia.<\/li>\n<\/ul>\n<h3>Komu przekazujemy dane osobowe u\u017cytkownik\u00f3w?<\/h3>\n<ul>\n<li>Nie przewiduje si\u0119 przekazywania danych osobowych stronom trzecim, z wyj\u0105tkiem, je\u015bli jest to konieczne do opracowania i realizacji cel\u00f3w przetwarzania, naszym dostawcom us\u0142ug zwi\u0105zanych z komunikacj\u0105, z kt\u00f3rymi ODPOWIEDZIALNY podpisa\u0142 umowy o zachowaniu poufno\u015bci i przetwarzaniu danych wymagane przez obowi\u0105zuj\u0105ce przepisy dotycz\u0105ce prywatno\u015bci.<\/li>\n<\/ul>\n<h3>Jakie s\u0105 prawa u\u017cytkownika?<\/h3>\n<p>Prawa U\u017bYTKOWNIKA s\u0105 nast\u0119puj\u0105ce: Prawo do wycofania zgody w dowolnym momencie.<\/p>\n<ul>\n<li>Prawo dost\u0119pu, sprostowania, przenoszenia i usuni\u0119cia swoich danych oraz do ograniczenia lub sprzeciwu wobec ich przetwarzania.<\/li>\n<li>Prawo do wniesienia skargi do organu nadzorczego (www.aepd.es), je\u015bli uzna, \u017ce przetwarzanie nie jest zgodne z obowi\u0105zuj\u0105cymi przepisami.<\/li>\n<\/ul>\n<p>Dane kontaktowe umo\u017cliwiaj\u0105ce skorzystanie z przys\u0142uguj\u0105cych praw:<\/p>\n<ul>\n<li>TECHNOLOGIA CI\u0118CIA I IN\u017bYNIERII SL. ULICA COLON, 113 &#8211; 46610 GUADASSUAR (Walencja). E-mail: administracion@cticutting.com<\/li>\n<\/ul>\n<h2>2. OBOWI\u0104ZKOWY LUB NIEOBOWI\u0104ZKOWY CHARAKTER INFORMACJI PODAWANYCH PRZEZ U\u017bYTKOWNIKA<\/h2>\n<p>U\u017bYTKOWNICY, zaznaczaj\u0105c odpowiednie pola i wprowadzaj\u0105c dane w polach oznaczonych gwiazdk\u0105 (*) w formularzu kontaktowym lub przedstawionych w formularzach pobierania, wyra\u017anie i dobrowolnie i jednoznacznie akceptuj\u0105, \u017ce ich dane s\u0105 niezb\u0119dne do spe\u0142nienia ich \u017c\u0105dania przez dostawc\u0119, b\u0119d\u0105c dobrowolnym w\u0142\u0105czeniem danych w pozosta\u0142ych polach. U\u017bYTKOWNIK gwarantuje, \u017ce dane osobowe przekazane ODPOWIEDZIALNEMU s\u0105 zgodne z prawd\u0105 i jest odpowiedzialny za informowanie o wszelkich ich zmianach.<\/p>\n<p>ODPOWIEDZIALNY informuje, \u017ce wszystkie dane wymagane za po\u015brednictwem strony internetowej s\u0105 obowi\u0105zkowe, poniewa\u017c s\u0105 niezb\u0119dne do zapewnienia optymalnej obs\u0142ugi U\u017bYTKOWNIKA. W przypadku niepodania wszystkich danych nie ma gwarancji, \u017ce dostarczone informacje i us\u0142ugi b\u0119d\u0105 w pe\u0142ni dostosowane do potrzeb U\u017bYTKOWNIKA.<\/p>\n<h2>3. \u015aRODKI BEZPIECZE\u0143STWA<\/h2>\n<p>Zgodnie z obowi\u0105zuj\u0105cymi przepisami dotycz\u0105cymi ochrony danych osobowych, ODPOWIEDZIALNY przestrzega wszystkich przepis\u00f3w RODO i przepis\u00f3w LOPDGDD dotycz\u0105cych przetwarzania danych osobowych, za kt\u00f3re odpowiada, oraz w spos\u00f3b oczywisty przestrzega zasad opisanych w art. 5 RODO, zgodnie z kt\u00f3rymi s\u0105 one przetwarzane zgodnie z prawem, rzetelnie i w spos\u00f3b przejrzysty w stosunku do osoby, kt\u00f3rej dane dotycz\u0105, oraz s\u0105 adekwatne, stosowne oraz ograniczone do tego, co niezb\u0119dne do cel\u00f3w, w kt\u00f3rych s\u0105 przetwarzane.<\/p>\n<p>ODPOWIEDZIALNY gwarantuje, \u017ce wdro\u017cy\u0142 odpowiednie polityki techniczne i organizacyjne w celu stosowania \u015brodk\u00f3w bezpiecze\u0144stwa ustanowionych przez RODO i LOPDGDD w celu ochrony praw i wolno\u015bci U\u017bYTKOWNIK\u00d3W oraz przekaza\u0142 im odpowiednie informacje, aby mogli z nich korzysta\u0107.<\/p>\n<p>Aby uzyska\u0107 wi\u0119cej informacji na temat gwarancji prywatno\u015bci, mo\u017cna skontaktowa\u0107 si\u0119 z osob\u0105 ODPOWIEDZIALN\u0104 za po\u015brednictwem TECHNOLOGIA CI\u0118CIA I IN\u017bYNIERII SL. ULICA COLON, 113 &#8211; 46610 GUADASSUAR (Walencja). E-mail: administracion@cticutting.com<\/p>\n<\/div>\n\t\t<\/div>\n\t\t\t\t\t<\/div>\n\n\t\n<\/div>\n\t\t<\/div>\n\n\t\t\n<style>\n#section_1547759393 {\n  padding-top: 100px;\n  padding-bottom: 100px;\n}\n<\/style>\n\t<\/section>\n\t\n","protected":false},"excerpt":{"rendered":"","protected":false},"author":1,"featured_media":0,"parent":0,"menu_order":10000,"comment_status":"closed","ping_status":"closed","template":"","meta":{"footnotes":""},"class_list":["post-75","page","type-page","status-publish","hentry"],"acf":[],"yoast_head":"<!-- This site is optimized with the Yoast SEO plugin v27.1.1 - https:\/\/yoast.com\/product\/yoast-seo-wordpress\/ -->\n<title>Polityka prywatno\u015bci | TCI Cutting<\/title>\n<meta name=\"robots\" content=\"noindex, follow\" \/>\n<meta property=\"og:locale\" content=\"pl_PL\" \/>\n<meta property=\"og:type\" content=\"article\" \/>\n<meta property=\"og:title\" content=\"Polityka prywatno\u015bci | TCI Cutting\" \/>\n<meta property=\"og:url\" content=\"https:\/\/www.tcicutting.com\/pl\/polityka-prywatnosci\/\" \/>\n<meta property=\"og:site_name\" content=\"TCI Cutting PL\" \/>\n<meta property=\"article:publisher\" content=\"https:\/\/www.facebook.com\/TCICutting\/\" \/>\n<meta property=\"article:modified_time\" content=\"2025-03-25T15:59:53+00:00\" \/>\n<meta property=\"og:image\" content=\"https:\/\/www.tcicutting.com\/pl\/wp-content\/uploads\/sites\/9\/2024\/04\/TCI-Cutting-Speedline-Fiber.jpg\" \/>\n\t<meta property=\"og:image:width\" content=\"1400\" \/>\n\t<meta property=\"og:image:height\" content=\"500\" \/>\n\t<meta property=\"og:image:type\" content=\"image\/jpeg\" \/>\n<meta name=\"twitter:card\" content=\"summary_large_image\" \/>\n<meta name=\"twitter:site\" content=\"@tcicutting\" \/>\n<meta name=\"twitter:label1\" content=\"Szacowany czas czytania\" \/>\n\t<meta name=\"twitter:data1\" content=\"4 minuty\" \/>\n<script type=\"application\/ld+json\" class=\"yoast-schema-graph\">{\"@context\":\"https:\/\/schema.org\",\"@graph\":[{\"@type\":\"WebPage\",\"@id\":\"https:\/\/www.tcicutting.com\/pl\/polityka-prywatnosci\/\",\"url\":\"https:\/\/www.tcicutting.com\/pl\/polityka-prywatnosci\/\",\"name\":\"Polityka prywatno\u015bci | TCI Cutting\",\"isPartOf\":{\"@id\":\"https:\/\/www.tcicutting.com\/pl\/#website\"},\"datePublished\":\"2023-12-20T16:54:00+00:00\",\"dateModified\":\"2025-03-25T15:59:53+00:00\",\"breadcrumb\":{\"@id\":\"https:\/\/www.tcicutting.com\/pl\/polityka-prywatnosci\/#breadcrumb\"},\"inLanguage\":\"pl-PL\",\"potentialAction\":[{\"@type\":\"ReadAction\",\"target\":[\"https:\/\/www.tcicutting.com\/pl\/polityka-prywatnosci\/\"]}]},{\"@type\":\"BreadcrumbList\",\"@id\":\"https:\/\/www.tcicutting.com\/pl\/polityka-prywatnosci\/#breadcrumb\",\"itemListElement\":[{\"@type\":\"ListItem\",\"position\":1,\"name\":\"Home\",\"item\":\"https:\/\/www.tcicutting.com\/pl\/\"},{\"@type\":\"ListItem\",\"position\":2,\"name\":\"Pol\u00edtica de privacidad\"}]},{\"@type\":\"WebSite\",\"@id\":\"https:\/\/www.tcicutting.com\/pl\/#website\",\"url\":\"https:\/\/www.tcicutting.com\/pl\/\",\"name\":\"TCI Cutting\",\"description\":\"\",\"publisher\":{\"@id\":\"https:\/\/www.tcicutting.com\/pl\/#organization\"},\"alternateName\":\"TCI Cutting PL\",\"potentialAction\":[{\"@type\":\"SearchAction\",\"target\":{\"@type\":\"EntryPoint\",\"urlTemplate\":\"https:\/\/www.tcicutting.com\/pl\/?s={search_term_string}\"},\"query-input\":{\"@type\":\"PropertyValueSpecification\",\"valueRequired\":true,\"valueName\":\"search_term_string\"}}],\"inLanguage\":\"pl-PL\"},{\"@type\":\"Organization\",\"@id\":\"https:\/\/www.tcicutting.com\/pl\/#organization\",\"name\":\"TCI Cutting\",\"alternateName\":\"TCI Cutting PL\",\"url\":\"https:\/\/www.tcicutting.com\/pl\/\",\"logo\":{\"@type\":\"ImageObject\",\"inLanguage\":\"pl-PL\",\"@id\":\"https:\/\/www.tcicutting.com\/pl\/#\/schema\/logo\/image\/\",\"url\":\"https:\/\/www.tcicutting.com\/pl\/wp-content\/uploads\/sites\/9\/2024\/05\/logo-tci.png\",\"contentUrl\":\"https:\/\/www.tcicutting.com\/pl\/wp-content\/uploads\/sites\/9\/2024\/05\/logo-tci.png\",\"width\":1200,\"height\":675,\"caption\":\"TCI Cutting\"},\"image\":{\"@id\":\"https:\/\/www.tcicutting.com\/pl\/#\/schema\/logo\/image\/\"},\"sameAs\":[\"https:\/\/www.facebook.com\/TCICutting\/\",\"https:\/\/x.com\/tcicutting\",\"https:\/\/www.instagram.com\/tcicutting\/\",\"https:\/\/www.linkedin.com\/company\/tci-cutting-waterjet&laser-system\/\"]}]}<\/script>\n<!-- \/ Yoast SEO plugin. -->","yoast_head_json":{"title":"Polityka prywatno\u015bci | TCI Cutting","robots":{"index":"noindex","follow":"follow"},"og_locale":"pl_PL","og_type":"article","og_title":"Polityka prywatno\u015bci | TCI Cutting","og_url":"https:\/\/www.tcicutting.com\/pl\/polityka-prywatnosci\/","og_site_name":"TCI Cutting PL","article_publisher":"https:\/\/www.facebook.com\/TCICutting\/","article_modified_time":"2025-03-25T15:59:53+00:00","og_image":[{"width":1400,"height":500,"url":"https:\/\/www.tcicutting.com\/pl\/wp-content\/uploads\/sites\/9\/2024\/04\/TCI-Cutting-Speedline-Fiber.jpg","type":"image\/jpeg"}],"twitter_card":"summary_large_image","twitter_site":"@tcicutting","twitter_misc":{"Szacowany czas czytania":"4 minuty"},"schema":{"@context":"https:\/\/schema.org","@graph":[{"@type":"WebPage","@id":"https:\/\/www.tcicutting.com\/pl\/polityka-prywatnosci\/","url":"https:\/\/www.tcicutting.com\/pl\/polityka-prywatnosci\/","name":"Polityka prywatno\u015bci | TCI Cutting","isPartOf":{"@id":"https:\/\/www.tcicutting.com\/pl\/#website"},"datePublished":"2023-12-20T16:54:00+00:00","dateModified":"2025-03-25T15:59:53+00:00","breadcrumb":{"@id":"https:\/\/www.tcicutting.com\/pl\/polityka-prywatnosci\/#breadcrumb"},"inLanguage":"pl-PL","potentialAction":[{"@type":"ReadAction","target":["https:\/\/www.tcicutting.com\/pl\/polityka-prywatnosci\/"]}]},{"@type":"BreadcrumbList","@id":"https:\/\/www.tcicutting.com\/pl\/polityka-prywatnosci\/#breadcrumb","itemListElement":[{"@type":"ListItem","position":1,"name":"Home","item":"https:\/\/www.tcicutting.com\/pl\/"},{"@type":"ListItem","position":2,"name":"Pol\u00edtica de privacidad"}]},{"@type":"WebSite","@id":"https:\/\/www.tcicutting.com\/pl\/#website","url":"https:\/\/www.tcicutting.com\/pl\/","name":"TCI Cutting","description":"","publisher":{"@id":"https:\/\/www.tcicutting.com\/pl\/#organization"},"alternateName":"TCI Cutting PL","potentialAction":[{"@type":"SearchAction","target":{"@type":"EntryPoint","urlTemplate":"https:\/\/www.tcicutting.com\/pl\/?s={search_term_string}"},"query-input":{"@type":"PropertyValueSpecification","valueRequired":true,"valueName":"search_term_string"}}],"inLanguage":"pl-PL"},{"@type":"Organization","@id":"https:\/\/www.tcicutting.com\/pl\/#organization","name":"TCI Cutting","alternateName":"TCI Cutting PL","url":"https:\/\/www.tcicutting.com\/pl\/","logo":{"@type":"ImageObject","inLanguage":"pl-PL","@id":"https:\/\/www.tcicutting.com\/pl\/#\/schema\/logo\/image\/","url":"https:\/\/www.tcicutting.com\/pl\/wp-content\/uploads\/sites\/9\/2024\/05\/logo-tci.png","contentUrl":"https:\/\/www.tcicutting.com\/pl\/wp-content\/uploads\/sites\/9\/2024\/05\/logo-tci.png","width":1200,"height":675,"caption":"TCI Cutting"},"image":{"@id":"https:\/\/www.tcicutting.com\/pl\/#\/schema\/logo\/image\/"},"sameAs":["https:\/\/www.facebook.com\/TCICutting\/","https:\/\/x.com\/tcicutting","https:\/\/www.instagram.com\/tcicutting\/","https:\/\/www.linkedin.com\/company\/tci-cutting-waterjet&laser-system\/"]}]}},"_links":{"self":[{"href":"https:\/\/www.tcicutting.com\/pl\/wp-json\/wp\/v2\/pages\/75","targetHints":{"allow":["GET"]}}],"collection":[{"href":"https:\/\/www.tcicutting.com\/pl\/wp-json\/wp\/v2\/pages"}],"about":[{"href":"https:\/\/www.tcicutting.com\/pl\/wp-json\/wp\/v2\/types\/page"}],"author":[{"embeddable":true,"href":"https:\/\/www.tcicutting.com\/pl\/wp-json\/wp\/v2\/users\/1"}],"replies":[{"embeddable":true,"href":"https:\/\/www.tcicutting.com\/pl\/wp-json\/wp\/v2\/comments?post=75"}],"version-history":[{"count":8,"href":"https:\/\/www.tcicutting.com\/pl\/wp-json\/wp\/v2\/pages\/75\/revisions"}],"predecessor-version":[{"id":4710,"href":"https:\/\/www.tcicutting.com\/pl\/wp-json\/wp\/v2\/pages\/75\/revisions\/4710"}],"wp:attachment":[{"href":"https:\/\/www.tcicutting.com\/pl\/wp-json\/wp\/v2\/media?parent=75"}],"curies":[{"name":"wp","href":"https:\/\/api.w.org\/{rel}","templated":true}]}}