{"id":50,"date":"2024-01-12T08:50:08","date_gmt":"2024-01-12T08:50:08","guid":{"rendered":"https:\/\/tcicutting.com\/cdti\/"},"modified":"2025-03-25T15:40:51","modified_gmt":"2025-03-25T15:40:51","slug":"cdti","status":"publish","type":"page","link":"https:\/\/www.tcicutting.com\/pl\/cdti\/","title":{"rendered":"CDTI"},"content":{"rendered":"\t<section class=\"section\" id=\"section_1238978715\">\n\t\t<div class=\"bg section-bg fill bg-fill  bg-loaded\" >\n\n\t\t\t\n\t\t\t\n\t\t\t\n\n\t\t<\/div>\n\n\t\t\n\n\t\t<div class=\"section-content relative\">\n\t\t\t\n\t<div id=\"gap-573757966\" class=\"gap-element clearfix\" style=\"display:block; height:auto;\">\n\t\t\n<style>\n#gap-573757966 {\n  padding-top: 100px;\n}\n@media (min-width:550px) {\n  #gap-573757966 {\n    padding-top: 140px;\n  }\n}\n<\/style>\n\t<\/div>\n\t\n<div class=\"row align-middle\"  id=\"row-399036727\">\n\n\t<div id=\"col-606293337\" class=\"col medium-12 small-12 large-6\"  >\n\t\t\t\t<div class=\"col-inner\"  >\n\t\t\t\n\t\t\t\n\t<div class=\"img has-hover br-20 x md-x lg-x y md-y lg-y\" id=\"image_1201391396\">\n\t\t\t\t\t\t\t\t<div class=\"img-inner dark\" >\n\t\t\t<img decoding=\"async\" src=\"https:\/\/www.tcicutting.com\/pl\/wp-content\/uploads\/sites\/9\/2024\/01\/tci-cutting-cdti-2022.jpg\" class=\"attachment-original size-original\" alt=\"\" \/>\t\t\t\t\t\t\n\t\t\t\t\t<\/div>\n\t\t\t\t\t\t\t\t\n<style>\n#image_1201391396 {\n  width: 100%;\n}\n<\/style>\n\t<\/div>\n\t\n\t\t<\/div>\n\t\t\t\t\t<\/div>\n\n\t\n\n\t<div id=\"col-871862664\" class=\"col medium-12 small-12 large-6 medium-col-first\"  >\n\t\t\t\t<div class=\"col-inner\"  >\n\t\t\t\n\t\t\t\n<div class=\"row row-collapse\"  id=\"row-97373544\">\n\n\t<div id=\"col-455334079\" class=\"col pb-0 red-line-column small-12 large-12\"  >\n\t\t\t\t<div class=\"col-inner\"  >\n\t\t\t\n\t\t\t\n\t<div id=\"gap-1240579296\" class=\"gap-element clearfix\" style=\"display:block; height:auto;\">\n\t\t\n<style>\n#gap-1240579296 {\n  padding-top: 4px;\n}\n<\/style>\n\t<\/div>\n\t\n\t<div id=\"text-831873789\" class=\"text txt-mb-0 ls-pretitle fw-300\">\n\t\t\n<h1>EUROPEJSKI FUNDUSZ ROZWOJU REGIONALNEGO<\/h1>\n\t\t\n<style>\n#text-831873789 {\n  line-height: 1.4;\n}\n<\/style>\n\t<\/div>\n\t\n\t<div id=\"gap-542599324\" class=\"gap-element clearfix\" style=\"display:block; height:auto;\">\n\t\t\n<style>\n#gap-542599324 {\n  padding-top: 20px;\n}\n@media (min-width:550px) {\n  #gap-542599324 {\n    padding-top: 30px;\n  }\n}\n<\/style>\n\t<\/div>\n\t\n\t<div id=\"text-575780983\" class=\"text txt-mb-0 doubled-font\">\n\t\t\n<h2>Spos\u00f3b na stworzenie Europy<\/h2>\n\t\t\n<style>\n#text-575780983 {\n  font-size: 1.3rem;\n  line-height: 1.1;\n}\n@media (min-width:550px) {\n  #text-575780983 {\n    font-size: 1.7rem;\n  }\n}\n@media (min-width:850px) {\n  #text-575780983 {\n    font-size: 1.9rem;\n  }\n}\n<\/style>\n\t<\/div>\n\t\n\t\t<\/div>\n\t\t\t\t\n<style>\n#col-455334079 > .col-inner {\n  margin: 0px 0px 50px 0px;\n}\n<\/style>\n\t<\/div>\n\n\t\n<\/div>\n\t<div id=\"text-3819262713\" class=\"text\">\n\t\t\n<p>Technologia ci\u0119cia i in\u017cynierii, S.L. przeprowadzi\u0142a projekt badawczo-rozwojowy \u201eSMARTTUBE 3D\u201d w swoich zak\u0142adach w Guadassuar (Walencja) w celu zbadania i opracowania technologii ci\u0119cia laserowego rur.<\/p>\n<p><strong>Bud\u017cet:<\/strong> 844 654\u20ac<br \/><strong>Wsp\u00f3\u0142finansowane<\/strong> przez CDTI i EFRR<br \/><strong>Ramy czasowe:<\/strong> od 21\/09\/2020 do 31\/12\/2021<\/p>\n\t\t\n<style>\n#text-3819262713 {\n  font-size: 1rem;\n  line-height: 1.6;\n}\n@media (min-width:550px) {\n  #text-3819262713 {\n    font-size: 1.125rem;\n  }\n}\n<\/style>\n\t<\/div>\n\t\n\t<div id=\"gap-87798742\" class=\"gap-element clearfix\" style=\"display:block; height:auto;\">\n\t\t\n<style>\n#gap-87798742 {\n  padding-top: 25px;\n}\n<\/style>\n\t<\/div>\n\t\n<div class=\"ux-logo has-hover align-middle ux_logo inline-block\" style=\"max-width: 100%!important; width: auto!important\"><div class=\"ux-logo-link block image-\" title=\"\" href=\"\" style=\"padding: 15px;\"><img decoding=\"async\" src=\"\" title=\"\" alt=\"\" class=\"ux-logo-image block\" style=\"height:100px;\" \/><\/div><\/div>\n\t<div id=\"gap-1292904538\" class=\"gap-element clearfix show-for-small\" style=\"display:block; height:auto;\">\n\t\t\n<style>\n#gap-1292904538 {\n  padding-top: 30px;\n}\n@media (min-width:550px) {\n  #gap-1292904538 {\n    padding-top: 30px;\n  }\n}\n<\/style>\n\t<\/div>\n\t\n<div class=\"ux-logo has-hover align-middle ux_logo inline-block\" style=\"max-width: 100%!important; width: auto!important\"><div class=\"ux-logo-link block image-\" title=\"\" href=\"\" style=\"padding: 15px;\"><img decoding=\"async\" src=\"https:\/\/www.tcicutting.com\/pl\/wp-content\/uploads\/sites\/9\/2024\/01\/tci-cdti-2048x587-1.webp\" title=\"\" alt=\"\" class=\"ux-logo-image block\" style=\"height:100px;\" \/><\/div><\/div>\n\t\t<\/div>\n\t\t\t\t\n<style>\n#col-871862664 > .col-inner {\n  padding: 0px 0px 20px 0px;\n}\n@media (min-width:550px) {\n  #col-871862664 > .col-inner {\n    padding: 0px 0px 20px 0px;\n  }\n}\n@media (min-width:850px) {\n  #col-871862664 > .col-inner {\n    padding: 40px 0px 20px 12%;\n  }\n}\n<\/style>\n\t<\/div>\n\n\t\n<\/div>\n\t<div id=\"gap-1632859453\" class=\"gap-element clearfix\" style=\"display:block; height:auto;\">\n\t\t\n<style>\n#gap-1632859453 {\n  padding-top: 100px;\n}\n@media (min-width:550px) {\n  #gap-1632859453 {\n    padding-top: 140px;\n  }\n}\n<\/style>\n\t<\/div>\n\t\n\t\t<\/div>\n\n\t\t\n<style>\n#section_1238978715 {\n  padding-top: 0px;\n  padding-bottom: 0px;\n}\n<\/style>\n\t<\/section>\n\t\n","protected":false},"excerpt":{"rendered":"","protected":false},"author":1,"featured_media":937,"parent":0,"menu_order":0,"comment_status":"closed","ping_status":"closed","template":"","meta":{"footnotes":""},"class_list":["post-50","page","type-page","status-publish","has-post-thumbnail","hentry"],"acf":[],"yoast_head":"<!-- This site is optimized with the Yoast SEO plugin v27.1.1 - https:\/\/yoast.com\/product\/yoast-seo-wordpress\/ -->\n<title>CDTI | TCI Cutting<\/title>\n<meta name=\"description\" content=\"Tecnolog\u00eda de corte e Ingenier\u00eda, S.L. zrealizowa\u0142a projekt &quot;SMARTTUBE 3D\u201d, kt\u00f3rego celem by\u0142o zbadanie i opracowanie technologii ci\u0119cia laserowego.\" \/>\n<meta name=\"robots\" content=\"index, follow, max-snippet:-1, max-image-preview:large, max-video-preview:-1\" \/>\n<link rel=\"canonical\" href=\"https:\/\/www.tcicutting.com\/pl\/cdti\/\" \/>\n<meta property=\"og:locale\" content=\"pl_PL\" \/>\n<meta property=\"og:type\" content=\"article\" \/>\n<meta property=\"og:title\" content=\"CDTI | TCI Cutting\" \/>\n<meta property=\"og:description\" content=\"Tecnolog\u00eda de corte e Ingenier\u00eda, S.L. zrealizowa\u0142a projekt &quot;SMARTTUBE 3D\u201d, kt\u00f3rego celem by\u0142o zbadanie i opracowanie technologii ci\u0119cia laserowego.\" \/>\n<meta property=\"og:url\" content=\"https:\/\/www.tcicutting.com\/pl\/cdti\/\" \/>\n<meta property=\"og:site_name\" content=\"TCI Cutting PL\" \/>\n<meta property=\"article:publisher\" content=\"https:\/\/www.facebook.com\/TCICutting\/\" \/>\n<meta property=\"article:modified_time\" content=\"2025-03-25T15:40:51+00:00\" \/>\n<meta property=\"og:image\" content=\"https:\/\/www.tcicutting.com\/pl\/wp-content\/uploads\/sites\/9\/2024\/01\/tci-cutting-cdti-2022.jpg\" \/>\n\t<meta property=\"og:image:width\" content=\"1\" \/>\n\t<meta property=\"og:image:height\" content=\"1\" \/>\n\t<meta property=\"og:image:type\" content=\"image\/jpeg\" \/>\n<meta name=\"twitter:card\" content=\"summary_large_image\" \/>\n<meta name=\"twitter:site\" content=\"@tcicutting\" \/>\n<meta name=\"twitter:label1\" content=\"Szacowany czas czytania\" \/>\n\t<meta name=\"twitter:data1\" content=\"1 minuta\" \/>\n<script type=\"application\/ld+json\" class=\"yoast-schema-graph\">{\"@context\":\"https:\/\/schema.org\",\"@graph\":[{\"@type\":\"WebPage\",\"@id\":\"https:\/\/www.tcicutting.com\/pl\/cdti\/\",\"url\":\"https:\/\/www.tcicutting.com\/pl\/cdti\/\",\"name\":\"CDTI | TCI Cutting\",\"isPartOf\":{\"@id\":\"https:\/\/www.tcicutting.com\/pl\/#website\"},\"primaryImageOfPage\":{\"@id\":\"https:\/\/www.tcicutting.com\/pl\/cdti\/#primaryimage\"},\"image\":{\"@id\":\"https:\/\/www.tcicutting.com\/pl\/cdti\/#primaryimage\"},\"thumbnailUrl\":\"https:\/\/www.tcicutting.com\/pl\/wp-content\/uploads\/sites\/9\/2024\/01\/tci-cutting-cdti-2022.jpg\",\"datePublished\":\"2024-01-12T08:50:08+00:00\",\"dateModified\":\"2025-03-25T15:40:51+00:00\",\"description\":\"Tecnolog\u00eda de corte e Ingenier\u00eda, S.L. zrealizowa\u0142a projekt \\\"SMARTTUBE 3D\u201d, kt\u00f3rego celem by\u0142o zbadanie i opracowanie technologii ci\u0119cia laserowego.\",\"breadcrumb\":{\"@id\":\"https:\/\/www.tcicutting.com\/pl\/cdti\/#breadcrumb\"},\"inLanguage\":\"pl-PL\",\"potentialAction\":[{\"@type\":\"ReadAction\",\"target\":[\"https:\/\/www.tcicutting.com\/pl\/cdti\/\"]}]},{\"@type\":\"ImageObject\",\"inLanguage\":\"pl-PL\",\"@id\":\"https:\/\/www.tcicutting.com\/pl\/cdti\/#primaryimage\",\"url\":\"https:\/\/www.tcicutting.com\/pl\/wp-content\/uploads\/sites\/9\/2024\/01\/tci-cutting-cdti-2022.jpg\",\"contentUrl\":\"https:\/\/www.tcicutting.com\/pl\/wp-content\/uploads\/sites\/9\/2024\/01\/tci-cutting-cdti-2022.jpg\"},{\"@type\":\"BreadcrumbList\",\"@id\":\"https:\/\/www.tcicutting.com\/pl\/cdti\/#breadcrumb\",\"itemListElement\":[{\"@type\":\"ListItem\",\"position\":1,\"name\":\"Home\",\"item\":\"https:\/\/www.tcicutting.com\/pl\/\"},{\"@type\":\"ListItem\",\"position\":2,\"name\":\"CDTI\"}]},{\"@type\":\"WebSite\",\"@id\":\"https:\/\/www.tcicutting.com\/pl\/#website\",\"url\":\"https:\/\/www.tcicutting.com\/pl\/\",\"name\":\"TCI Cutting\",\"description\":\"\",\"publisher\":{\"@id\":\"https:\/\/www.tcicutting.com\/pl\/#organization\"},\"alternateName\":\"TCI Cutting PL\",\"potentialAction\":[{\"@type\":\"SearchAction\",\"target\":{\"@type\":\"EntryPoint\",\"urlTemplate\":\"https:\/\/www.tcicutting.com\/pl\/?s={search_term_string}\"},\"query-input\":{\"@type\":\"PropertyValueSpecification\",\"valueRequired\":true,\"valueName\":\"search_term_string\"}}],\"inLanguage\":\"pl-PL\"},{\"@type\":\"Organization\",\"@id\":\"https:\/\/www.tcicutting.com\/pl\/#organization\",\"name\":\"TCI Cutting\",\"alternateName\":\"TCI Cutting PL\",\"url\":\"https:\/\/www.tcicutting.com\/pl\/\",\"logo\":{\"@type\":\"ImageObject\",\"inLanguage\":\"pl-PL\",\"@id\":\"https:\/\/www.tcicutting.com\/pl\/#\/schema\/logo\/image\/\",\"url\":\"https:\/\/www.tcicutting.com\/pl\/wp-content\/uploads\/sites\/9\/2024\/05\/logo-tci.png\",\"contentUrl\":\"https:\/\/www.tcicutting.com\/pl\/wp-content\/uploads\/sites\/9\/2024\/05\/logo-tci.png\",\"width\":1200,\"height\":675,\"caption\":\"TCI Cutting\"},\"image\":{\"@id\":\"https:\/\/www.tcicutting.com\/pl\/#\/schema\/logo\/image\/\"},\"sameAs\":[\"https:\/\/www.facebook.com\/TCICutting\/\",\"https:\/\/x.com\/tcicutting\",\"https:\/\/www.instagram.com\/tcicutting\/\",\"https:\/\/www.linkedin.com\/company\/tci-cutting-waterjet&laser-system\/\"]}]}<\/script>\n<!-- \/ Yoast SEO plugin. -->","yoast_head_json":{"title":"CDTI | TCI Cutting","description":"Tecnolog\u00eda de corte e Ingenier\u00eda, S.L. zrealizowa\u0142a projekt \"SMARTTUBE 3D\u201d, kt\u00f3rego celem by\u0142o zbadanie i opracowanie technologii ci\u0119cia laserowego.","robots":{"index":"index","follow":"follow","max-snippet":"max-snippet:-1","max-image-preview":"max-image-preview:large","max-video-preview":"max-video-preview:-1"},"canonical":"https:\/\/www.tcicutting.com\/pl\/cdti\/","og_locale":"pl_PL","og_type":"article","og_title":"CDTI | TCI Cutting","og_description":"Tecnolog\u00eda de corte e Ingenier\u00eda, S.L. zrealizowa\u0142a projekt \"SMARTTUBE 3D\u201d, kt\u00f3rego celem by\u0142o zbadanie i opracowanie technologii ci\u0119cia laserowego.","og_url":"https:\/\/www.tcicutting.com\/pl\/cdti\/","og_site_name":"TCI Cutting PL","article_publisher":"https:\/\/www.facebook.com\/TCICutting\/","article_modified_time":"2025-03-25T15:40:51+00:00","og_image":[{"url":"https:\/\/www.tcicutting.com\/pl\/wp-content\/uploads\/sites\/9\/2024\/01\/tci-cutting-cdti-2022.jpg","width":1,"height":1,"type":"image\/jpeg"}],"twitter_card":"summary_large_image","twitter_site":"@tcicutting","twitter_misc":{"Szacowany czas czytania":"1 minuta"},"schema":{"@context":"https:\/\/schema.org","@graph":[{"@type":"WebPage","@id":"https:\/\/www.tcicutting.com\/pl\/cdti\/","url":"https:\/\/www.tcicutting.com\/pl\/cdti\/","name":"CDTI | TCI Cutting","isPartOf":{"@id":"https:\/\/www.tcicutting.com\/pl\/#website"},"primaryImageOfPage":{"@id":"https:\/\/www.tcicutting.com\/pl\/cdti\/#primaryimage"},"image":{"@id":"https:\/\/www.tcicutting.com\/pl\/cdti\/#primaryimage"},"thumbnailUrl":"https:\/\/www.tcicutting.com\/pl\/wp-content\/uploads\/sites\/9\/2024\/01\/tci-cutting-cdti-2022.jpg","datePublished":"2024-01-12T08:50:08+00:00","dateModified":"2025-03-25T15:40:51+00:00","description":"Tecnolog\u00eda de corte e Ingenier\u00eda, S.L. zrealizowa\u0142a projekt \"SMARTTUBE 3D\u201d, kt\u00f3rego celem by\u0142o zbadanie i opracowanie technologii ci\u0119cia laserowego.","breadcrumb":{"@id":"https:\/\/www.tcicutting.com\/pl\/cdti\/#breadcrumb"},"inLanguage":"pl-PL","potentialAction":[{"@type":"ReadAction","target":["https:\/\/www.tcicutting.com\/pl\/cdti\/"]}]},{"@type":"ImageObject","inLanguage":"pl-PL","@id":"https:\/\/www.tcicutting.com\/pl\/cdti\/#primaryimage","url":"https:\/\/www.tcicutting.com\/pl\/wp-content\/uploads\/sites\/9\/2024\/01\/tci-cutting-cdti-2022.jpg","contentUrl":"https:\/\/www.tcicutting.com\/pl\/wp-content\/uploads\/sites\/9\/2024\/01\/tci-cutting-cdti-2022.jpg"},{"@type":"BreadcrumbList","@id":"https:\/\/www.tcicutting.com\/pl\/cdti\/#breadcrumb","itemListElement":[{"@type":"ListItem","position":1,"name":"Home","item":"https:\/\/www.tcicutting.com\/pl\/"},{"@type":"ListItem","position":2,"name":"CDTI"}]},{"@type":"WebSite","@id":"https:\/\/www.tcicutting.com\/pl\/#website","url":"https:\/\/www.tcicutting.com\/pl\/","name":"TCI Cutting","description":"","publisher":{"@id":"https:\/\/www.tcicutting.com\/pl\/#organization"},"alternateName":"TCI Cutting PL","potentialAction":[{"@type":"SearchAction","target":{"@type":"EntryPoint","urlTemplate":"https:\/\/www.tcicutting.com\/pl\/?s={search_term_string}"},"query-input":{"@type":"PropertyValueSpecification","valueRequired":true,"valueName":"search_term_string"}}],"inLanguage":"pl-PL"},{"@type":"Organization","@id":"https:\/\/www.tcicutting.com\/pl\/#organization","name":"TCI Cutting","alternateName":"TCI Cutting PL","url":"https:\/\/www.tcicutting.com\/pl\/","logo":{"@type":"ImageObject","inLanguage":"pl-PL","@id":"https:\/\/www.tcicutting.com\/pl\/#\/schema\/logo\/image\/","url":"https:\/\/www.tcicutting.com\/pl\/wp-content\/uploads\/sites\/9\/2024\/05\/logo-tci.png","contentUrl":"https:\/\/www.tcicutting.com\/pl\/wp-content\/uploads\/sites\/9\/2024\/05\/logo-tci.png","width":1200,"height":675,"caption":"TCI Cutting"},"image":{"@id":"https:\/\/www.tcicutting.com\/pl\/#\/schema\/logo\/image\/"},"sameAs":["https:\/\/www.facebook.com\/TCICutting\/","https:\/\/x.com\/tcicutting","https:\/\/www.instagram.com\/tcicutting\/","https:\/\/www.linkedin.com\/company\/tci-cutting-waterjet&laser-system\/"]}]}},"_links":{"self":[{"href":"https:\/\/www.tcicutting.com\/pl\/wp-json\/wp\/v2\/pages\/50","targetHints":{"allow":["GET"]}}],"collection":[{"href":"https:\/\/www.tcicutting.com\/pl\/wp-json\/wp\/v2\/pages"}],"about":[{"href":"https:\/\/www.tcicutting.com\/pl\/wp-json\/wp\/v2\/types\/page"}],"author":[{"embeddable":true,"href":"https:\/\/www.tcicutting.com\/pl\/wp-json\/wp\/v2\/users\/1"}],"replies":[{"embeddable":true,"href":"https:\/\/www.tcicutting.com\/pl\/wp-json\/wp\/v2\/comments?post=50"}],"version-history":[{"count":7,"href":"https:\/\/www.tcicutting.com\/pl\/wp-json\/wp\/v2\/pages\/50\/revisions"}],"predecessor-version":[{"id":4792,"href":"https:\/\/www.tcicutting.com\/pl\/wp-json\/wp\/v2\/pages\/50\/revisions\/4792"}],"wp:featuredmedia":[{"embeddable":true,"href":"https:\/\/www.tcicutting.com\/pl\/wp-json\/wp\/v2\/media\/937"}],"wp:attachment":[{"href":"https:\/\/www.tcicutting.com\/pl\/wp-json\/wp\/v2\/media?parent=50"}],"curies":[{"name":"wp","href":"https:\/\/api.w.org\/{rel}","templated":true}]}}