{"id":2397,"date":"2023-12-20T16:54:00","date_gmt":"2023-12-20T16:54:00","guid":{"rendered":"https:\/\/tcicutting.com\/es\/?page_id=2397"},"modified":"2024-05-31T09:45:42","modified_gmt":"2024-05-31T07:45:42","slug":"politica-sulla-riservatezza","status":"publish","type":"page","link":"https:\/\/www.tcicutting.com\/it\/politica-sulla-riservatezza\/","title":{"rendered":"Pol\u00edtica de privacidad"},"content":{"rendered":"\t<section class=\"section\" id=\"section_461776673\">\n\t\t<div class=\"bg section-bg fill bg-fill  bg-loaded\" >\n\n\t\t\t\n\t\t\t\n\t\t\t\n\n\t\t<\/div>\n\n\t\t\n\n\t\t<div class=\"section-content relative\">\n\t\t\t\n<div class=\"row\"  id=\"row-2137214990\">\n\n\t<div id=\"col-925459003\" class=\"col small-12 large-12\"  >\n\t\t\t\t<div class=\"col-inner\"  >\n\t\t\t\n\t\t\t\n\t<div id=\"text-1861750378\" class=\"text\">\n\t\t\n<h1>Politica sulla riservatezza<\/h1>\n\t\t\n<style>\n#text-1861750378 {\n  font-size: 2.1875rem;\n  line-height: 1.1;\n}\n<\/style>\n\t<\/div>\n\t\n<h2>1. INFORMAZIONI ALL&#8217;UTENTE<\/h2>\n<h3>Chi \u00e8 responsabile del trattamento dei tuoi dati personali?<\/h3>\n<p>TECNOLOGIA DE CORTE E INGENIERIA SL \u00e8 responsabile del trattamento dei dati personali dell&#8217;UTENTE e informa che tali dati saranno trattati in conformit\u00e0 con le disposizioni del Regolamento (UE) 2016\/679, del 27 aprile (GDPR), e della Legge Organica 3 \/2018, del 5 dicembre (LOPDGDD).<\/p>\n<h3>Perch\u00e9 trattiamo i tuoi dati personali?<\/h3>\n<p>Per mantenere un rapporto commerciale con l&#8217;utente. Le operazioni previste per effettuare il trattamento sono:<\/p>\n<div class=\"custom-list-text\">\n<ul>\n<li>Invio di comunicazioni pubblicitarie commerciali tramite e-mail, fax, SMS, MMS, social network o qualsiasi altro mezzo elettronico o fisico, presente o futuro, che consenta di effettuare comunicazioni commerciali. Tali comunicazioni saranno effettuate dal TITOLARE e saranno relative ai suoi prodotti e servizi, o ai suoi collaboratori o fornitori, con i quali ha raggiunto un accordo promozionale. In questo caso, i terzi non avranno mai accesso ai dati personali.<\/li>\n<li>Effettuare studi di mercato e analisi statistiche.<\/li>\n<li>Elaborare ordini, richieste, rispondere a domande o qualsiasi tipo di richiesta avanzata dall&#8217;UTENTE tramite uno qualsiasi dei moduli di contatto messi a disposizione sul sito web del TITOLARE.<\/li>\n<li>Invia la newsletter online, sulle novit\u00e0, offerte e promozioni della nostra attivit\u00e0.<\/li>\n<\/ul>\n<\/div>\n<h3>Per quale motivo possiamo trattare i tuoi dati personali?<\/h3>\n<p>Perch\u00e9 il trattamento \u00e8 legittimato dall&#8217;articolo 6 del GDPR nel modo seguente:<\/p>\n<div class=\"custom-list-text\">\n<ul>\n<li>Con il consenso dell&#8217;UTENTE: invio di comunicazioni commerciali e della newsletter.<\/li>\n<li>Per il legittimo interesse del TITOLARE: effettuare studi di mercato, analisi statistiche, ecc. ed elaborare ordini, richieste, ecc. su richiesta dell&#8217;UTENTE.<\/li>\n<\/ul>\n<\/div>\n<h3>Per quanto tempo conserveremo i tuoi dati personali?<\/h3>\n<p>Saranno conservati per un periodo non superiore a quello necessario al mantenimento delle finalit\u00e0 del trattamento o sussistono obblighi di legge che impongono la loro custodia e quando ci\u00f2 non sar\u00e0 pi\u00f9 necessario, verranno cancellati con misure di sicurezza adeguate a garantire l&#8217;anonimizzazione dei dati o la totale distruzione degli stessi.<\/p>\n<h3>A chi forniamo i tuoi dati personali?<\/h3>\n<p>Non \u00e8 prevista alcuna comunicazione dei dati personali a terzi se non, se necessaria per lo sviluppo e l&#8217;esecuzione delle finalit\u00e0 del trattamento, ai nostri fornitori di servizi relativi alle comunicazioni, con i quali il TITOLARE ha stipulato contratti di riservatezza e di trattamento previsti dalle vigenti normativa sulla privacy.<\/p>\n<h3><span data-sheets-root=\"1\" data-sheets-value=\"{&quot;1&quot;:2,&quot;2&quot;:&quot;Quali sono i tuoi diritti?&quot;}\" data-sheets-userformat=\"{&quot;2&quot;:29569,&quot;3&quot;:{&quot;1&quot;:0},&quot;10&quot;:0,&quot;11&quot;:4,&quot;12&quot;:0,&quot;15&quot;:&quot;Arial&quot;,&quot;16&quot;:11,&quot;17&quot;:1}\">Quali sono i tuoi diritti?<\/span><\/h3>\n<p>I diritti che assistono l&#8217;UTENTE sono:<\/p>\n<div class=\"custom-list-text\">\n<ul>\n<li>Diritto di revocare il consenso in qualsiasi momento.<\/li>\n<li>Diritto di accesso, rettifica, portabilit\u00e0 e cancellazione dei tuoi dati e limitazione o opposizione al loro trattamento.<\/li>\n<li>Diritto di presentare un reclamo all&#8217;autorit\u00e0 di controllo (www.aepd.es) se ritiene che il trattamento non sia conforme alla normativa vigente.<\/li>\n<\/ul>\n<\/div>\n<p>Informazioni di contatto per esercitare i tuoi diritti:<\/p>\n<p>TECNOLOGIA DE CORTE E INGENIERIA SL. C\/COLON, 113 \u2013 46610 GUADASSUAR (Valencia). Email: administracion@cticutting.com<\/p>\n<h2>2. NATURA OBBLIGATORIA O FACOLTATIVA DEI DATI FORNITI DALL&#8217;UTENTE<\/h2>\n<p>Gli UTENTI, selezionando le caselle corrispondenti e inserendo i dati nei campi contrassegnati da un asterisco (*) nel modulo di contatto o presentati nei moduli di download, accettano espressamente, liberamente e inequivocabilmente che i loro dati sono necessari per rispondere alla propria richiesta, su da parte del fornitore, l\u2019inserimento dei dati nei restanti campi \u00e8 facoltativo. L&#8217;UTENTE garantisce che i dati personali forniti al TITOLARE sono veritieri ed \u00e8 responsabile di comunicare qualsiasi modifica degli stessi.<\/p>\n<p>Il TITOLARE informa che tutti i dati richiesti tramite il sito web sono obbligatori, poich\u00e9 necessari per fornire un servizio ottimale all&#8217;UTENTE. Se non vengono forniti tutti i dati, non \u00e8 garantito che le informazioni e i servizi forniti siano completamente adattati alle vostre esigenze.<\/p>\n<h2>3. MISURE DI SICUREZZA<\/h2>\n<p>Che, in conformit\u00e0 con quanto previsto dalla normativa vigente in materia di protezione dei dati personali, il TITOLARE rispetta tutte le disposizioni dei regolamenti GDPR e LOPDGDD per il trattamento dei dati personali sotto la sua responsabilit\u00e0, e manifestamente i principi descritti nell&#8217;articolo. 5 del GDPR, secondo cui sono trattati in modo lecito, corretto e trasparente nei confronti dell&#8217;interessato e adeguati, pertinenti e limitati a quanto necessario rispetto alle finalit\u00e0 per le quali sono trattati.<\/p>\n<p>Il TITOLARE garantisce di aver attuato politiche tecniche e organizzative adeguate per applicare le misure di sicurezza stabilite dal GDPR e dalla LOPDGDD al fine di proteggere i diritti e le libert\u00e0 degli UTENTI e di aver comunicato loro le informazioni appropriate affinch\u00e9 possano esercitarli.<\/p>\n<p>Per ulteriori informazioni sulle garanzie sulla privacy \u00e8 possibile contattare il TITOLARE tramite TECNOLOGIA DE CORTE E INGENIERIA SL. C\/COLON, 113 \u2013 46610 GUADASSUAR (Valencia). E-mail: administracion@tcicutting.com<\/p>\n\t\t<\/div>\n\t\t\t\t\t<\/div>\n\n\t\n<\/div>\n\t\t<\/div>\n\n\t\t\n<style>\n#section_461776673 {\n  padding-top: 100px;\n  padding-bottom: 100px;\n}\n<\/style>\n\t<\/section>\n\t\n","protected":false},"excerpt":{"rendered":"","protected":false},"author":1,"featured_media":0,"parent":0,"menu_order":10000,"comment_status":"closed","ping_status":"closed","template":"","meta":{"footnotes":""},"class_list":["post-2397","page","type-page","status-publish","hentry"],"acf":[],"yoast_head":"<!-- This site is optimized with the Yoast SEO plugin v27.1.1 - https:\/\/yoast.com\/product\/yoast-seo-wordpress\/ -->\n<title>Politica sulla riservatezza | IT<\/title>\n<meta name=\"robots\" content=\"noindex, follow\" \/>\n<meta property=\"og:locale\" content=\"it_IT\" \/>\n<meta property=\"og:type\" content=\"article\" \/>\n<meta property=\"og:title\" content=\"Politica sulla riservatezza | IT\" \/>\n<meta property=\"og:url\" content=\"https:\/\/www.tcicutting.com\/it\/politica-sulla-riservatezza\/\" \/>\n<meta property=\"og:site_name\" content=\"IT\" \/>\n<meta property=\"article:publisher\" content=\"https:\/\/www.instagram.com\/tcicutting\/\" \/>\n<meta property=\"article:modified_time\" content=\"2024-05-31T07:45:42+00:00\" \/>\n<meta property=\"og:image\" content=\"https:\/\/www.tcicutting.com\/it\/wp-content\/uploads\/sites\/4\/2024\/05\/logo-tci.png\" \/>\n\t<meta property=\"og:image:width\" content=\"1200\" \/>\n\t<meta property=\"og:image:height\" content=\"675\" \/>\n\t<meta property=\"og:image:type\" content=\"image\/png\" \/>\n<meta name=\"twitter:card\" content=\"summary_large_image\" \/>\n<meta name=\"twitter:site\" content=\"@tcicutting\" \/>\n<meta name=\"twitter:label1\" content=\"Tempo di lettura stimato\" \/>\n\t<meta name=\"twitter:data1\" content=\"4 minuti\" \/>\n<script type=\"application\/ld+json\" class=\"yoast-schema-graph\">{\"@context\":\"https:\/\/schema.org\",\"@graph\":[{\"@type\":\"WebPage\",\"@id\":\"https:\/\/www.tcicutting.com\/it\/politica-sulla-riservatezza\/\",\"url\":\"https:\/\/www.tcicutting.com\/it\/politica-sulla-riservatezza\/\",\"name\":\"Politica sulla riservatezza | IT\",\"isPartOf\":{\"@id\":\"https:\/\/www.tcicutting.com\/it\/#website\"},\"datePublished\":\"2023-12-20T16:54:00+00:00\",\"dateModified\":\"2024-05-31T07:45:42+00:00\",\"breadcrumb\":{\"@id\":\"https:\/\/www.tcicutting.com\/it\/politica-sulla-riservatezza\/#breadcrumb\"},\"inLanguage\":\"it-IT\",\"potentialAction\":[{\"@type\":\"ReadAction\",\"target\":[\"https:\/\/www.tcicutting.com\/it\/politica-sulla-riservatezza\/\"]}]},{\"@type\":\"BreadcrumbList\",\"@id\":\"https:\/\/www.tcicutting.com\/it\/politica-sulla-riservatezza\/#breadcrumb\",\"itemListElement\":[{\"@type\":\"ListItem\",\"position\":1,\"name\":\"Home\",\"item\":\"https:\/\/www.tcicutting.com\/it\/\"},{\"@type\":\"ListItem\",\"position\":2,\"name\":\"Pol\u00edtica de privacidad\"}]},{\"@type\":\"WebSite\",\"@id\":\"https:\/\/www.tcicutting.com\/it\/#website\",\"url\":\"https:\/\/www.tcicutting.com\/it\/\",\"name\":\"TCI Cutting\",\"description\":\"\",\"publisher\":{\"@id\":\"https:\/\/www.tcicutting.com\/it\/#organization\"},\"potentialAction\":[{\"@type\":\"SearchAction\",\"target\":{\"@type\":\"EntryPoint\",\"urlTemplate\":\"https:\/\/www.tcicutting.com\/it\/?s={search_term_string}\"},\"query-input\":{\"@type\":\"PropertyValueSpecification\",\"valueRequired\":true,\"valueName\":\"search_term_string\"}}],\"inLanguage\":\"it-IT\"},{\"@type\":\"Organization\",\"@id\":\"https:\/\/www.tcicutting.com\/it\/#organization\",\"name\":\"TCI Cutting\",\"url\":\"https:\/\/www.tcicutting.com\/it\/\",\"logo\":{\"@type\":\"ImageObject\",\"inLanguage\":\"it-IT\",\"@id\":\"https:\/\/www.tcicutting.com\/it\/#\/schema\/logo\/image\/\",\"url\":\"https:\/\/www.tcicutting.com\/it\/wp-content\/uploads\/sites\/4\/2024\/05\/logo-tci-cutting.png\",\"contentUrl\":\"https:\/\/www.tcicutting.com\/it\/wp-content\/uploads\/sites\/4\/2024\/05\/logo-tci-cutting.png\",\"width\":695,\"height\":695,\"caption\":\"TCI Cutting\"},\"image\":{\"@id\":\"https:\/\/www.tcicutting.com\/it\/#\/schema\/logo\/image\/\"},\"sameAs\":[\"https:\/\/www.instagram.com\/tcicutting\/\",\"https:\/\/x.com\/tcicutting\",\"https:\/\/www.linkedin.com\/company\/tci-cutting-waterjet&laser-system\/\"]}]}<\/script>\n<!-- \/ Yoast SEO plugin. -->","yoast_head_json":{"title":"Politica sulla riservatezza | IT","robots":{"index":"noindex","follow":"follow"},"og_locale":"it_IT","og_type":"article","og_title":"Politica sulla riservatezza | IT","og_url":"https:\/\/www.tcicutting.com\/it\/politica-sulla-riservatezza\/","og_site_name":"IT","article_publisher":"https:\/\/www.instagram.com\/tcicutting\/","article_modified_time":"2024-05-31T07:45:42+00:00","og_image":[{"width":1200,"height":675,"url":"https:\/\/www.tcicutting.com\/it\/wp-content\/uploads\/sites\/4\/2024\/05\/logo-tci.png","type":"image\/png"}],"twitter_card":"summary_large_image","twitter_site":"@tcicutting","twitter_misc":{"Tempo di lettura stimato":"4 minuti"},"schema":{"@context":"https:\/\/schema.org","@graph":[{"@type":"WebPage","@id":"https:\/\/www.tcicutting.com\/it\/politica-sulla-riservatezza\/","url":"https:\/\/www.tcicutting.com\/it\/politica-sulla-riservatezza\/","name":"Politica sulla riservatezza | IT","isPartOf":{"@id":"https:\/\/www.tcicutting.com\/it\/#website"},"datePublished":"2023-12-20T16:54:00+00:00","dateModified":"2024-05-31T07:45:42+00:00","breadcrumb":{"@id":"https:\/\/www.tcicutting.com\/it\/politica-sulla-riservatezza\/#breadcrumb"},"inLanguage":"it-IT","potentialAction":[{"@type":"ReadAction","target":["https:\/\/www.tcicutting.com\/it\/politica-sulla-riservatezza\/"]}]},{"@type":"BreadcrumbList","@id":"https:\/\/www.tcicutting.com\/it\/politica-sulla-riservatezza\/#breadcrumb","itemListElement":[{"@type":"ListItem","position":1,"name":"Home","item":"https:\/\/www.tcicutting.com\/it\/"},{"@type":"ListItem","position":2,"name":"Pol\u00edtica de privacidad"}]},{"@type":"WebSite","@id":"https:\/\/www.tcicutting.com\/it\/#website","url":"https:\/\/www.tcicutting.com\/it\/","name":"TCI Cutting","description":"","publisher":{"@id":"https:\/\/www.tcicutting.com\/it\/#organization"},"potentialAction":[{"@type":"SearchAction","target":{"@type":"EntryPoint","urlTemplate":"https:\/\/www.tcicutting.com\/it\/?s={search_term_string}"},"query-input":{"@type":"PropertyValueSpecification","valueRequired":true,"valueName":"search_term_string"}}],"inLanguage":"it-IT"},{"@type":"Organization","@id":"https:\/\/www.tcicutting.com\/it\/#organization","name":"TCI Cutting","url":"https:\/\/www.tcicutting.com\/it\/","logo":{"@type":"ImageObject","inLanguage":"it-IT","@id":"https:\/\/www.tcicutting.com\/it\/#\/schema\/logo\/image\/","url":"https:\/\/www.tcicutting.com\/it\/wp-content\/uploads\/sites\/4\/2024\/05\/logo-tci-cutting.png","contentUrl":"https:\/\/www.tcicutting.com\/it\/wp-content\/uploads\/sites\/4\/2024\/05\/logo-tci-cutting.png","width":695,"height":695,"caption":"TCI Cutting"},"image":{"@id":"https:\/\/www.tcicutting.com\/it\/#\/schema\/logo\/image\/"},"sameAs":["https:\/\/www.instagram.com\/tcicutting\/","https:\/\/x.com\/tcicutting","https:\/\/www.linkedin.com\/company\/tci-cutting-waterjet&laser-system\/"]}]}},"_links":{"self":[{"href":"https:\/\/www.tcicutting.com\/it\/wp-json\/wp\/v2\/pages\/2397","targetHints":{"allow":["GET"]}}],"collection":[{"href":"https:\/\/www.tcicutting.com\/it\/wp-json\/wp\/v2\/pages"}],"about":[{"href":"https:\/\/www.tcicutting.com\/it\/wp-json\/wp\/v2\/types\/page"}],"author":[{"embeddable":true,"href":"https:\/\/www.tcicutting.com\/it\/wp-json\/wp\/v2\/users\/1"}],"replies":[{"embeddable":true,"href":"https:\/\/www.tcicutting.com\/it\/wp-json\/wp\/v2\/comments?post=2397"}],"version-history":[{"count":6,"href":"https:\/\/www.tcicutting.com\/it\/wp-json\/wp\/v2\/pages\/2397\/revisions"}],"predecessor-version":[{"id":9292,"href":"https:\/\/www.tcicutting.com\/it\/wp-json\/wp\/v2\/pages\/2397\/revisions\/9292"}],"wp:attachment":[{"href":"https:\/\/www.tcicutting.com\/it\/wp-json\/wp\/v2\/media?parent=2397"}],"curies":[{"name":"wp","href":"https:\/\/api.w.org\/{rel}","templated":true}]}}