{"id":2381,"date":"2023-12-20T16:39:46","date_gmt":"2023-12-20T16:39:46","guid":{"rendered":"https:\/\/tcicutting.com\/es\/?page_id=2381"},"modified":"2024-05-31T09:45:42","modified_gmt":"2024-05-31T07:45:42","slug":"aviso-legale","status":"publish","type":"page","link":"https:\/\/www.tcicutting.com\/it\/aviso-legale\/","title":{"rendered":"Aviso legal"},"content":{"rendered":"\t<section class=\"section\" id=\"section_1874600626\">\n\t\t<div class=\"bg section-bg fill bg-fill  bg-loaded\" >\n\n\t\t\t\n\t\t\t\n\t\t\t\n\n\t\t<\/div>\n\n\t\t\n\n\t\t<div class=\"section-content relative\">\n\t\t\t\n<div class=\"row\"  id=\"row-1150055553\">\n\n\t<div id=\"col-1659563212\" class=\"col small-12 large-12\"  >\n\t\t\t\t<div class=\"col-inner\"  >\n\t\t\t\n\t\t\t\n\t<div id=\"text-1725059857\" class=\"text\">\n\t\t\n<h1>Aviso legale<\/h1>\n\t\t\n<style>\n#text-1725059857 {\n  font-size: 2.1875rem;\n  line-height: 1.1;\n}\n<\/style>\n\t<\/div>\n\t\n<p><strong>LEGGE SUI SERVIZI DELLA SOCIET\u00c0 DELL&#8217;INFORMAZIONE (LSSI)<\/strong><\/p>\n<p>TECNOLOGIA DE CORTE E INGENIERIA SL, responsabile del sito web, di seguito RESPONSABILE, mette a disposizione degli utenti il \u200b\u200bpresente documento, con il quale intende ottemperare agli obblighi stabiliti dalla Legge 34\/2002, dell&#8217;11 luglio, sui servizi della societ\u00e0 dell&#8217;informazione e dell&#8217;elettronica. Commerce (LSSICE), BOE n. 166, nonch\u00e9 informare tutti gli utenti del sito web in merito alle condizioni di utilizzo.<\/p>\n<p>Chiunque acceda a questo sito web assume il ruolo di utente, impegnandosi alla rigorosa osservanza e al rispetto delle disposizioni qui stabilite, nonch\u00e9 di qualsiasi altra disposizione legale eventualmente applicabile.<\/p>\n<p>TECNOLOGIA DE CORTE E INGENIERIA SL si riserva il diritto di modificare qualsiasi tipo di informazione che possa apparire sul sito web, senza alcun obbligo di notifica o informazione degli utenti di tali obblighi, essendo intesa come sufficiente la pubblicazione sul sito web.<\/p>\n<h2>1. DATI IDENTIFICATIVI<\/h2>\n<div class=\"custom-list-text\">\n<ul>\n<li><strong>Nome del dominio:<\/strong> https:\/\/tcicutting.com<\/li>\n<li><strong>Denominazione commerciale:<\/strong> TCICUTTING<\/li>\n<li><strong>Nome dell&#8217;azienda: <\/strong> TECNOLOGIA DE CORTE E INGENIERIA SL<\/li>\n<li><strong>NIF:<\/strong> B97059133<\/li>\n<li><strong>Sede Legale: <\/strong> C\/COLON 113<\/li>\n<li><strong>Tel\u00e9fono:<\/strong> 962 57 22 90<\/li>\n<li><strong>e-mail:<\/strong> contact@tcicutting.com<\/li>\n<li><strong>Iscritta nel Registro (Commerciale\/Pubblico): <\/strong>Registro Mercantil de Valencia<\/li>\n<\/ul>\n<\/div>\n<h2>2. DIRITTI DI PROPRIET\u00c0 INTELLETTUALE E INDUSTRIALE<\/h2>\n<p>Il sito web, inclusi ma non limitati alla sua programmazione, modifica, compilazione e altri elementi necessari per il suo funzionamento, i disegni, i loghi, i testi e\/o la grafica, sono di propriet\u00e0 del TITOLARE o, se applicabile, dispone di una licenza o espressa autorizzazione degli autori. Tutti i contenuti del sito web sono debitamente protetti dalle norme sulla propriet\u00e0 intellettuale e industriale, nonch\u00e9 registrati nei corrispondenti registri pubblici. Indipendentemente dallo scopo per cui sono destinati, la riproduzione, l&#8217;uso, lo sfruttamento, la distribuzione e la commercializzazione totale o parziale richiedono in ogni caso la previa autorizzazione scritta del TITOLARE. Qualsiasi utilizzo non preventivamente autorizzato \u00e8 considerato una grave violazione dei diritti di propriet\u00e0 intellettuale o industriale dell&#8217;autore.<\/p>\n<p>I disegni, i loghi, i testi e\/o la grafica diversi dal TITOLARE ed eventualmente presenti sul sito appartengono ai rispettivi proprietari, e questi ultimi sono responsabili di ogni eventuale controversia che possa sorgere al riguardo. Il TITOLARE autorizza espressamente i terzi a reindirizzare direttamente ai contenuti specifici del sito web, e comunque reindirizzare al sito web principale di https:\/\/tcicutting.com.<\/p>\n<p>Il TITOLARE riconosce i corrispondenti diritti di propriet\u00e0 intellettuale e industriale a favore dei rispettivi titolari, e la loro semplice menzione o comparsa sul sito non implica l&#8217;esistenza di alcun diritto o responsabilit\u00e0 sugli stessi, n\u00e9 implica approvazione, sponsorizzazione o raccomandazione da parte degli stessi. .<\/p>\n<p>Per effettuare qualsiasi tipo di osservazione riguardante possibili violazioni dei diritti di propriet\u00e0 intellettuale o industriale, nonch\u00e9 qualsiasi contenuto del sito Web, \u00e8 possibile farlo tramite e-mail administracion@cticutting.com.<\/p>\n<h2>3. ESCLUSIONE DI RESPONSABILIT\u00c0<\/h2>\n<p>Il TITOLARE \u00e8 esente da qualsiasi tipo di responsabilit\u00e0 derivante dalle informazioni pubblicate sul proprio sito web qualora tali informazioni siano state manipolate o introdotte da terzi estranei ad esso.<\/p>\n\t<div id=\"text-1428571335\" class=\"text\">\n\t\t\n<h2>Utilizzo dei cookie<\/h2>\n\t\t\n<style>\n#text-1428571335 {\n  font-size: 2.1875rem;\n  line-height: 1.1;\n}\n<\/style>\n\t<\/div>\n\t\n<p>Questo sito web pu\u00f2 utilizzare cookie tecnici (piccoli file di informazioni che il server invia al computer di chi accede alla pagina) per svolgere alcune funzioni considerate essenziali per il corretto funzionamento e visualizzazione del sito. I cookie utilizzati hanno, in ogni caso, natura temporanea, al solo scopo di rendere pi\u00f9 efficiente la navigazione, e svaniscono al termine della sessione dell&#8217;utente. In nessun caso questi cookie forniscono di per s\u00e9 dati personali e non verranno utilizzati per raccoglierli.<\/p>\n<p>Attraverso l&#8217;uso dei cookie \u00e8 inoltre possibile che il server su cui si trova il sito web riconosca il browser utilizzato dall&#8217;utente in modo da facilitare la navigazione, consentendo, ad esempio, l&#8217;accesso da parte degli utenti che si sono precedentemente registrati alle aree, ai servizi , promozioni o concorsi riservati esclusivamente a loro senza doversi registrare ad ogni visita. Possono anche essere utilizzati per misurare l&#8217;audience, i parametri del traffico, controllare l&#8217;avanzamento e il numero di ingressi, ecc., in questi casi i cookie sono tecnicamente superflui, ma vantaggiosi per l&#8217;utente. Questo sito web non installer\u00e0 cookie superflui senza il preventivo consenso dell&#8217;utente.<\/p>\n<p>L&#8217;utente ha la possibilit\u00e0 di configurare il proprio browser per essere avvisato quando vengono ricevuti dei cookie e per impedirne l&#8217;installazione sul proprio computer. Ti invitiamo a consultare le istruzioni del tuo browser per ulteriori informazioni.<\/p>\n<p>Politica di collegamento<\/p>\n\t<div id=\"text-1039484977\" class=\"text\">\n\t\t\n<h2>Politica di collegamento<\/h2>\n\t\t\n<style>\n#text-1039484977 {\n  font-size: 2.1875rem;\n  line-height: 1.1;\n}\n<\/style>\n\t<\/div>\n\t\n<p>Dal sito Web potresti essere reindirizzato a contenuti su siti Web di terzi. Poich\u00e9 il TITOLARE non pu\u00f2 sempre controllare i contenuti introdotti da terzi sui rispettivi siti, non assume alcun tipo di responsabilit\u00e0 in merito a tali contenuti. In ogni caso, proceder\u00e0 al ritiro immediato di qualsiasi contenuto che possa contravvenire alla legislazione nazionale o internazionale, alla moralit\u00e0 o all&#8217;ordine pubblico, procedendo al ritiro immediato del reindirizzamento a detto sito web, portando il contenuto all&#8217;attenzione delle autorit\u00e0 competenti. in questione.<\/p>\n<p>Il TITOLARE non \u00e8 responsabile delle informazioni e dei contenuti archiviati, a titolo esemplificativo ma non esaustivo, in forum, chat, generatori di blog, commenti, social network o qualsiasi altro mezzo che consenta a terzi di pubblicare contenuti in modo indipendente sul sito web di il RESPONSABILE. Tuttavia, e in conformit\u00e0 con le disposizioni degli articoli 11 e 16 della LSSICE, \u00e8 messo a disposizione di tutti gli utenti, autorit\u00e0 e forze di sicurezza, collaborando attivamente al ritiro o, se del caso, al blocco di tutti quei contenuti che potrebbero influenzare o contravvenire legislazione nazionale o internazionale, diritti di terzi o moralit\u00e0 e ordine pubblico. Se l&#8217;utente ritiene che sul sito web siano presenti contenuti che potrebbero essere suscettibili di questa classificazione, \u00e8 pregato di avvisare immediatamente l&#8217;amministratore del sito web.<\/p>\n<p>Questo sito Web \u00e8 stato rivisto e testato per funzionare correttamente. In linea di principio \u00e8 possibile garantire il corretto funzionamento 365 giorni all&#8217;anno, 24 ore su 24. Tuttavia, il TITOLARE non esclude la possibilit\u00e0 che vi possano essere alcuni errori di programmazione, o che si possano verificare cause di forza maggiore, catastrofi naturali, scioperi o circostanze simili che rendano impossibile l&#8217;accesso al sito web.<\/p>\n\t<div id=\"text-622975867\" class=\"text\">\n\t\t\n<h2>Indirizzi IP<\/h2>\n\t\t\n<style>\n#text-622975867 {\n  font-size: 2.1875rem;\n  line-height: 1.1;\n}\n<\/style>\n\t<\/div>\n\t\n<p>p&gt;I server del sito web potrebbero rilevare automaticamente l&#8217;indirizzo IP e il nome di dominio utilizzati dall&#8217;utente. Un indirizzo IP \u00e8 un numero assegnato automaticamente a un computer quando si connette a Internet. Tutte queste informazioni sono registrate in un file di attivit\u00e0 del server debitamente registrato che consente la successiva elaborazione dei dati al fine di ottenere solo misurazioni statistiche che consentono di conoscere il numero di impressioni della pagina, il numero di visite effettuate ai server web, l&#8217;ordine delle visite , il punto di accesso, ecc.<\/p>\n<h2>4. LEGGE APPLICABILE E GIURISDIZIONE<\/h2>\n<p>Per la risoluzione di tutte le controversie o questioni relative a questo sito Web o alle attivit\u00e0 svolte sullo stesso, si applicher\u00e0 la legislazione spagnola, alla quale le parti si sottomettono espressamente, essendo competenti per la risoluzione di tutti i conflitti derivanti o relativi al suo utilizzo le corti e i tribunali. pi\u00f9 vicino a GUADASSUAR.<\/p>\n\t\t<\/div>\n\t\t\t\t\t<\/div>\n\n\t\n<\/div>\n\t\t<\/div>\n\n\t\t\n<style>\n#section_1874600626 {\n  padding-top: 100px;\n  padding-bottom: 100px;\n}\n<\/style>\n\t<\/section>\n\t\n","protected":false},"excerpt":{"rendered":"","protected":false},"author":1,"featured_media":0,"parent":0,"menu_order":10001,"comment_status":"closed","ping_status":"closed","template":"","meta":{"footnotes":""},"class_list":["post-2381","page","type-page","status-publish","hentry"],"acf":[],"yoast_head":"<!-- This site is optimized with the Yoast SEO plugin v27.1.1 - https:\/\/yoast.com\/product\/yoast-seo-wordpress\/ -->\n<title>Aviso legale | IT<\/title>\n<meta name=\"robots\" content=\"noindex, follow\" \/>\n<meta property=\"og:locale\" content=\"it_IT\" \/>\n<meta property=\"og:type\" content=\"article\" \/>\n<meta property=\"og:title\" content=\"Aviso legale | IT\" \/>\n<meta property=\"og:url\" content=\"https:\/\/www.tcicutting.com\/it\/aviso-legale\/\" \/>\n<meta property=\"og:site_name\" content=\"IT\" \/>\n<meta property=\"article:publisher\" content=\"https:\/\/www.instagram.com\/tcicutting\/\" \/>\n<meta property=\"article:modified_time\" content=\"2024-05-31T07:45:42+00:00\" \/>\n<meta property=\"og:image\" content=\"https:\/\/www.tcicutting.com\/it\/wp-content\/uploads\/sites\/4\/2024\/05\/logo-tci.png\" \/>\n\t<meta property=\"og:image:width\" content=\"1200\" \/>\n\t<meta property=\"og:image:height\" content=\"675\" \/>\n\t<meta property=\"og:image:type\" content=\"image\/png\" \/>\n<meta name=\"twitter:card\" content=\"summary_large_image\" \/>\n<meta name=\"twitter:site\" content=\"@tcicutting\" \/>\n<meta name=\"twitter:label1\" content=\"Tempo di lettura stimato\" \/>\n\t<meta name=\"twitter:data1\" content=\"7 minuti\" \/>\n<script type=\"application\/ld+json\" class=\"yoast-schema-graph\">{\"@context\":\"https:\/\/schema.org\",\"@graph\":[{\"@type\":\"WebPage\",\"@id\":\"https:\/\/www.tcicutting.com\/it\/aviso-legale\/\",\"url\":\"https:\/\/www.tcicutting.com\/it\/aviso-legale\/\",\"name\":\"Aviso legale | IT\",\"isPartOf\":{\"@id\":\"https:\/\/www.tcicutting.com\/it\/#website\"},\"datePublished\":\"2023-12-20T16:39:46+00:00\",\"dateModified\":\"2024-05-31T07:45:42+00:00\",\"breadcrumb\":{\"@id\":\"https:\/\/www.tcicutting.com\/it\/aviso-legale\/#breadcrumb\"},\"inLanguage\":\"it-IT\",\"potentialAction\":[{\"@type\":\"ReadAction\",\"target\":[\"https:\/\/www.tcicutting.com\/it\/aviso-legale\/\"]}]},{\"@type\":\"BreadcrumbList\",\"@id\":\"https:\/\/www.tcicutting.com\/it\/aviso-legale\/#breadcrumb\",\"itemListElement\":[{\"@type\":\"ListItem\",\"position\":1,\"name\":\"Home\",\"item\":\"https:\/\/www.tcicutting.com\/it\/\"},{\"@type\":\"ListItem\",\"position\":2,\"name\":\"Aviso legal\"}]},{\"@type\":\"WebSite\",\"@id\":\"https:\/\/www.tcicutting.com\/it\/#website\",\"url\":\"https:\/\/www.tcicutting.com\/it\/\",\"name\":\"TCI Cutting\",\"description\":\"\",\"publisher\":{\"@id\":\"https:\/\/www.tcicutting.com\/it\/#organization\"},\"potentialAction\":[{\"@type\":\"SearchAction\",\"target\":{\"@type\":\"EntryPoint\",\"urlTemplate\":\"https:\/\/www.tcicutting.com\/it\/?s={search_term_string}\"},\"query-input\":{\"@type\":\"PropertyValueSpecification\",\"valueRequired\":true,\"valueName\":\"search_term_string\"}}],\"inLanguage\":\"it-IT\"},{\"@type\":\"Organization\",\"@id\":\"https:\/\/www.tcicutting.com\/it\/#organization\",\"name\":\"TCI Cutting\",\"url\":\"https:\/\/www.tcicutting.com\/it\/\",\"logo\":{\"@type\":\"ImageObject\",\"inLanguage\":\"it-IT\",\"@id\":\"https:\/\/www.tcicutting.com\/it\/#\/schema\/logo\/image\/\",\"url\":\"https:\/\/www.tcicutting.com\/it\/wp-content\/uploads\/sites\/4\/2024\/05\/logo-tci-cutting.png\",\"contentUrl\":\"https:\/\/www.tcicutting.com\/it\/wp-content\/uploads\/sites\/4\/2024\/05\/logo-tci-cutting.png\",\"width\":695,\"height\":695,\"caption\":\"TCI Cutting\"},\"image\":{\"@id\":\"https:\/\/www.tcicutting.com\/it\/#\/schema\/logo\/image\/\"},\"sameAs\":[\"https:\/\/www.instagram.com\/tcicutting\/\",\"https:\/\/x.com\/tcicutting\",\"https:\/\/www.linkedin.com\/company\/tci-cutting-waterjet&laser-system\/\"]}]}<\/script>\n<!-- \/ Yoast SEO plugin. -->","yoast_head_json":{"title":"Aviso legale | IT","robots":{"index":"noindex","follow":"follow"},"og_locale":"it_IT","og_type":"article","og_title":"Aviso legale | IT","og_url":"https:\/\/www.tcicutting.com\/it\/aviso-legale\/","og_site_name":"IT","article_publisher":"https:\/\/www.instagram.com\/tcicutting\/","article_modified_time":"2024-05-31T07:45:42+00:00","og_image":[{"width":1200,"height":675,"url":"https:\/\/www.tcicutting.com\/it\/wp-content\/uploads\/sites\/4\/2024\/05\/logo-tci.png","type":"image\/png"}],"twitter_card":"summary_large_image","twitter_site":"@tcicutting","twitter_misc":{"Tempo di lettura stimato":"7 minuti"},"schema":{"@context":"https:\/\/schema.org","@graph":[{"@type":"WebPage","@id":"https:\/\/www.tcicutting.com\/it\/aviso-legale\/","url":"https:\/\/www.tcicutting.com\/it\/aviso-legale\/","name":"Aviso legale | IT","isPartOf":{"@id":"https:\/\/www.tcicutting.com\/it\/#website"},"datePublished":"2023-12-20T16:39:46+00:00","dateModified":"2024-05-31T07:45:42+00:00","breadcrumb":{"@id":"https:\/\/www.tcicutting.com\/it\/aviso-legale\/#breadcrumb"},"inLanguage":"it-IT","potentialAction":[{"@type":"ReadAction","target":["https:\/\/www.tcicutting.com\/it\/aviso-legale\/"]}]},{"@type":"BreadcrumbList","@id":"https:\/\/www.tcicutting.com\/it\/aviso-legale\/#breadcrumb","itemListElement":[{"@type":"ListItem","position":1,"name":"Home","item":"https:\/\/www.tcicutting.com\/it\/"},{"@type":"ListItem","position":2,"name":"Aviso legal"}]},{"@type":"WebSite","@id":"https:\/\/www.tcicutting.com\/it\/#website","url":"https:\/\/www.tcicutting.com\/it\/","name":"TCI Cutting","description":"","publisher":{"@id":"https:\/\/www.tcicutting.com\/it\/#organization"},"potentialAction":[{"@type":"SearchAction","target":{"@type":"EntryPoint","urlTemplate":"https:\/\/www.tcicutting.com\/it\/?s={search_term_string}"},"query-input":{"@type":"PropertyValueSpecification","valueRequired":true,"valueName":"search_term_string"}}],"inLanguage":"it-IT"},{"@type":"Organization","@id":"https:\/\/www.tcicutting.com\/it\/#organization","name":"TCI Cutting","url":"https:\/\/www.tcicutting.com\/it\/","logo":{"@type":"ImageObject","inLanguage":"it-IT","@id":"https:\/\/www.tcicutting.com\/it\/#\/schema\/logo\/image\/","url":"https:\/\/www.tcicutting.com\/it\/wp-content\/uploads\/sites\/4\/2024\/05\/logo-tci-cutting.png","contentUrl":"https:\/\/www.tcicutting.com\/it\/wp-content\/uploads\/sites\/4\/2024\/05\/logo-tci-cutting.png","width":695,"height":695,"caption":"TCI Cutting"},"image":{"@id":"https:\/\/www.tcicutting.com\/it\/#\/schema\/logo\/image\/"},"sameAs":["https:\/\/www.instagram.com\/tcicutting\/","https:\/\/x.com\/tcicutting","https:\/\/www.linkedin.com\/company\/tci-cutting-waterjet&laser-system\/"]}]}},"_links":{"self":[{"href":"https:\/\/www.tcicutting.com\/it\/wp-json\/wp\/v2\/pages\/2381","targetHints":{"allow":["GET"]}}],"collection":[{"href":"https:\/\/www.tcicutting.com\/it\/wp-json\/wp\/v2\/pages"}],"about":[{"href":"https:\/\/www.tcicutting.com\/it\/wp-json\/wp\/v2\/types\/page"}],"author":[{"embeddable":true,"href":"https:\/\/www.tcicutting.com\/it\/wp-json\/wp\/v2\/users\/1"}],"replies":[{"embeddable":true,"href":"https:\/\/www.tcicutting.com\/it\/wp-json\/wp\/v2\/comments?post=2381"}],"version-history":[{"count":20,"href":"https:\/\/www.tcicutting.com\/it\/wp-json\/wp\/v2\/pages\/2381\/revisions"}],"predecessor-version":[{"id":9286,"href":"https:\/\/www.tcicutting.com\/it\/wp-json\/wp\/v2\/pages\/2381\/revisions\/9286"}],"wp:attachment":[{"href":"https:\/\/www.tcicutting.com\/it\/wp-json\/wp\/v2\/media?parent=2381"}],"curies":[{"name":"wp","href":"https:\/\/api.w.org\/{rel}","templated":true}]}}