{"id":3543,"date":"2024-01-12T08:50:08","date_gmt":"2024-01-12T08:50:08","guid":{"rendered":"https:\/\/tcicutting.com\/es\/?page_id=3543"},"modified":"2025-06-27T15:23:06","modified_gmt":"2025-06-27T13:23:06","slug":"cdti","status":"publish","type":"page","link":"https:\/\/www.tcicutting.com\/fr\/cdti\/","title":{"rendered":"CDTI"},"content":{"rendered":"\t<section class=\"section\" id=\"section_778130205\">\n\t\t<div class=\"bg section-bg fill bg-fill  bg-loaded\" >\n\n\t\t\t\n\t\t\t\n\t\t\t\n\n\t\t<\/div>\n\n\t\t\n\n\t\t<div class=\"section-content relative\">\n\t\t\t\n\t<div id=\"gap-1944965413\" class=\"gap-element clearfix\" style=\"display:block; height:auto;\">\n\t\t\n<style>\n#gap-1944965413 {\n  padding-top: 100px;\n}\n@media (min-width:550px) {\n  #gap-1944965413 {\n    padding-top: 140px;\n  }\n}\n<\/style>\n\t<\/div>\n\t\n<div class=\"row align-middle\"  id=\"row-1938996034\">\n\n\t<div id=\"col-1288770706\" class=\"col medium-12 small-12 large-6\"  >\n\t\t\t\t<div class=\"col-inner\"  >\n\t\t\t\n\t\t\t\n\t<div class=\"img has-hover br-20 x md-x lg-x y md-y lg-y\" id=\"image_1362737319\">\n\t\t\t\t\t\t\t\t<div class=\"img-inner dark\" >\n\t\t\t<img loading=\"lazy\" decoding=\"async\" width=\"800\" height=\"800\" src=\"https:\/\/www.tcicutting.com\/fr\/wp-content\/uploads\/sites\/3\/2024\/01\/tci-cutting-cdti-2022.jpg\" class=\"attachment-original size-original\" alt=\"\" srcset=\"https:\/\/www.tcicutting.com\/fr\/wp-content\/uploads\/sites\/3\/2024\/01\/tci-cutting-cdti-2022.jpg 800w, https:\/\/www.tcicutting.com\/fr\/wp-content\/uploads\/sites\/3\/2024\/01\/tci-cutting-cdti-2022-400x400.jpg 400w, https:\/\/www.tcicutting.com\/fr\/wp-content\/uploads\/sites\/3\/2024\/01\/tci-cutting-cdti-2022-768x768.jpg 768w\" sizes=\"auto, (max-width: 800px) 100vw, 800px\" \/>\t\t\t\t\t\t\n\t\t\t\t\t<\/div>\n\t\t\t\t\t\t\t\t\n<style>\n#image_1362737319 {\n  width: 100%;\n}\n<\/style>\n\t<\/div>\n\t\n\t\t<\/div>\n\t\t\t\t\t<\/div>\n\n\t\n\n\t<div id=\"col-1984507818\" class=\"col medium-12 small-12 large-6 medium-col-first\"  >\n\t\t\t\t<div class=\"col-inner\"  >\n\t\t\t\n\t\t\t\n<div class=\"row row-collapse\"  id=\"row-1405075199\">\n\n\t<div id=\"col-972509134\" class=\"col pb-0 red-line-column small-12 large-12\"  >\n\t\t\t\t<div class=\"col-inner\"  >\n\t\t\t\n\t\t\t\n\t<div id=\"gap-74367851\" class=\"gap-element clearfix\" style=\"display:block; height:auto;\">\n\t\t\n<style>\n#gap-74367851 {\n  padding-top: 4px;\n}\n<\/style>\n\t<\/div>\n\t\n\t<div id=\"text-3992609291\" class=\"text txt-mb-0 ls-pretitle fw-300\">\n\t\t\n<h1>FONDS EUROP\u00c9EN DE D\u00c9VELOPPEMENT R\u00c9GIONAL<\/h1>\n\t\t\n<style>\n#text-3992609291 {\n  line-height: 1.4;\n}\n<\/style>\n\t<\/div>\n\t\n\t<div id=\"gap-1700757995\" class=\"gap-element clearfix\" style=\"display:block; height:auto;\">\n\t\t\n<style>\n#gap-1700757995 {\n  padding-top: 20px;\n}\n@media (min-width:550px) {\n  #gap-1700757995 {\n    padding-top: 30px;\n  }\n}\n<\/style>\n\t<\/div>\n\t\n\t<div id=\"text-872387002\" class=\"text txt-mb-0 doubled-font\">\n\t\t\n<h2>Un moyen de faire l\u2019europe<\/h2>\n\t\t\n<style>\n#text-872387002 {\n  font-size: 1.3rem;\n  line-height: 1.1;\n}\n@media (min-width:550px) {\n  #text-872387002 {\n    font-size: 1.7rem;\n  }\n}\n@media (min-width:850px) {\n  #text-872387002 {\n    font-size: 1.9rem;\n  }\n}\n<\/style>\n\t<\/div>\n\t\n\t\t<\/div>\n\t\t\t\t\n<style>\n#col-972509134 > .col-inner {\n  margin: 0px 0px 50px 0px;\n}\n<\/style>\n\t<\/div>\n\n\t\n<\/div>\n\t<div id=\"text-2364817013\" class=\"text\">\n\t\t\n<p><strong>Tecnolog\u00eda de corte e Ingenier\u00eda, S.L. <\/strong>a r\u00e9alis\u00e9 un projet de R&amp;D \u00ab COMBI 3D \u00bb dans ses installations de Guadassuar (Valence) dans le but de d\u00e9velopper un syst\u00e8me de contr\u00f4le de la production en utilisant des technologies combin\u00e9es de d\u00e9coupe tridimensionnelle.<\/p>\n<p><strong>Budget:<\/strong> 904.204 \u20ac<br \/>\n<strong>Cofinanc\u00e9 par le CDTI et le FEDERR<\/strong><br \/>\n<strong>D\u00e9lai d\u2019ex\u00e9cution:<\/strong>26\/04\/2019 a 31\/12\/2020<\/p>\n\t\t\n<style>\n#text-2364817013 {\n  font-size: 1rem;\n  line-height: 1.6;\n}\n@media (min-width:550px) {\n  #text-2364817013 {\n    font-size: 1.125rem;\n  }\n}\n<\/style>\n\t<\/div>\n\t\n\t<div id=\"gap-1377990593\" class=\"gap-element clearfix\" style=\"display:block; height:auto;\">\n\t\t\n<style>\n#gap-1377990593 {\n  padding-top: 25px;\n}\n<\/style>\n\t<\/div>\n\t\n<div class=\"ux-logo has-hover align-middle ux_logo inline-block\" style=\"max-width: 100%!important; width: 143.68421052632px!important\"><div class=\"ux-logo-link block image-\" title=\"\" href=\"\" style=\"padding: 15px;\"><img decoding=\"async\" src=\"https:\/\/www.tcicutting.com\/fr\/wp-content\/uploads\/sites\/3\/2024\/01\/logo-union-europea.png\" title=\"\" alt=\"\" class=\"ux-logo-image block\" style=\"height:100px;\" \/><\/div><\/div>\n\t<div id=\"gap-1106860345\" class=\"gap-element clearfix show-for-small\" style=\"display:block; height:auto;\">\n\t\t\n<style>\n#gap-1106860345 {\n  padding-top: 30px;\n}\n@media (min-width:550px) {\n  #gap-1106860345 {\n    padding-top: 30px;\n  }\n}\n<\/style>\n\t<\/div>\n\t\n<div class=\"ux-logo has-hover align-middle ux_logo inline-block\" style=\"max-width: 100%!important; width: 378.8926746167px!important\"><div class=\"ux-logo-link block image-\" title=\"\" href=\"\" style=\"padding: 15px;\"><img decoding=\"async\" src=\"https:\/\/www.tcicutting.com\/fr\/wp-content\/uploads\/sites\/3\/2024\/01\/tci-cdti-2048x587-1.webp\" title=\"\" alt=\"\" class=\"ux-logo-image block\" style=\"height:100px;\" \/><\/div><\/div>\n\t\t<\/div>\n\t\t\t\t\n<style>\n#col-1984507818 > .col-inner {\n  padding: 0px 0px 20px 0px;\n}\n@media (min-width:550px) {\n  #col-1984507818 > .col-inner {\n    padding: 0px 0px 20px 0px;\n  }\n}\n@media (min-width:850px) {\n  #col-1984507818 > .col-inner {\n    padding: 40px 0px 20px 12%;\n  }\n}\n<\/style>\n\t<\/div>\n\n\t\n<\/div>\n\t<div id=\"gap-1387750595\" class=\"gap-element clearfix\" style=\"display:block; height:auto;\">\n\t\t\n<style>\n#gap-1387750595 {\n  padding-top: 100px;\n}\n@media (min-width:550px) {\n  #gap-1387750595 {\n    padding-top: 140px;\n  }\n}\n<\/style>\n\t<\/div>\n\t\n\t\t<\/div>\n\n\t\t\n<style>\n#section_778130205 {\n  padding-top: 0px;\n  padding-bottom: 0px;\n}\n<\/style>\n\t<\/section>\n\t\n","protected":false},"excerpt":{"rendered":"","protected":false},"author":1,"featured_media":0,"parent":0,"menu_order":0,"comment_status":"closed","ping_status":"closed","template":"","meta":{"footnotes":""},"class_list":["post-3543","page","type-page","status-publish","hentry"],"acf":[],"yoast_head":"<!-- This site is optimized with the Yoast SEO plugin v27.1.1 - https:\/\/yoast.com\/product\/yoast-seo-wordpress\/ -->\n<title>Fonds Europ\u00e9en de D\u00e9veloppement R\u00e9gional | TCI Cutting<\/title>\n<meta name=\"description\" content=\"Tecnolog\u00eda de corte e Ingenier\u00eda, S.L. a r\u00e9alis\u00e9 un projet de R&amp;D \u00ab SMARTTUBE 3D \u00bb pour la recherche et le d\u00e9veloppement de nouvelles technologies.\" \/>\n<meta name=\"robots\" content=\"noindex, follow\" \/>\n<meta property=\"og:locale\" content=\"fr_FR\" \/>\n<meta property=\"og:type\" content=\"article\" \/>\n<meta property=\"og:title\" content=\"Fonds Europ\u00e9en de D\u00e9veloppement R\u00e9gional | TCI Cutting\" \/>\n<meta property=\"og:description\" content=\"Tecnolog\u00eda de corte e Ingenier\u00eda, S.L. a r\u00e9alis\u00e9 un projet de R&amp;D \u00ab SMARTTUBE 3D \u00bb pour la recherche et le d\u00e9veloppement de nouvelles technologies.\" \/>\n<meta property=\"og:url\" content=\"https:\/\/www.tcicutting.com\/fr\/cdti\/\" \/>\n<meta property=\"og:site_name\" content=\"FR\" \/>\n<meta property=\"article:publisher\" content=\"https:\/\/www.facebook.com\/TCICutting\/\" \/>\n<meta property=\"article:modified_time\" content=\"2025-06-27T13:23:06+00:00\" \/>\n<meta property=\"og:image\" content=\"https:\/\/www.tcicutting.com\/fr\/wp-content\/uploads\/sites\/3\/2024\/05\/logo-tci.png\" \/>\n\t<meta property=\"og:image:width\" content=\"1200\" \/>\n\t<meta property=\"og:image:height\" content=\"675\" \/>\n\t<meta property=\"og:image:type\" content=\"image\/png\" \/>\n<meta name=\"twitter:card\" content=\"summary_large_image\" \/>\n<meta name=\"twitter:site\" content=\"@tcicutting\" \/>\n<meta name=\"twitter:label1\" content=\"Dur\u00e9e de lecture estim\u00e9e\" \/>\n\t<meta name=\"twitter:data1\" content=\"1 minute\" \/>\n<script type=\"application\/ld+json\" class=\"yoast-schema-graph\">{\"@context\":\"https:\/\/schema.org\",\"@graph\":[{\"@type\":\"WebPage\",\"@id\":\"https:\/\/www.tcicutting.com\/fr\/cdti\/\",\"url\":\"https:\/\/www.tcicutting.com\/fr\/cdti\/\",\"name\":\"Fonds Europ\u00e9en de D\u00e9veloppement R\u00e9gional | TCI Cutting\",\"isPartOf\":{\"@id\":\"https:\/\/www.tcicutting.com\/fr\/#website\"},\"datePublished\":\"2024-01-12T08:50:08+00:00\",\"dateModified\":\"2025-06-27T13:23:06+00:00\",\"description\":\"Tecnolog\u00eda de corte e Ingenier\u00eda, S.L. a r\u00e9alis\u00e9 un projet de R&D \u00ab SMARTTUBE 3D \u00bb pour la recherche et le d\u00e9veloppement de nouvelles technologies.\",\"breadcrumb\":{\"@id\":\"https:\/\/www.tcicutting.com\/fr\/cdti\/#breadcrumb\"},\"inLanguage\":\"fr-FR\",\"potentialAction\":[{\"@type\":\"ReadAction\",\"target\":[\"https:\/\/www.tcicutting.com\/fr\/cdti\/\"]}]},{\"@type\":\"BreadcrumbList\",\"@id\":\"https:\/\/www.tcicutting.com\/fr\/cdti\/#breadcrumb\",\"itemListElement\":[{\"@type\":\"ListItem\",\"position\":1,\"name\":\"Home\",\"item\":\"https:\/\/www.tcicutting.com\/fr\/\"},{\"@type\":\"ListItem\",\"position\":2,\"name\":\"CDTI\"}]},{\"@type\":\"WebSite\",\"@id\":\"https:\/\/www.tcicutting.com\/fr\/#website\",\"url\":\"https:\/\/www.tcicutting.com\/fr\/\",\"name\":\"TCI Cutting\",\"description\":\"\",\"publisher\":{\"@id\":\"https:\/\/www.tcicutting.com\/fr\/#organization\"},\"alternateName\":\"TCI Cutting\",\"potentialAction\":[{\"@type\":\"SearchAction\",\"target\":{\"@type\":\"EntryPoint\",\"urlTemplate\":\"https:\/\/www.tcicutting.com\/fr\/?s={search_term_string}\"},\"query-input\":{\"@type\":\"PropertyValueSpecification\",\"valueRequired\":true,\"valueName\":\"search_term_string\"}}],\"inLanguage\":\"fr-FR\"},{\"@type\":\"Organization\",\"@id\":\"https:\/\/www.tcicutting.com\/fr\/#organization\",\"name\":\"TCI Cutting\",\"alternateName\":\"TCI Cutting\",\"url\":\"https:\/\/www.tcicutting.com\/fr\/\",\"logo\":{\"@type\":\"ImageObject\",\"inLanguage\":\"fr-FR\",\"@id\":\"https:\/\/www.tcicutting.com\/fr\/#\/schema\/logo\/image\/\",\"url\":\"https:\/\/nueva2023.tcicutting.com\/fr\/wp-content\/uploads\/sites\/3\/2024\/05\/logo-tci-cutting.png\",\"contentUrl\":\"https:\/\/nueva2023.tcicutting.com\/fr\/wp-content\/uploads\/sites\/3\/2024\/05\/logo-tci-cutting.png\",\"width\":695,\"height\":695,\"caption\":\"TCI Cutting\"},\"image\":{\"@id\":\"https:\/\/www.tcicutting.com\/fr\/#\/schema\/logo\/image\/\"},\"sameAs\":[\"https:\/\/www.facebook.com\/TCICutting\/\",\"https:\/\/x.com\/tcicutting\",\"https:\/\/www.instagram.com\/tcicutting\/\",\"https:\/\/www.linkedin.com\/company\/tci-cutting-waterjet&laser-system\/\"]}]}<\/script>\n<!-- \/ Yoast SEO plugin. -->","yoast_head_json":{"title":"Fonds Europ\u00e9en de D\u00e9veloppement R\u00e9gional | TCI Cutting","description":"Tecnolog\u00eda de corte e Ingenier\u00eda, S.L. a r\u00e9alis\u00e9 un projet de R&D \u00ab SMARTTUBE 3D \u00bb pour la recherche et le d\u00e9veloppement de nouvelles technologies.","robots":{"index":"noindex","follow":"follow"},"og_locale":"fr_FR","og_type":"article","og_title":"Fonds Europ\u00e9en de D\u00e9veloppement R\u00e9gional | TCI Cutting","og_description":"Tecnolog\u00eda de corte e Ingenier\u00eda, S.L. a r\u00e9alis\u00e9 un projet de R&D \u00ab SMARTTUBE 3D \u00bb pour la recherche et le d\u00e9veloppement de nouvelles technologies.","og_url":"https:\/\/www.tcicutting.com\/fr\/cdti\/","og_site_name":"FR","article_publisher":"https:\/\/www.facebook.com\/TCICutting\/","article_modified_time":"2025-06-27T13:23:06+00:00","og_image":[{"width":1200,"height":675,"url":"https:\/\/www.tcicutting.com\/fr\/wp-content\/uploads\/sites\/3\/2024\/05\/logo-tci.png","type":"image\/png"}],"twitter_card":"summary_large_image","twitter_site":"@tcicutting","twitter_misc":{"Dur\u00e9e de lecture estim\u00e9e":"1 minute"},"schema":{"@context":"https:\/\/schema.org","@graph":[{"@type":"WebPage","@id":"https:\/\/www.tcicutting.com\/fr\/cdti\/","url":"https:\/\/www.tcicutting.com\/fr\/cdti\/","name":"Fonds Europ\u00e9en de D\u00e9veloppement R\u00e9gional | TCI Cutting","isPartOf":{"@id":"https:\/\/www.tcicutting.com\/fr\/#website"},"datePublished":"2024-01-12T08:50:08+00:00","dateModified":"2025-06-27T13:23:06+00:00","description":"Tecnolog\u00eda de corte e Ingenier\u00eda, S.L. a r\u00e9alis\u00e9 un projet de R&D \u00ab SMARTTUBE 3D \u00bb pour la recherche et le d\u00e9veloppement de nouvelles technologies.","breadcrumb":{"@id":"https:\/\/www.tcicutting.com\/fr\/cdti\/#breadcrumb"},"inLanguage":"fr-FR","potentialAction":[{"@type":"ReadAction","target":["https:\/\/www.tcicutting.com\/fr\/cdti\/"]}]},{"@type":"BreadcrumbList","@id":"https:\/\/www.tcicutting.com\/fr\/cdti\/#breadcrumb","itemListElement":[{"@type":"ListItem","position":1,"name":"Home","item":"https:\/\/www.tcicutting.com\/fr\/"},{"@type":"ListItem","position":2,"name":"CDTI"}]},{"@type":"WebSite","@id":"https:\/\/www.tcicutting.com\/fr\/#website","url":"https:\/\/www.tcicutting.com\/fr\/","name":"TCI Cutting","description":"","publisher":{"@id":"https:\/\/www.tcicutting.com\/fr\/#organization"},"alternateName":"TCI Cutting","potentialAction":[{"@type":"SearchAction","target":{"@type":"EntryPoint","urlTemplate":"https:\/\/www.tcicutting.com\/fr\/?s={search_term_string}"},"query-input":{"@type":"PropertyValueSpecification","valueRequired":true,"valueName":"search_term_string"}}],"inLanguage":"fr-FR"},{"@type":"Organization","@id":"https:\/\/www.tcicutting.com\/fr\/#organization","name":"TCI Cutting","alternateName":"TCI Cutting","url":"https:\/\/www.tcicutting.com\/fr\/","logo":{"@type":"ImageObject","inLanguage":"fr-FR","@id":"https:\/\/www.tcicutting.com\/fr\/#\/schema\/logo\/image\/","url":"https:\/\/nueva2023.tcicutting.com\/fr\/wp-content\/uploads\/sites\/3\/2024\/05\/logo-tci-cutting.png","contentUrl":"https:\/\/nueva2023.tcicutting.com\/fr\/wp-content\/uploads\/sites\/3\/2024\/05\/logo-tci-cutting.png","width":695,"height":695,"caption":"TCI Cutting"},"image":{"@id":"https:\/\/www.tcicutting.com\/fr\/#\/schema\/logo\/image\/"},"sameAs":["https:\/\/www.facebook.com\/TCICutting\/","https:\/\/x.com\/tcicutting","https:\/\/www.instagram.com\/tcicutting\/","https:\/\/www.linkedin.com\/company\/tci-cutting-waterjet&laser-system\/"]}]}},"_links":{"self":[{"href":"https:\/\/www.tcicutting.com\/fr\/wp-json\/wp\/v2\/pages\/3543","targetHints":{"allow":["GET"]}}],"collection":[{"href":"https:\/\/www.tcicutting.com\/fr\/wp-json\/wp\/v2\/pages"}],"about":[{"href":"https:\/\/www.tcicutting.com\/fr\/wp-json\/wp\/v2\/types\/page"}],"author":[{"embeddable":true,"href":"https:\/\/www.tcicutting.com\/fr\/wp-json\/wp\/v2\/users\/1"}],"replies":[{"embeddable":true,"href":"https:\/\/www.tcicutting.com\/fr\/wp-json\/wp\/v2\/comments?post=3543"}],"version-history":[{"count":13,"href":"https:\/\/www.tcicutting.com\/fr\/wp-json\/wp\/v2\/pages\/3543\/revisions"}],"predecessor-version":[{"id":9356,"href":"https:\/\/www.tcicutting.com\/fr\/wp-json\/wp\/v2\/pages\/3543\/revisions\/9356"}],"wp:attachment":[{"href":"https:\/\/www.tcicutting.com\/fr\/wp-json\/wp\/v2\/media?parent=3543"}],"curies":[{"name":"wp","href":"https:\/\/api.w.org\/{rel}","templated":true}]}}