{"id":2078,"date":"2023-12-01T13:56:41","date_gmt":"2023-12-01T13:56:41","guid":{"rendered":"https:\/\/tcicutting.com\/es\/?page_id=2078"},"modified":"2025-05-28T16:19:12","modified_gmt":"2025-05-28T14:19:12","slug":"audit-virtuel-tubes-et-profils","status":"publish","type":"page","link":"https:\/\/www.tcicutting.com\/fr\/audit-virtuel-tubes-et-profils\/","title":{"rendered":"AUDIT VIRTUEL TUBES ET PROFILS | TCI Cutting"},"content":{"rendered":"\t<section class=\"section form-auditoria-section\" id=\"section_563218236\">\n\t\t<div class=\"bg section-bg fill bg-fill  bg-loaded\" >\n\n\t\t\t\n\t\t\t\n\t\t\t\n\n\t\t<\/div>\n\n\t\t\n\n\t\t<div class=\"section-content relative\">\n\t\t\t\n<div class=\"row\"  id=\"row-1824379624\">\n\n\t<div id=\"col-389640977\" class=\"col small-12 large-12\"  >\n\t\t\t\t<div class=\"col-inner\"  >\n\t\t\t\n\t\t\t\n\n<div class=\"frm_forms  with_frm_style frm_style_estilos-formidable\" id=\"frm_form_48_container\" data-token=\"d43443cc9a476f7375defbf7ddb23711\">\n<form enctype=\"multipart\/form-data\" method=\"post\" class=\"frm-show-form  frm_pro_form  frm_slideup \" id=\"form_auditoria-virtual-tubos-y-perfiles\" data-token=\"d43443cc9a476f7375defbf7ddb23711\">\n<div class=\"frm_form_fields  frm_page_num_1\">\n<fieldset>\n<div class=\"frm_rootline_group\" role=\"group\" tabindex=\"0\" aria-label=\"Page 1 sur 9\" ><ul class=\"frm_page_bar frm_rootline_9 frm_progress frm_progress_line frm_no_numbers frm_show_lines \"><li class=\"frm_rootline_single frm_current_page\"><input type=\"button\" value=\"1\" data-page=\"\" class=\" frm_page_1\" aria-disabled=\"true\" data-field=\"0\" aria-label=\"P\u00e1gina 1\"  \/><\/li><li class=\"frm_rootline_single\"><input type=\"button\" value=\"2\" data-page=\"4\" class=\"frm_page_skip frm_page_2\" data-field=\"451\" aria-label=\"Page 2\"  \/><\/li><li class=\"frm_rootline_single\"><input type=\"button\" value=\"3\" data-page=\"8\" class=\"frm_page_skip frm_page_3\" data-field=\"453\" aria-label=\"Page 3\"  \/><\/li><li class=\"frm_rootline_single\"><input type=\"button\" value=\"4\" data-page=\"12\" class=\"frm_page_skip frm_page_4\" data-field=\"455\" aria-label=\"Page 4\"  \/><\/li><li class=\"frm_rootline_single\"><input type=\"button\" value=\"5\" data-page=\"20\" class=\"frm_page_skip frm_page_5\" data-field=\"459\" aria-label=\"Page 5\"  \/><\/li><li class=\"frm_rootline_single\"><input type=\"button\" value=\"6\" data-page=\"24\" class=\"frm_page_skip frm_page_6\" data-field=\"461\" aria-label=\"Page 6\"  \/><\/li><li class=\"frm_rootline_single\"><input type=\"button\" value=\"7\" data-page=\"28\" class=\"frm_page_skip frm_page_7\" data-field=\"463\" aria-label=\"Page 7\"  \/><\/li><li class=\"frm_rootline_single\"><input type=\"button\" value=\"8\" data-page=\"32\" class=\"frm_page_skip frm_page_8\" data-field=\"465\" aria-label=\"Page 8\"  \/><\/li><li class=\"frm_rootline_single\"><input type=\"button\" value=\"9\" data-page=\"36\" class=\"frm_page_skip frm_page_9\" data-field=\"467\" aria-label=\"Page 9\"  \/><\/li><\/ul><div class=\"frm_clearfix\"><\/div><\/div><legend class=\"frm_screen_reader\">Auditoria Virtual Tubos y Perfiles (Supercharge)<\/legend>\r\n\r\n<div class=\"frm_fields_container\">\n<input type=\"hidden\" name=\"frm_action\" value=\"create\" \/>\n<input type=\"hidden\" name=\"form_id\" value=\"48\" \/>\n<input type=\"hidden\" name=\"frm_hide_fields_48\" id=\"frm_hide_fields_48\" value=\"\" \/>\n<input type=\"hidden\" name=\"form_key\" value=\"auditoria-virtual-tubos-y-perfiles\" \/>\n<input type=\"hidden\" name=\"item_meta[0]\" value=\"\" \/>\n<input type=\"hidden\" id=\"frm_submit_entry_48\" name=\"frm_submit_entry_48\" value=\"522789c466\" \/><input type=\"hidden\" name=\"_wp_http_referer\" value=\"\/fr\/wp-json\/wp\/v2\/pages\/2078\" \/><div id=\"frm_field_450_container\" class=\"frm_form_field  frm_html_container form-field\">\n<div class=\"red-line-column\">\n<div class=\"col-inner\">\n<h2><span class=\"ls-pretitle fw-300 uppercase\">AUDIT VIRTUEL<\/span>Machine \u00e0 d\u00e9couper tubes et profil\u00e9s<\/h2>\n<\/div>\n<\/div>\n<p class=\"audit-p\">Nous avons con\u00e7u une s\u00e9rie de questions pour identifier vos besoins en mati\u00e8re de coupe de tubes et de profil\u00e9s.<br \/>\nAvec vos r\u00e9ponses, notre \u00e9quipe d'experts \u00e9tudiera la meilleure solution de coupe pour vous.<br \/>\nDes machines de coupe, des solutions d'automatisation personnalis\u00e9es et des logiciels intelligents pour \u00eatre plus comp\u00e9titif, plus productif et plus rentable.\n<\/p>\n<\/div>\n<input type=\"hidden\" name=\"frm_page_order_48\" id=\"frm_page_order_48\" value=\"4\" \/><input type=\"hidden\" name=\"item_meta[452]\" id=\"field_hubmj3-0\" value=\"\"     \/>\n<input type=\"hidden\" name=\"item_meta[453]\" id=\"field_9ijz83\" value=\"\"     \/>\n<input type=\"hidden\" name=\"item_meta[454]\" id=\"field_tefpb3-0\" value=\"\"     \/>\n<input type=\"hidden\" name=\"item_meta[455]\" id=\"field_ykjjd3\" value=\"\"     \/>\n<input type=\"hidden\" name=\"item_meta[458]\" id=\"field_8k5co3-0\" value=\"\"     \/>\n<input type=\"hidden\" name=\"item_meta[459]\" id=\"field_12ojt3\" value=\"\"     \/>\n<input type=\"hidden\" name=\"item_meta[460]\" id=\"field_b91qz3-0\" value=\"\"     \/>\n<input type=\"hidden\" name=\"item_meta[461]\" id=\"field_g1xxd3\" value=\"\"     \/>\n<input type=\"hidden\" name=\"item_meta[462]\" id=\"field_sxv3m-0\" value=\"\"     \/>\n<input type=\"hidden\" name=\"item_meta[463]\" id=\"field_xv5dl\" value=\"\"     \/>\n<input type=\"hidden\" name=\"item_meta[464]\" id=\"field_lamdh-0\" value=\"\"     \/>\n<input type=\"hidden\" name=\"item_meta[465]\" id=\"field_ntyx\" value=\"\"     \/>\n<input type=\"hidden\" name=\"item_meta[466]\" id=\"field_h0zw2-0\" value=\"\"     \/>\n<input type=\"hidden\" name=\"item_meta[467]\" id=\"field_q887o\" value=\"\"     \/>\n<input type=\"hidden\" name=\"item_meta[468]\" id=\"field_u8pw3\" value=\"\"     \/>\n<input type=\"hidden\" name=\"item_meta[469]\" id=\"field_biwm73\" value=\"\"  autocomplete=\"email\"     \/>\n<input type=\"hidden\" name=\"item_meta[470]\" id=\"field_tdyh03\" value=\"\"     \/>\n<input type=\"hidden\" name=\"item_meta[471]\" id=\"field_fxa8x3\" value=\"\"     \/>\n<input type=\"hidden\" name=\"item_meta[472]\" id=\"field_qhhl93\" value=\"France\"  data-placeholder=\"Pays *\"  data-frmval=\"France\"   \/>\n<input type=\"hidden\" name=\"item_meta[473]\" id=\"field_enviar3\" value=\"\"     \/>\n\t<input type=\"hidden\" name=\"item_key\" value=\"\" \/>\n\t\t\t<div id=\"frm_field_509_container\">\n\t\t\t<label for=\"field_d6g5r\" >\n\t\t\t\tSi vous \u00eates un humain, ne remplissez pas ce champ.\t\t\t<\/label>\n\t\t\t<input  id=\"field_d6g5r\" type=\"text\" class=\"frm_form_field form-field frm_verify\" name=\"item_meta[509]\" value=\"\"  \/>\n\t\t<\/div>\n\t\t<input name=\"frm_state\" type=\"hidden\" value=\"9XD7ONAng\/t5+\/ENA73xWwsiFvymPVNblWOFhxJuV\/19MJYP7Afuy4FCFqpc3nGa\" \/><div class=\"frm_submit frm_flex\">\r\n<button class=\"frm_button_submit button primary icon-right-button arrow-right\" type=\"submit\"  ><span>Commencer<\/span><\/button>\r\n\r\n\r\n\r\n<\/div><\/div>\n<\/fieldset>\n<\/div>\n\n<\/form>\n<\/div>\n\n\n\t\t<\/div>\n\t\t\t\t\t<\/div>\n\n\t\n<\/div>\n\t\t<\/div>\n\n\t\t\n<style>\n#section_563218236 {\n  padding-top: 0px;\n  padding-bottom: 0px;\n  min-height: 85vh;\n}\n<\/style>\n\t<\/section>\n\t\n","protected":false},"excerpt":{"rendered":"","protected":false},"author":1,"featured_media":0,"parent":0,"menu_order":0,"comment_status":"closed","ping_status":"closed","template":"","meta":{"footnotes":""},"class_list":["post-2078","page","type-page","status-publish","hentry"],"acf":[],"yoast_head":"<!-- This site is optimized with the Yoast SEO plugin v27.1.1 - https:\/\/yoast.com\/product\/yoast-seo-wordpress\/ -->\n<title>AUDIT VIRTUEL TUBES ET PROFILS | TCI Cutting<\/title>\n<meta name=\"description\" content=\"Gr\u00e2ce \u00e0 l&#039;audit virtuel des machines de d\u00e9coupe, nous pouvons identifier vos besoins en mati\u00e8re de d\u00e9coupe de tubes et de profil\u00e9s.\" \/>\n<meta name=\"robots\" content=\"index, follow, max-snippet:-1, max-image-preview:large, max-video-preview:-1\" \/>\n<link rel=\"canonical\" href=\"https:\/\/www.tcicutting.com\/fr\/audit-virtuel-tubes-et-profils\/\" \/>\n<meta property=\"og:locale\" content=\"fr_FR\" \/>\n<meta property=\"og:type\" content=\"article\" \/>\n<meta property=\"og:title\" content=\"AUDIT VIRTUEL TUBES ET PROFILS | TCI Cutting\" \/>\n<meta property=\"og:description\" content=\"Gr\u00e2ce \u00e0 l&#039;audit virtuel des machines de d\u00e9coupe, nous pouvons identifier vos besoins en mati\u00e8re de d\u00e9coupe de tubes et de profil\u00e9s.\" \/>\n<meta property=\"og:url\" content=\"https:\/\/www.tcicutting.com\/fr\/audit-virtuel-tubes-et-profils\/\" \/>\n<meta property=\"og:site_name\" content=\"FR\" \/>\n<meta property=\"article:publisher\" content=\"https:\/\/www.facebook.com\/TCICutting\/\" \/>\n<meta property=\"article:modified_time\" content=\"2025-05-28T14:19:12+00:00\" \/>\n<meta property=\"og:image\" content=\"https:\/\/www.tcicutting.com\/fr\/wp-content\/uploads\/sites\/3\/2024\/05\/logo-tci.png\" \/>\n\t<meta property=\"og:image:width\" content=\"1200\" \/>\n\t<meta property=\"og:image:height\" content=\"675\" \/>\n\t<meta property=\"og:image:type\" content=\"image\/png\" \/>\n<meta name=\"twitter:card\" content=\"summary_large_image\" \/>\n<meta name=\"twitter:site\" content=\"@tcicutting\" \/>\n<meta name=\"twitter:label1\" content=\"Dur\u00e9e de lecture estim\u00e9e\" \/>\n\t<meta name=\"twitter:data1\" content=\"1 minute\" \/>\n<script type=\"application\/ld+json\" class=\"yoast-schema-graph\">{\"@context\":\"https:\/\/schema.org\",\"@graph\":[{\"@type\":\"WebPage\",\"@id\":\"https:\/\/www.tcicutting.com\/fr\/audit-virtuel-tubes-et-profils\/\",\"url\":\"https:\/\/www.tcicutting.com\/fr\/audit-virtuel-tubes-et-profils\/\",\"name\":\"AUDIT VIRTUEL TUBES ET PROFILS | TCI Cutting\",\"isPartOf\":{\"@id\":\"https:\/\/www.tcicutting.com\/fr\/#website\"},\"datePublished\":\"2023-12-01T13:56:41+00:00\",\"dateModified\":\"2025-05-28T14:19:12+00:00\",\"description\":\"Gr\u00e2ce \u00e0 l'audit virtuel des machines de d\u00e9coupe, nous pouvons identifier vos besoins en mati\u00e8re de d\u00e9coupe de tubes et de profil\u00e9s.\",\"breadcrumb\":{\"@id\":\"https:\/\/www.tcicutting.com\/fr\/audit-virtuel-tubes-et-profils\/#breadcrumb\"},\"inLanguage\":\"fr-FR\",\"potentialAction\":[{\"@type\":\"ReadAction\",\"target\":[\"https:\/\/www.tcicutting.com\/fr\/audit-virtuel-tubes-et-profils\/\"]}]},{\"@type\":\"BreadcrumbList\",\"@id\":\"https:\/\/www.tcicutting.com\/fr\/audit-virtuel-tubes-et-profils\/#breadcrumb\",\"itemListElement\":[{\"@type\":\"ListItem\",\"position\":1,\"name\":\"Home\",\"item\":\"https:\/\/www.tcicutting.com\/fr\/\"},{\"@type\":\"ListItem\",\"position\":2,\"name\":\"AUDIT VIRTUEL TUBES ET PROFILS | TCI Cutting\"}]},{\"@type\":\"WebSite\",\"@id\":\"https:\/\/www.tcicutting.com\/fr\/#website\",\"url\":\"https:\/\/www.tcicutting.com\/fr\/\",\"name\":\"TCI Cutting\",\"description\":\"\",\"publisher\":{\"@id\":\"https:\/\/www.tcicutting.com\/fr\/#organization\"},\"alternateName\":\"TCI Cutting\",\"potentialAction\":[{\"@type\":\"SearchAction\",\"target\":{\"@type\":\"EntryPoint\",\"urlTemplate\":\"https:\/\/www.tcicutting.com\/fr\/?s={search_term_string}\"},\"query-input\":{\"@type\":\"PropertyValueSpecification\",\"valueRequired\":true,\"valueName\":\"search_term_string\"}}],\"inLanguage\":\"fr-FR\"},{\"@type\":\"Organization\",\"@id\":\"https:\/\/www.tcicutting.com\/fr\/#organization\",\"name\":\"TCI Cutting\",\"alternateName\":\"TCI Cutting\",\"url\":\"https:\/\/www.tcicutting.com\/fr\/\",\"logo\":{\"@type\":\"ImageObject\",\"inLanguage\":\"fr-FR\",\"@id\":\"https:\/\/www.tcicutting.com\/fr\/#\/schema\/logo\/image\/\",\"url\":\"https:\/\/nueva2023.tcicutting.com\/fr\/wp-content\/uploads\/sites\/3\/2024\/05\/logo-tci-cutting.png\",\"contentUrl\":\"https:\/\/nueva2023.tcicutting.com\/fr\/wp-content\/uploads\/sites\/3\/2024\/05\/logo-tci-cutting.png\",\"width\":695,\"height\":695,\"caption\":\"TCI Cutting\"},\"image\":{\"@id\":\"https:\/\/www.tcicutting.com\/fr\/#\/schema\/logo\/image\/\"},\"sameAs\":[\"https:\/\/www.facebook.com\/TCICutting\/\",\"https:\/\/x.com\/tcicutting\",\"https:\/\/www.instagram.com\/tcicutting\/\",\"https:\/\/www.linkedin.com\/company\/tci-cutting-waterjet&laser-system\/\"]}]}<\/script>\n<!-- \/ Yoast SEO plugin. -->","yoast_head_json":{"title":"AUDIT VIRTUEL TUBES ET PROFILS | TCI Cutting","description":"Gr\u00e2ce \u00e0 l'audit virtuel des machines de d\u00e9coupe, nous pouvons identifier vos besoins en mati\u00e8re de d\u00e9coupe de tubes et de profil\u00e9s.","robots":{"index":"index","follow":"follow","max-snippet":"max-snippet:-1","max-image-preview":"max-image-preview:large","max-video-preview":"max-video-preview:-1"},"canonical":"https:\/\/www.tcicutting.com\/fr\/audit-virtuel-tubes-et-profils\/","og_locale":"fr_FR","og_type":"article","og_title":"AUDIT VIRTUEL TUBES ET PROFILS | TCI Cutting","og_description":"Gr\u00e2ce \u00e0 l'audit virtuel des machines de d\u00e9coupe, nous pouvons identifier vos besoins en mati\u00e8re de d\u00e9coupe de tubes et de profil\u00e9s.","og_url":"https:\/\/www.tcicutting.com\/fr\/audit-virtuel-tubes-et-profils\/","og_site_name":"FR","article_publisher":"https:\/\/www.facebook.com\/TCICutting\/","article_modified_time":"2025-05-28T14:19:12+00:00","og_image":[{"width":1200,"height":675,"url":"https:\/\/www.tcicutting.com\/fr\/wp-content\/uploads\/sites\/3\/2024\/05\/logo-tci.png","type":"image\/png"}],"twitter_card":"summary_large_image","twitter_site":"@tcicutting","twitter_misc":{"Dur\u00e9e de lecture estim\u00e9e":"1 minute"},"schema":{"@context":"https:\/\/schema.org","@graph":[{"@type":"WebPage","@id":"https:\/\/www.tcicutting.com\/fr\/audit-virtuel-tubes-et-profils\/","url":"https:\/\/www.tcicutting.com\/fr\/audit-virtuel-tubes-et-profils\/","name":"AUDIT VIRTUEL TUBES ET PROFILS | TCI Cutting","isPartOf":{"@id":"https:\/\/www.tcicutting.com\/fr\/#website"},"datePublished":"2023-12-01T13:56:41+00:00","dateModified":"2025-05-28T14:19:12+00:00","description":"Gr\u00e2ce \u00e0 l'audit virtuel des machines de d\u00e9coupe, nous pouvons identifier vos besoins en mati\u00e8re de d\u00e9coupe de tubes et de profil\u00e9s.","breadcrumb":{"@id":"https:\/\/www.tcicutting.com\/fr\/audit-virtuel-tubes-et-profils\/#breadcrumb"},"inLanguage":"fr-FR","potentialAction":[{"@type":"ReadAction","target":["https:\/\/www.tcicutting.com\/fr\/audit-virtuel-tubes-et-profils\/"]}]},{"@type":"BreadcrumbList","@id":"https:\/\/www.tcicutting.com\/fr\/audit-virtuel-tubes-et-profils\/#breadcrumb","itemListElement":[{"@type":"ListItem","position":1,"name":"Home","item":"https:\/\/www.tcicutting.com\/fr\/"},{"@type":"ListItem","position":2,"name":"AUDIT VIRTUEL TUBES ET PROFILS | TCI Cutting"}]},{"@type":"WebSite","@id":"https:\/\/www.tcicutting.com\/fr\/#website","url":"https:\/\/www.tcicutting.com\/fr\/","name":"TCI Cutting","description":"","publisher":{"@id":"https:\/\/www.tcicutting.com\/fr\/#organization"},"alternateName":"TCI Cutting","potentialAction":[{"@type":"SearchAction","target":{"@type":"EntryPoint","urlTemplate":"https:\/\/www.tcicutting.com\/fr\/?s={search_term_string}"},"query-input":{"@type":"PropertyValueSpecification","valueRequired":true,"valueName":"search_term_string"}}],"inLanguage":"fr-FR"},{"@type":"Organization","@id":"https:\/\/www.tcicutting.com\/fr\/#organization","name":"TCI Cutting","alternateName":"TCI Cutting","url":"https:\/\/www.tcicutting.com\/fr\/","logo":{"@type":"ImageObject","inLanguage":"fr-FR","@id":"https:\/\/www.tcicutting.com\/fr\/#\/schema\/logo\/image\/","url":"https:\/\/nueva2023.tcicutting.com\/fr\/wp-content\/uploads\/sites\/3\/2024\/05\/logo-tci-cutting.png","contentUrl":"https:\/\/nueva2023.tcicutting.com\/fr\/wp-content\/uploads\/sites\/3\/2024\/05\/logo-tci-cutting.png","width":695,"height":695,"caption":"TCI Cutting"},"image":{"@id":"https:\/\/www.tcicutting.com\/fr\/#\/schema\/logo\/image\/"},"sameAs":["https:\/\/www.facebook.com\/TCICutting\/","https:\/\/x.com\/tcicutting","https:\/\/www.instagram.com\/tcicutting\/","https:\/\/www.linkedin.com\/company\/tci-cutting-waterjet&laser-system\/"]}]}},"_links":{"self":[{"href":"https:\/\/www.tcicutting.com\/fr\/wp-json\/wp\/v2\/pages\/2078","targetHints":{"allow":["GET"]}}],"collection":[{"href":"https:\/\/www.tcicutting.com\/fr\/wp-json\/wp\/v2\/pages"}],"about":[{"href":"https:\/\/www.tcicutting.com\/fr\/wp-json\/wp\/v2\/types\/page"}],"author":[{"embeddable":true,"href":"https:\/\/www.tcicutting.com\/fr\/wp-json\/wp\/v2\/users\/1"}],"replies":[{"embeddable":true,"href":"https:\/\/www.tcicutting.com\/fr\/wp-json\/wp\/v2\/comments?post=2078"}],"version-history":[{"count":4,"href":"https:\/\/www.tcicutting.com\/fr\/wp-json\/wp\/v2\/pages\/2078\/revisions"}],"predecessor-version":[{"id":10298,"href":"https:\/\/www.tcicutting.com\/fr\/wp-json\/wp\/v2\/pages\/2078\/revisions\/10298"}],"wp:attachment":[{"href":"https:\/\/www.tcicutting.com\/fr\/wp-json\/wp\/v2\/media?parent=2078"}],"curies":[{"name":"wp","href":"https:\/\/api.w.org\/{rel}","templated":true}]}}