{"id":2043,"date":"2023-12-01T09:49:03","date_gmt":"2023-12-01T09:49:03","guid":{"rendered":"https:\/\/tcicutting.com\/es\/?page_id=2043"},"modified":"2025-05-28T16:18:47","modified_gmt":"2025-05-28T14:18:47","slug":"audit-virtuel-smart-factory","status":"publish","type":"page","link":"https:\/\/www.tcicutting.com\/fr\/audit-virtuel-smart-factory\/","title":{"rendered":"AUDIT VIRTUEL SMART FACTORY | TCI Cutting"},"content":{"rendered":"\t<section class=\"section form-auditoria-section\" id=\"section_738301418\">\n\t\t<div class=\"bg section-bg fill bg-fill  bg-loaded\" >\n\n\t\t\t\n\t\t\t\n\t\t\t\n\n\t\t<\/div>\n\n\t\t\n\n\t\t<div class=\"section-content relative\">\n\t\t\t\n<div class=\"row\"  id=\"row-819440800\">\n\n\t<div id=\"col-177024855\" class=\"col small-12 large-12\"  >\n\t\t\t\t<div class=\"col-inner\"  >\n\t\t\t\n\t\t\t\n\n<div class=\"frm_forms  with_frm_style frm_style_estilos-formidable\" id=\"frm_form_47_container\" data-token=\"8079170bc99d1b1d4eb3f051969d0e7a\">\n<form enctype=\"multipart\/form-data\" method=\"post\" class=\"frm-show-form  frm_pro_form  frm_slideup \" id=\"form_auditoria-smart-factory\" data-token=\"8079170bc99d1b1d4eb3f051969d0e7a\">\n<div class=\"frm_form_fields  frm_page_num_1\">\n<fieldset>\n<div class=\"frm_rootline_group\" role=\"group\" tabindex=\"0\" aria-label=\"Page 1 sur 9\" ><ul class=\"frm_page_bar frm_rootline_9 frm_progress frm_progress_line frm_no_numbers frm_show_lines \"><li class=\"frm_rootline_single frm_current_page\"><input type=\"button\" value=\"1\" data-page=\"\" class=\" frm_page_1\" aria-disabled=\"true\" data-field=\"0\" aria-label=\"P\u00e1gina 1\"  \/><\/li><li class=\"frm_rootline_single\"><input type=\"button\" value=\"2\" data-page=\"4\" class=\"frm_page_skip frm_page_2\" data-field=\"429\" aria-label=\"Empezar\"  \/><\/li><li class=\"frm_rootline_single\"><input type=\"button\" value=\"3\" data-page=\"10\" class=\"frm_page_skip frm_page_3\" data-field=\"431\" aria-label=\"Siguiente\"  \/><\/li><li class=\"frm_rootline_single\"><input type=\"button\" value=\"4\" data-page=\"14\" class=\"frm_page_skip frm_page_4\" data-field=\"433\" aria-label=\"Siguiente\"  \/><\/li><li class=\"frm_rootline_single\"><input type=\"button\" value=\"5\" data-page=\"18\" class=\"frm_page_skip frm_page_5\" data-field=\"435\" aria-label=\"Siguiente\"  \/><\/li><li class=\"frm_rootline_single\"><input type=\"button\" value=\"6\" data-page=\"22\" class=\"frm_page_skip frm_page_6\" data-field=\"437\" aria-label=\"Siguiente\"  \/><\/li><li class=\"frm_rootline_single\"><input type=\"button\" value=\"7\" data-page=\"26\" class=\"frm_page_skip frm_page_7\" data-field=\"439\" aria-label=\"Siguiente\"  \/><\/li><li class=\"frm_rootline_single\"><input type=\"button\" value=\"8\" data-page=\"30\" class=\"frm_page_skip frm_page_8\" data-field=\"441\" aria-label=\"Page 8\"  \/><\/li><li class=\"frm_rootline_single\"><input type=\"button\" value=\"9\" data-page=\"34\" class=\"frm_page_skip frm_page_9\" data-field=\"443\" aria-label=\"Page 9\"  \/><\/li><\/ul><div class=\"frm_clearfix\"><\/div><\/div><legend class=\"frm_screen_reader\">Auditoria Smart Factory (Supercharge)<\/legend>\r\n\r\n<div class=\"frm_fields_container\">\n<input type=\"hidden\" name=\"frm_action\" value=\"create\" \/>\n<input type=\"hidden\" name=\"form_id\" value=\"47\" \/>\n<input type=\"hidden\" name=\"frm_hide_fields_47\" id=\"frm_hide_fields_47\" value=\"\" \/>\n<input type=\"hidden\" name=\"form_key\" value=\"auditoria-smart-factory\" \/>\n<input type=\"hidden\" name=\"item_meta[0]\" value=\"\" \/>\n<input type=\"hidden\" id=\"frm_submit_entry_47\" name=\"frm_submit_entry_47\" value=\"5f95fbc983\" \/><input type=\"hidden\" name=\"_wp_http_referer\" value=\"\/fr\/wp-json\/wp\/v2\/pages\/2043\" \/><div id=\"frm_field_428_container\" class=\"frm_form_field  frm_html_container form-field\">\n<div class=\"red-line-column\">\n<div class=\"col-inner\">\n<h2><span class=\"ls-pretitle fw-300 uppercase\">Audit Virtuel<\/span>Smart Factory<\/h2>\n<\/div>\n<\/div>\n<p class=\"audit-p\">Les questions suivantes sont destin\u00e9es \u00e0 \u00e9valuer la situation actuelle de l'entreprise et \u00e0 identifier les domaines d'am\u00e9lioration pour la transition vers l'usine intelligente.\n<\/p>\n<\/div>\n<input type=\"hidden\" name=\"frm_page_order_47\" id=\"frm_page_order_47\" value=\"4\" \/><input type=\"hidden\" name=\"item_meta[492]\" id=\"field_35mq0-0\" value=\"\"     \/>\n<input type=\"hidden\" name=\"item_meta[431]\" id=\"field_9ijz82\" value=\"\"     \/>\n<input type=\"hidden\" name=\"item_meta[432]\" id=\"field_tefpb2-0\" value=\"\"     \/>\n<input type=\"hidden\" name=\"item_meta[433]\" id=\"field_ykjjd2\" value=\"\"     \/>\n<input type=\"hidden\" name=\"item_meta[434]\" id=\"field_8q5l4-0\" value=\"\"     \/>\n<input type=\"hidden\" name=\"item_meta[435]\" id=\"field_5hugs2\" value=\"\"     \/>\n<input type=\"hidden\" name=\"item_meta[436]\" id=\"field_i1jr5-0\" value=\"\"     \/>\n<input type=\"hidden\" name=\"item_meta[437]\" id=\"field_12ojt2\" value=\"\"     \/>\n<input type=\"hidden\" name=\"item_meta[438]\" id=\"field_ace72-0\" value=\"\"     \/>\n<input type=\"hidden\" name=\"item_meta[439]\" id=\"field_g1xxd2\" value=\"\"     \/>\n<input type=\"hidden\" name=\"item_meta[440]\" id=\"field_lugvj-0\" value=\"\"     \/>\n<input type=\"hidden\" name=\"item_meta[441]\" id=\"field_dqm0z\" value=\"\"     \/>\n<input type=\"hidden\" name=\"item_meta[442]\" id=\"field_s16mz-0\" value=\"\"     \/>\n<input type=\"hidden\" name=\"item_meta[443]\" id=\"field_cql4x\" value=\"\"     \/>\n<input type=\"hidden\" name=\"item_meta[444]\" id=\"field_u8pw\" value=\"\"     \/>\n<input type=\"hidden\" name=\"item_meta[445]\" id=\"field_biwm72\" value=\"\"  autocomplete=\"email\"     \/>\n<input type=\"hidden\" name=\"item_meta[446]\" id=\"field_tdyh02\" value=\"\"     \/>\n<input type=\"hidden\" name=\"item_meta[447]\" id=\"field_fxa8x2\" value=\"\"     \/>\n<input type=\"hidden\" name=\"item_meta[448]\" id=\"field_qhhl92\" value=\"France\"  data-placeholder=\"Pays *\"  data-frmval=\"France\"   \/>\n<input type=\"hidden\" name=\"item_meta[449]\" id=\"field_enviar2\" value=\"\"     \/>\n\t<input type=\"hidden\" name=\"item_key\" value=\"\" \/>\n\t\t\t<div id=\"frm_field_509_container\">\n\t\t\t<label for=\"field_7gqp0\" >\n\t\t\t\tSi vous \u00eates un humain, ne remplissez pas ce champ.\t\t\t<\/label>\n\t\t\t<input  id=\"field_7gqp0\" type=\"text\" class=\"frm_form_field form-field frm_verify\" name=\"item_meta[509]\" value=\"\"  \/>\n\t\t<\/div>\n\t\t<input name=\"frm_state\" type=\"hidden\" value=\"9XD7ONAng\/t5+\/ENA73xWyXsLuhoUyhWaBgu+CvGuzp9MJYP7Afuy4FCFqpc3nGa\" \/><div class=\"frm_submit frm_flex\">\r\n<button class=\"frm_button_submit button primary icon-right-button arrow-right\" type=\"submit\"  ><span>Commencer<\/span><\/button>\r\n\r\n\r\n\r\n<\/div><\/div>\n<\/fieldset>\n<\/div>\n\n<\/form>\n<\/div>\n\n\n\t\t<\/div>\n\t\t\t\t\t<\/div>\n\n\t\n<\/div>\n\t\t<\/div>\n\n\t\t\n<style>\n#section_738301418 {\n  padding-top: 0px;\n  padding-bottom: 0px;\n  min-height: 85vh;\n}\n<\/style>\n\t<\/section>\n\t\n","protected":false},"excerpt":{"rendered":"","protected":false},"author":1,"featured_media":0,"parent":0,"menu_order":0,"comment_status":"closed","ping_status":"closed","template":"","meta":{"footnotes":""},"class_list":["post-2043","page","type-page","status-publish","hentry"],"acf":[],"yoast_head":"<!-- This site is optimized with the Yoast SEO plugin v27.1.1 - https:\/\/yoast.com\/product\/yoast-seo-wordpress\/ -->\n<title>AUDIT VIRTUEL SMART FACTORY | TCI Cutting<\/title>\n<meta name=\"description\" content=\"Gr\u00e2ce \u00e0 notre usine intelligente Virtual Audit, nous vous offrons la meilleure solution de d\u00e9coupe possible. Nous identifions vos besoins en mati\u00e8re de d\u00e9coupe.\" \/>\n<meta name=\"robots\" content=\"index, follow, max-snippet:-1, max-image-preview:large, max-video-preview:-1\" \/>\n<link rel=\"canonical\" href=\"https:\/\/www.tcicutting.com\/fr\/audit-virtuel-smart-factory\/\" \/>\n<meta property=\"og:locale\" content=\"fr_FR\" \/>\n<meta property=\"og:type\" content=\"article\" \/>\n<meta property=\"og:title\" content=\"AUDIT VIRTUEL SMART FACTORY | TCI Cutting\" \/>\n<meta property=\"og:description\" content=\"Gr\u00e2ce \u00e0 notre usine intelligente Virtual Audit, nous vous offrons la meilleure solution de d\u00e9coupe possible. Nous identifions vos besoins en mati\u00e8re de d\u00e9coupe.\" \/>\n<meta property=\"og:url\" content=\"https:\/\/www.tcicutting.com\/fr\/audit-virtuel-smart-factory\/\" \/>\n<meta property=\"og:site_name\" content=\"FR\" \/>\n<meta property=\"article:publisher\" content=\"https:\/\/www.facebook.com\/TCICutting\/\" \/>\n<meta property=\"article:modified_time\" content=\"2025-05-28T14:18:47+00:00\" \/>\n<meta property=\"og:image\" content=\"https:\/\/www.tcicutting.com\/fr\/wp-content\/uploads\/sites\/3\/2024\/05\/logo-tci.png\" \/>\n\t<meta property=\"og:image:width\" content=\"1200\" \/>\n\t<meta property=\"og:image:height\" content=\"675\" \/>\n\t<meta property=\"og:image:type\" content=\"image\/png\" \/>\n<meta name=\"twitter:card\" content=\"summary_large_image\" \/>\n<meta name=\"twitter:site\" content=\"@tcicutting\" \/>\n<meta name=\"twitter:label1\" content=\"Dur\u00e9e de lecture estim\u00e9e\" \/>\n\t<meta name=\"twitter:data1\" content=\"1 minute\" \/>\n<script type=\"application\/ld+json\" class=\"yoast-schema-graph\">{\"@context\":\"https:\/\/schema.org\",\"@graph\":[{\"@type\":\"WebPage\",\"@id\":\"https:\/\/www.tcicutting.com\/fr\/audit-virtuel-smart-factory\/\",\"url\":\"https:\/\/www.tcicutting.com\/fr\/audit-virtuel-smart-factory\/\",\"name\":\"AUDIT VIRTUEL SMART FACTORY | TCI Cutting\",\"isPartOf\":{\"@id\":\"https:\/\/www.tcicutting.com\/fr\/#website\"},\"datePublished\":\"2023-12-01T09:49:03+00:00\",\"dateModified\":\"2025-05-28T14:18:47+00:00\",\"description\":\"Gr\u00e2ce \u00e0 notre usine intelligente Virtual Audit, nous vous offrons la meilleure solution de d\u00e9coupe possible. Nous identifions vos besoins en mati\u00e8re de d\u00e9coupe.\",\"breadcrumb\":{\"@id\":\"https:\/\/www.tcicutting.com\/fr\/audit-virtuel-smart-factory\/#breadcrumb\"},\"inLanguage\":\"fr-FR\",\"potentialAction\":[{\"@type\":\"ReadAction\",\"target\":[\"https:\/\/www.tcicutting.com\/fr\/audit-virtuel-smart-factory\/\"]}]},{\"@type\":\"BreadcrumbList\",\"@id\":\"https:\/\/www.tcicutting.com\/fr\/audit-virtuel-smart-factory\/#breadcrumb\",\"itemListElement\":[{\"@type\":\"ListItem\",\"position\":1,\"name\":\"Home\",\"item\":\"https:\/\/www.tcicutting.com\/fr\/\"},{\"@type\":\"ListItem\",\"position\":2,\"name\":\"AUDIT VIRTUEL SMART FACTORY | TCI Cutting\"}]},{\"@type\":\"WebSite\",\"@id\":\"https:\/\/www.tcicutting.com\/fr\/#website\",\"url\":\"https:\/\/www.tcicutting.com\/fr\/\",\"name\":\"TCI Cutting\",\"description\":\"\",\"publisher\":{\"@id\":\"https:\/\/www.tcicutting.com\/fr\/#organization\"},\"alternateName\":\"TCI Cutting\",\"potentialAction\":[{\"@type\":\"SearchAction\",\"target\":{\"@type\":\"EntryPoint\",\"urlTemplate\":\"https:\/\/www.tcicutting.com\/fr\/?s={search_term_string}\"},\"query-input\":{\"@type\":\"PropertyValueSpecification\",\"valueRequired\":true,\"valueName\":\"search_term_string\"}}],\"inLanguage\":\"fr-FR\"},{\"@type\":\"Organization\",\"@id\":\"https:\/\/www.tcicutting.com\/fr\/#organization\",\"name\":\"TCI Cutting\",\"alternateName\":\"TCI Cutting\",\"url\":\"https:\/\/www.tcicutting.com\/fr\/\",\"logo\":{\"@type\":\"ImageObject\",\"inLanguage\":\"fr-FR\",\"@id\":\"https:\/\/www.tcicutting.com\/fr\/#\/schema\/logo\/image\/\",\"url\":\"https:\/\/nueva2023.tcicutting.com\/fr\/wp-content\/uploads\/sites\/3\/2024\/05\/logo-tci-cutting.png\",\"contentUrl\":\"https:\/\/nueva2023.tcicutting.com\/fr\/wp-content\/uploads\/sites\/3\/2024\/05\/logo-tci-cutting.png\",\"width\":695,\"height\":695,\"caption\":\"TCI Cutting\"},\"image\":{\"@id\":\"https:\/\/www.tcicutting.com\/fr\/#\/schema\/logo\/image\/\"},\"sameAs\":[\"https:\/\/www.facebook.com\/TCICutting\/\",\"https:\/\/x.com\/tcicutting\",\"https:\/\/www.instagram.com\/tcicutting\/\",\"https:\/\/www.linkedin.com\/company\/tci-cutting-waterjet&laser-system\/\"]}]}<\/script>\n<!-- \/ Yoast SEO plugin. -->","yoast_head_json":{"title":"AUDIT VIRTUEL SMART FACTORY | TCI Cutting","description":"Gr\u00e2ce \u00e0 notre usine intelligente Virtual Audit, nous vous offrons la meilleure solution de d\u00e9coupe possible. Nous identifions vos besoins en mati\u00e8re de d\u00e9coupe.","robots":{"index":"index","follow":"follow","max-snippet":"max-snippet:-1","max-image-preview":"max-image-preview:large","max-video-preview":"max-video-preview:-1"},"canonical":"https:\/\/www.tcicutting.com\/fr\/audit-virtuel-smart-factory\/","og_locale":"fr_FR","og_type":"article","og_title":"AUDIT VIRTUEL SMART FACTORY | TCI Cutting","og_description":"Gr\u00e2ce \u00e0 notre usine intelligente Virtual Audit, nous vous offrons la meilleure solution de d\u00e9coupe possible. Nous identifions vos besoins en mati\u00e8re de d\u00e9coupe.","og_url":"https:\/\/www.tcicutting.com\/fr\/audit-virtuel-smart-factory\/","og_site_name":"FR","article_publisher":"https:\/\/www.facebook.com\/TCICutting\/","article_modified_time":"2025-05-28T14:18:47+00:00","og_image":[{"width":1200,"height":675,"url":"https:\/\/www.tcicutting.com\/fr\/wp-content\/uploads\/sites\/3\/2024\/05\/logo-tci.png","type":"image\/png"}],"twitter_card":"summary_large_image","twitter_site":"@tcicutting","twitter_misc":{"Dur\u00e9e de lecture estim\u00e9e":"1 minute"},"schema":{"@context":"https:\/\/schema.org","@graph":[{"@type":"WebPage","@id":"https:\/\/www.tcicutting.com\/fr\/audit-virtuel-smart-factory\/","url":"https:\/\/www.tcicutting.com\/fr\/audit-virtuel-smart-factory\/","name":"AUDIT VIRTUEL SMART FACTORY | TCI Cutting","isPartOf":{"@id":"https:\/\/www.tcicutting.com\/fr\/#website"},"datePublished":"2023-12-01T09:49:03+00:00","dateModified":"2025-05-28T14:18:47+00:00","description":"Gr\u00e2ce \u00e0 notre usine intelligente Virtual Audit, nous vous offrons la meilleure solution de d\u00e9coupe possible. Nous identifions vos besoins en mati\u00e8re de d\u00e9coupe.","breadcrumb":{"@id":"https:\/\/www.tcicutting.com\/fr\/audit-virtuel-smart-factory\/#breadcrumb"},"inLanguage":"fr-FR","potentialAction":[{"@type":"ReadAction","target":["https:\/\/www.tcicutting.com\/fr\/audit-virtuel-smart-factory\/"]}]},{"@type":"BreadcrumbList","@id":"https:\/\/www.tcicutting.com\/fr\/audit-virtuel-smart-factory\/#breadcrumb","itemListElement":[{"@type":"ListItem","position":1,"name":"Home","item":"https:\/\/www.tcicutting.com\/fr\/"},{"@type":"ListItem","position":2,"name":"AUDIT VIRTUEL SMART FACTORY | TCI Cutting"}]},{"@type":"WebSite","@id":"https:\/\/www.tcicutting.com\/fr\/#website","url":"https:\/\/www.tcicutting.com\/fr\/","name":"TCI Cutting","description":"","publisher":{"@id":"https:\/\/www.tcicutting.com\/fr\/#organization"},"alternateName":"TCI Cutting","potentialAction":[{"@type":"SearchAction","target":{"@type":"EntryPoint","urlTemplate":"https:\/\/www.tcicutting.com\/fr\/?s={search_term_string}"},"query-input":{"@type":"PropertyValueSpecification","valueRequired":true,"valueName":"search_term_string"}}],"inLanguage":"fr-FR"},{"@type":"Organization","@id":"https:\/\/www.tcicutting.com\/fr\/#organization","name":"TCI Cutting","alternateName":"TCI Cutting","url":"https:\/\/www.tcicutting.com\/fr\/","logo":{"@type":"ImageObject","inLanguage":"fr-FR","@id":"https:\/\/www.tcicutting.com\/fr\/#\/schema\/logo\/image\/","url":"https:\/\/nueva2023.tcicutting.com\/fr\/wp-content\/uploads\/sites\/3\/2024\/05\/logo-tci-cutting.png","contentUrl":"https:\/\/nueva2023.tcicutting.com\/fr\/wp-content\/uploads\/sites\/3\/2024\/05\/logo-tci-cutting.png","width":695,"height":695,"caption":"TCI Cutting"},"image":{"@id":"https:\/\/www.tcicutting.com\/fr\/#\/schema\/logo\/image\/"},"sameAs":["https:\/\/www.facebook.com\/TCICutting\/","https:\/\/x.com\/tcicutting","https:\/\/www.instagram.com\/tcicutting\/","https:\/\/www.linkedin.com\/company\/tci-cutting-waterjet&laser-system\/"]}]}},"_links":{"self":[{"href":"https:\/\/www.tcicutting.com\/fr\/wp-json\/wp\/v2\/pages\/2043","targetHints":{"allow":["GET"]}}],"collection":[{"href":"https:\/\/www.tcicutting.com\/fr\/wp-json\/wp\/v2\/pages"}],"about":[{"href":"https:\/\/www.tcicutting.com\/fr\/wp-json\/wp\/v2\/types\/page"}],"author":[{"embeddable":true,"href":"https:\/\/www.tcicutting.com\/fr\/wp-json\/wp\/v2\/users\/1"}],"replies":[{"embeddable":true,"href":"https:\/\/www.tcicutting.com\/fr\/wp-json\/wp\/v2\/comments?post=2043"}],"version-history":[{"count":6,"href":"https:\/\/www.tcicutting.com\/fr\/wp-json\/wp\/v2\/pages\/2043\/revisions"}],"predecessor-version":[{"id":10296,"href":"https:\/\/www.tcicutting.com\/fr\/wp-json\/wp\/v2\/pages\/2043\/revisions\/10296"}],"wp:attachment":[{"href":"https:\/\/www.tcicutting.com\/fr\/wp-json\/wp\/v2\/media?parent=2043"}],"curies":[{"name":"wp","href":"https:\/\/api.w.org\/{rel}","templated":true}]}}