{"id":2043,"date":"2023-12-01T09:49:03","date_gmt":"2023-12-01T09:49:03","guid":{"rendered":"https:\/\/www.tcicutting.com\/es\/?page_id=2043"},"modified":"2025-05-28T16:18:47","modified_gmt":"2025-05-28T14:18:47","slug":"auditoria-virtual-smart-factory","status":"publish","type":"page","link":"https:\/\/www.tcicutting.com\/es\/auditoria-virtual-smart-factory\/","title":{"rendered":"Auditor\u00eda virtual Smart Factory"},"content":{"rendered":"\t<section class=\"section form-auditoria-section\" id=\"section_1127224338\">\n\t\t<div class=\"bg section-bg fill bg-fill  bg-loaded\" >\n\n\t\t\t\n\t\t\t\n\t\t\t\n\n\t\t<\/div>\n\n\t\t\n\n\t\t<div class=\"section-content relative\">\n\t\t\t\n<div class=\"row\"  id=\"row-1104302612\">\n\n\t<div id=\"col-1850021305\" class=\"col small-12 large-12\"  >\n\t\t\t\t<div class=\"col-inner\"  >\n\t\t\t\n\t\t\t\n\n<div class=\"frm_forms  with_frm_style frm_style_estilos-formidable\" id=\"frm_form_52_container\" data-token=\"ab41f86791ab704affa73ef9b217313f\">\n<form enctype=\"multipart\/form-data\" method=\"post\" class=\"frm-show-form  frm_pro_form  frm_slideup \" id=\"form_auditoria-smart-factory\" data-token=\"ab41f86791ab704affa73ef9b217313f\">\n<div class=\"frm_form_fields  frm_page_num_1\">\n<fieldset>\n<div class=\"frm_rootline_group\" role=\"group\" tabindex=\"0\" aria-label=\"P\u00e1gina 1 de 9\" ><ul class=\"frm_page_bar frm_rootline_9 frm_progress frm_progress_line frm_no_numbers frm_show_lines \"><li class=\"frm_rootline_single frm_current_page\"><input type=\"button\" value=\"1\" data-page=\"\" class=\" frm_page_1\" aria-disabled=\"true\" data-field=\"0\" aria-label=\"P\u00e1gina 1\"  \/><\/li><li class=\"frm_rootline_single\"><input type=\"button\" value=\"2\" data-page=\"4\" class=\"frm_page_skip frm_page_2\" data-field=\"479\" aria-label=\"Empezar\"  \/><\/li><li class=\"frm_rootline_single\"><input type=\"button\" value=\"3\" data-page=\"10\" class=\"frm_page_skip frm_page_3\" data-field=\"481\" aria-label=\"Siguiente\"  \/><\/li><li class=\"frm_rootline_single\"><input type=\"button\" value=\"4\" data-page=\"14\" class=\"frm_page_skip frm_page_4\" data-field=\"483\" aria-label=\"Siguiente\"  \/><\/li><li class=\"frm_rootline_single\"><input type=\"button\" value=\"5\" data-page=\"18\" class=\"frm_page_skip frm_page_5\" data-field=\"485\" aria-label=\"Siguiente\"  \/><\/li><li class=\"frm_rootline_single\"><input type=\"button\" value=\"6\" data-page=\"22\" class=\"frm_page_skip frm_page_6\" data-field=\"487\" aria-label=\"Siguiente\"  \/><\/li><li class=\"frm_rootline_single\"><input type=\"button\" value=\"7\" data-page=\"26\" class=\"frm_page_skip frm_page_7\" data-field=\"489\" aria-label=\"Siguiente\"  \/><\/li><li class=\"frm_rootline_single\"><input type=\"button\" value=\"8\" data-page=\"30\" class=\"frm_page_skip frm_page_8\" data-field=\"491\" aria-label=\"P\u00e1gina 8\"  \/><\/li><li class=\"frm_rootline_single\"><input type=\"button\" value=\"9\" data-page=\"34\" class=\"frm_page_skip frm_page_9\" data-field=\"493\" aria-label=\"P\u00e1gina 9\"  \/><\/li><\/ul><div class=\"frm_clearfix\"><\/div><\/div><legend class=\"frm_screen_reader\">Auditoria Smart Factory (Supercharge)<\/legend>\r\n\r\n<div class=\"frm_fields_container\">\n<input type=\"hidden\" name=\"frm_action\" value=\"create\" \/>\n<input type=\"hidden\" name=\"form_id\" value=\"52\" \/>\n<input type=\"hidden\" name=\"frm_hide_fields_52\" id=\"frm_hide_fields_52\" value=\"\" \/>\n<input type=\"hidden\" name=\"form_key\" value=\"auditoria-smart-factory\" \/>\n<input type=\"hidden\" name=\"item_meta[0]\" value=\"\" \/>\n<input type=\"hidden\" id=\"frm_submit_entry_52\" name=\"frm_submit_entry_52\" value=\"eb9a842935\" \/><input type=\"hidden\" name=\"_wp_http_referer\" value=\"\/es\/wp-json\/wp\/v2\/pages\/2043\" \/><div id=\"frm_field_478_container\" class=\"frm_form_field  frm_html_container form-field\">\n<div class=\"red-line-column\">\n<div class=\"col-inner\">\n<h2><span class=\"ls-pretitle fw-300 uppercase\">Auditor\u00eda Virtual<\/span>Smart Factory<\/h2>\n<\/div>\n<\/div>\n<p class=\"audit-p\">Las siguientes preguntas se han dise\u00f1ado para evaluar el punto de situaci\u00f3n de la empresa y determinar los aspectos de mejora para la transici\u00f3n hacia la Smart Factory.\n<\/p>\n<\/div>\n<input type=\"hidden\" name=\"frm_page_order_52\" id=\"frm_page_order_52\" value=\"4\" \/>\t\t<input  type=\"hidden\" name=\"item_meta[542]\" id=\"field_wnray-0\" value=\"\"     \/>\n\t\t\t\t<input  type=\"hidden\" name=\"item_meta[481]\" id=\"field_9ijz82\" value=\"\"     \/>\n\t\t\t\t<input  type=\"hidden\" name=\"item_meta[482]\" id=\"field_tefpb2-0\" value=\"\"     \/>\n\t\t\t\t<input  type=\"hidden\" name=\"item_meta[483]\" id=\"field_ykjjd2\" value=\"\"     \/>\n\t\t\t\t<input  type=\"hidden\" name=\"item_meta[484]\" id=\"field_8q5l4-0\" value=\"\"     \/>\n\t\t\t\t<input  type=\"hidden\" name=\"item_meta[485]\" id=\"field_5hugs2\" value=\"\"     \/>\n\t\t\t\t<input  type=\"hidden\" name=\"item_meta[486]\" id=\"field_i1jr5-0\" value=\"\"     \/>\n\t\t\t\t<input  type=\"hidden\" name=\"item_meta[487]\" id=\"field_12ojt2\" value=\"\"     \/>\n\t\t\t\t<input  type=\"hidden\" name=\"item_meta[488]\" id=\"field_ace72-0\" value=\"\"     \/>\n\t\t\t\t<input  type=\"hidden\" name=\"item_meta[489]\" id=\"field_g1xxd2\" value=\"\"     \/>\n\t\t\t\t<input  type=\"hidden\" name=\"item_meta[490]\" id=\"field_lugvj-0\" value=\"\"     \/>\n\t\t\t\t<input  type=\"hidden\" name=\"item_meta[491]\" id=\"field_dqm0z\" value=\"\"     \/>\n\t\t\t\t<input  type=\"hidden\" name=\"item_meta[492]\" id=\"field_s16mz-0\" value=\"\"     \/>\n\t\t\t\t<input  type=\"hidden\" name=\"item_meta[493]\" id=\"field_cql4x\" value=\"\"     \/>\n\t\t\t\t<input  type=\"hidden\" name=\"item_meta[494]\" id=\"field_u8pw\" value=\"\"     \/>\n\t\t\t\t<input  type=\"hidden\" name=\"item_meta[495]\" id=\"field_biwm72\" value=\"\"  autocomplete=\"email\"     \/>\n\t\t\t\t<input  type=\"hidden\" name=\"item_meta[496]\" id=\"field_tdyh02\" value=\"\"     \/>\n\t\t\t\t<input  type=\"hidden\" name=\"item_meta[497]\" id=\"field_fxa8x2\" value=\"\"     \/>\n\t\t\t\t<input  type=\"hidden\" name=\"item_meta[498]\" id=\"field_qhhl92\" value=\"Espa\u00f1a\"  data-placeholder=\"Pa\u00eds *\"  data-frmval=\"Espa\u00f1a\"   \/>\n\t\t\t\t<input  type=\"hidden\" name=\"item_meta[499]\" id=\"field_enviar22\" value=\"\"     \/>\n\t\t\t<input type=\"hidden\" name=\"item_key\" value=\"\" \/>\n\t\t\t<div id=\"frm_field_597_container\">\n\t\t\t<label for=\"field_58vws\" >\n\t\t\t\tSi eres humano, deja este campo en blanco.\t\t\t<\/label>\n\t\t\t<input  id=\"field_58vws\" type=\"text\" class=\"frm_form_field form-field frm_verify\" name=\"item_meta[597]\" value=\"\"  \/>\n\t\t<\/div>\n\t\t<input name=\"frm_state\" type=\"hidden\" value=\"9XD7ONAng\/t5+\/ENA73xWyXsLuhoUyhWaBgu+CvGuzomSuS3o8yJCN9dQFD5OwX6\" \/><div class=\"frm_submit frm_flex\">\r\n<button class=\"frm_button_submit button primary icon-right-button arrow-right\" type=\"submit\"  ><span>Empezar<\/span><\/button>\r\n\r\n\r\n\r\n<\/div><\/div>\n<\/fieldset>\n<\/div>\n\n<\/form>\n<\/div>\n\n\n\t\t<\/div>\n\t\t\t\t\t<\/div>\n\n\t\n<\/div>\n\t\t<\/div>\n\n\t\t\n<style>\n#section_1127224338 {\n  padding-top: 0px;\n  padding-bottom: 0px;\n  min-height: 85vh;\n}\n<\/style>\n\t<\/section>\n\t\n","protected":false},"excerpt":{"rendered":"","protected":false},"author":1,"featured_media":0,"parent":0,"menu_order":0,"comment_status":"closed","ping_status":"closed","template":"","meta":{"footnotes":""},"class_list":["post-2043","page","type-page","status-publish","hentry"],"acf":[],"yoast_head":"<!-- This site is optimized with the Yoast SEO plugin v27.6 - https:\/\/yoast.com\/product\/yoast-seo-wordpress\/ -->\n<title>Auditor\u00eda virtual Smart Factory | TCI Cutting<\/title>\n<meta name=\"description\" content=\"Con nuestra Auditoria Virtual smart factory te ofrecemos la mejor soluci\u00f3n de corte para ti. Identificamos tus necesidades de corte.\" \/>\n<meta name=\"robots\" content=\"index, follow, max-snippet:-1, max-image-preview:large, max-video-preview:-1\" \/>\n<link rel=\"canonical\" href=\"https:\/\/www.tcicutting.com\/es\/auditoria-virtual-smart-factory\/\" \/>\n<meta property=\"og:locale\" content=\"es_ES\" \/>\n<meta property=\"og:type\" content=\"article\" \/>\n<meta property=\"og:title\" content=\"Auditor\u00eda virtual Smart Factory | TCI Cutting\" \/>\n<meta property=\"og:description\" content=\"Con nuestra Auditoria Virtual smart factory te ofrecemos la mejor soluci\u00f3n de corte para ti. Identificamos tus necesidades de corte.\" \/>\n<meta property=\"og:url\" content=\"https:\/\/www.tcicutting.com\/es\/auditoria-virtual-smart-factory\/\" \/>\n<meta property=\"og:site_name\" content=\"TCI Cutting ES\" \/>\n<meta property=\"article:publisher\" content=\"https:\/\/www.facebook.com\/TCICutting\/\" \/>\n<meta property=\"article:modified_time\" content=\"2025-05-28T14:18:47+00:00\" \/>\n<meta property=\"og:image\" content=\"https:\/\/www.tcicutting.com\/es\/wp-content\/uploads\/sites\/2\/2024\/05\/logo-tci.png\" \/>\n\t<meta property=\"og:image:width\" content=\"1200\" \/>\n\t<meta property=\"og:image:height\" content=\"675\" \/>\n\t<meta property=\"og:image:type\" content=\"image\/png\" \/>\n<meta name=\"twitter:card\" content=\"summary_large_image\" \/>\n<meta name=\"twitter:site\" content=\"@tcicutting\" \/>\n<meta name=\"twitter:label1\" content=\"Tiempo de lectura\" \/>\n\t<meta name=\"twitter:data1\" content=\"1 minuto\" \/>\n<script type=\"application\/ld+json\" class=\"yoast-schema-graph\">{\"@context\":\"https:\\\/\\\/schema.org\",\"@graph\":[{\"@type\":\"WebPage\",\"@id\":\"https:\\\/\\\/www.tcicutting.com\\\/es\\\/auditoria-virtual-smart-factory\\\/\",\"url\":\"https:\\\/\\\/www.tcicutting.com\\\/es\\\/auditoria-virtual-smart-factory\\\/\",\"name\":\"Auditor\u00eda virtual Smart Factory | TCI Cutting\",\"isPartOf\":{\"@id\":\"https:\\\/\\\/www.tcicutting.com\\\/es\\\/#website\"},\"datePublished\":\"2023-12-01T09:49:03+00:00\",\"dateModified\":\"2025-05-28T14:18:47+00:00\",\"description\":\"Con nuestra Auditoria Virtual smart factory te ofrecemos la mejor soluci\u00f3n de corte para ti. Identificamos tus necesidades de corte.\",\"breadcrumb\":{\"@id\":\"https:\\\/\\\/www.tcicutting.com\\\/es\\\/auditoria-virtual-smart-factory\\\/#breadcrumb\"},\"inLanguage\":\"es\",\"potentialAction\":[{\"@type\":\"ReadAction\",\"target\":[\"https:\\\/\\\/www.tcicutting.com\\\/es\\\/auditoria-virtual-smart-factory\\\/\"]}]},{\"@type\":\"BreadcrumbList\",\"@id\":\"https:\\\/\\\/www.tcicutting.com\\\/es\\\/auditoria-virtual-smart-factory\\\/#breadcrumb\",\"itemListElement\":[{\"@type\":\"ListItem\",\"position\":1,\"name\":\"Home\",\"item\":\"https:\\\/\\\/www.tcicutting.com\\\/es\\\/\"},{\"@type\":\"ListItem\",\"position\":2,\"name\":\"Auditor\u00eda virtual Smart Factory\"}]},{\"@type\":\"WebSite\",\"@id\":\"https:\\\/\\\/www.tcicutting.com\\\/es\\\/#website\",\"url\":\"https:\\\/\\\/www.tcicutting.com\\\/es\\\/\",\"name\":\"TCI Cutting\",\"description\":\"\",\"publisher\":{\"@id\":\"https:\\\/\\\/www.tcicutting.com\\\/es\\\/#organization\"},\"potentialAction\":[{\"@type\":\"SearchAction\",\"target\":{\"@type\":\"EntryPoint\",\"urlTemplate\":\"https:\\\/\\\/www.tcicutting.com\\\/es\\\/?s={search_term_string}\"},\"query-input\":{\"@type\":\"PropertyValueSpecification\",\"valueRequired\":true,\"valueName\":\"search_term_string\"}}],\"inLanguage\":\"es\"},{\"@type\":\"Organization\",\"@id\":\"https:\\\/\\\/www.tcicutting.com\\\/es\\\/#organization\",\"name\":\"TCI Cutting\",\"url\":\"https:\\\/\\\/www.tcicutting.com\\\/es\\\/\",\"logo\":{\"@type\":\"ImageObject\",\"inLanguage\":\"es\",\"@id\":\"https:\\\/\\\/www.tcicutting.com\\\/es\\\/#\\\/schema\\\/logo\\\/image\\\/\",\"url\":\"https:\\\/\\\/www.tcicutting.com\\\/es\\\/wp-content\\\/uploads\\\/sites\\\/2\\\/2024\\\/05\\\/U-LOGO-2.png\",\"contentUrl\":\"https:\\\/\\\/www.tcicutting.com\\\/es\\\/wp-content\\\/uploads\\\/sites\\\/2\\\/2024\\\/05\\\/U-LOGO-2.png\",\"width\":695,\"height\":695,\"caption\":\"TCI Cutting\"},\"image\":{\"@id\":\"https:\\\/\\\/www.tcicutting.com\\\/es\\\/#\\\/schema\\\/logo\\\/image\\\/\"},\"sameAs\":[\"https:\\\/\\\/www.facebook.com\\\/TCICutting\\\/\",\"https:\\\/\\\/x.com\\\/tcicutting\",\"https:\\\/\\\/www.instagram.com\\\/tcicutting\\\/\",\"https:\\\/\\\/www.linkedin.com\\\/company\\\/tci-cutting-waterjet&laser-system\\\/\"]}]}<\/script>\n<!-- \/ Yoast SEO plugin. -->","yoast_head_json":{"title":"Auditor\u00eda virtual Smart Factory | TCI Cutting","description":"Con nuestra Auditoria Virtual smart factory te ofrecemos la mejor soluci\u00f3n de corte para ti. Identificamos tus necesidades de corte.","robots":{"index":"index","follow":"follow","max-snippet":"max-snippet:-1","max-image-preview":"max-image-preview:large","max-video-preview":"max-video-preview:-1"},"canonical":"https:\/\/www.tcicutting.com\/es\/auditoria-virtual-smart-factory\/","og_locale":"es_ES","og_type":"article","og_title":"Auditor\u00eda virtual Smart Factory | TCI Cutting","og_description":"Con nuestra Auditoria Virtual smart factory te ofrecemos la mejor soluci\u00f3n de corte para ti. Identificamos tus necesidades de corte.","og_url":"https:\/\/www.tcicutting.com\/es\/auditoria-virtual-smart-factory\/","og_site_name":"TCI Cutting ES","article_publisher":"https:\/\/www.facebook.com\/TCICutting\/","article_modified_time":"2025-05-28T14:18:47+00:00","og_image":[{"width":1200,"height":675,"url":"https:\/\/www.tcicutting.com\/es\/wp-content\/uploads\/sites\/2\/2024\/05\/logo-tci.png","type":"image\/png"}],"twitter_card":"summary_large_image","twitter_site":"@tcicutting","twitter_misc":{"Tiempo de lectura":"1 minuto"},"schema":{"@context":"https:\/\/schema.org","@graph":[{"@type":"WebPage","@id":"https:\/\/www.tcicutting.com\/es\/auditoria-virtual-smart-factory\/","url":"https:\/\/www.tcicutting.com\/es\/auditoria-virtual-smart-factory\/","name":"Auditor\u00eda virtual Smart Factory | TCI Cutting","isPartOf":{"@id":"https:\/\/www.tcicutting.com\/es\/#website"},"datePublished":"2023-12-01T09:49:03+00:00","dateModified":"2025-05-28T14:18:47+00:00","description":"Con nuestra Auditoria Virtual smart factory te ofrecemos la mejor soluci\u00f3n de corte para ti. Identificamos tus necesidades de corte.","breadcrumb":{"@id":"https:\/\/www.tcicutting.com\/es\/auditoria-virtual-smart-factory\/#breadcrumb"},"inLanguage":"es","potentialAction":[{"@type":"ReadAction","target":["https:\/\/www.tcicutting.com\/es\/auditoria-virtual-smart-factory\/"]}]},{"@type":"BreadcrumbList","@id":"https:\/\/www.tcicutting.com\/es\/auditoria-virtual-smart-factory\/#breadcrumb","itemListElement":[{"@type":"ListItem","position":1,"name":"Home","item":"https:\/\/www.tcicutting.com\/es\/"},{"@type":"ListItem","position":2,"name":"Auditor\u00eda virtual Smart Factory"}]},{"@type":"WebSite","@id":"https:\/\/www.tcicutting.com\/es\/#website","url":"https:\/\/www.tcicutting.com\/es\/","name":"TCI Cutting","description":"","publisher":{"@id":"https:\/\/www.tcicutting.com\/es\/#organization"},"potentialAction":[{"@type":"SearchAction","target":{"@type":"EntryPoint","urlTemplate":"https:\/\/www.tcicutting.com\/es\/?s={search_term_string}"},"query-input":{"@type":"PropertyValueSpecification","valueRequired":true,"valueName":"search_term_string"}}],"inLanguage":"es"},{"@type":"Organization","@id":"https:\/\/www.tcicutting.com\/es\/#organization","name":"TCI Cutting","url":"https:\/\/www.tcicutting.com\/es\/","logo":{"@type":"ImageObject","inLanguage":"es","@id":"https:\/\/www.tcicutting.com\/es\/#\/schema\/logo\/image\/","url":"https:\/\/www.tcicutting.com\/es\/wp-content\/uploads\/sites\/2\/2024\/05\/U-LOGO-2.png","contentUrl":"https:\/\/www.tcicutting.com\/es\/wp-content\/uploads\/sites\/2\/2024\/05\/U-LOGO-2.png","width":695,"height":695,"caption":"TCI Cutting"},"image":{"@id":"https:\/\/www.tcicutting.com\/es\/#\/schema\/logo\/image\/"},"sameAs":["https:\/\/www.facebook.com\/TCICutting\/","https:\/\/x.com\/tcicutting","https:\/\/www.instagram.com\/tcicutting\/","https:\/\/www.linkedin.com\/company\/tci-cutting-waterjet&laser-system\/"]}]}},"_links":{"self":[{"href":"https:\/\/www.tcicutting.com\/es\/wp-json\/wp\/v2\/pages\/2043","targetHints":{"allow":["GET"]}}],"collection":[{"href":"https:\/\/www.tcicutting.com\/es\/wp-json\/wp\/v2\/pages"}],"about":[{"href":"https:\/\/www.tcicutting.com\/es\/wp-json\/wp\/v2\/types\/page"}],"author":[{"embeddable":true,"href":"https:\/\/www.tcicutting.com\/es\/wp-json\/wp\/v2\/users\/1"}],"replies":[{"embeddable":true,"href":"https:\/\/www.tcicutting.com\/es\/wp-json\/wp\/v2\/comments?post=2043"}],"version-history":[{"count":6,"href":"https:\/\/www.tcicutting.com\/es\/wp-json\/wp\/v2\/pages\/2043\/revisions"}],"predecessor-version":[{"id":11050,"href":"https:\/\/www.tcicutting.com\/es\/wp-json\/wp\/v2\/pages\/2043\/revisions\/11050"}],"wp:attachment":[{"href":"https:\/\/www.tcicutting.com\/es\/wp-json\/wp\/v2\/media?parent=2043"}],"curies":[{"name":"wp","href":"https:\/\/api.w.org\/{rel}","templated":true}]}}