{"id":10392,"date":"2025-02-04T09:59:03","date_gmt":"2025-02-04T08:59:03","guid":{"rendered":"https:\/\/www.tcicutting.com\/es\/?page_id=10392"},"modified":"2025-02-04T10:04:55","modified_gmt":"2025-02-04T09:04:55","slug":"canal-etico","status":"publish","type":"page","link":"https:\/\/www.tcicutting.com\/es\/canal-etico\/","title":{"rendered":"Canal \u00e9tico"},"content":{"rendered":"\t<section class=\"section\" id=\"section_1169756054\">\n\t\t<div class=\"bg section-bg fill bg-fill  bg-loaded\" >\n\n\t\t\t\n\t\t\t\n\t\t\t\n\n\t\t<\/div>\n\n\t\t\n\n\t\t<div class=\"section-content relative\">\n\t\t\t\n<div class=\"row\"  id=\"row-964614702\">\n\n\t<div id=\"col-858240674\" class=\"col medium-2 small-12 large-2\"  >\n\t\t\t\t<div class=\"col-inner\"  >\n\t\t\t\n\t\t\t\n\t\t<\/div>\n\t\t\t\t\t<\/div>\n\n\t\n\n\t<div id=\"col-635043973\" class=\"col medium-8 small-12 large-8\"  >\n\t\t\t\t<div class=\"col-inner\"  >\n\t\t\t\n\t\t\t\n\t<div id=\"text-2784102324\" class=\"text\">\n\t\t\n<h1>Canal \u00e9tico<\/h1>\n\t\t\n<style>\n#text-2784102324 {\n  font-size: 2.1875rem;\n  line-height: 1.1;\n}\n<\/style>\n\t<\/div>\n\t\n<p>TCI Cutting ha desarrollado e implantado su Sistema Interno de Informaci\u00f3n en cumplimiento con la Ley 2\/2023 de 20 de febrero al que puede acceder a trav\u00e9s del siguiente enlace: <u><a href=\"http:\/\/centinela.lefebvre.es\/public\/concept\/1934561?access=p%2fLoQGeCyQqZF3m7vBF1H9tW5IwZlSH85%2bkEf8hEbco%3d\">Canal de denuncias<\/a>.<\/u><\/p>\n<p>A trav\u00e9s de nuestro canal \u00e9tico podr\u00e1 presentar comunicaciones relativas a cualquiera de las siguientes:<\/p>\n<ul>\n<li>Infracciones penales<\/li>\n<li>Infracciones administrativas graves o muy graves<\/li>\n<li>Infracciones de normativa de la Uni\u00f3n Europea como puede ser infracciones de protecci\u00f3n de datos personales, de medioambiente, entre otras.<\/li>\n<\/ul>\n<p>Si desea consultar m\u00e1s informaci\u00f3n sobre los principios que regulan el Sistema Interno de Informaci\u00f3n de TCI Cutting, as\u00ed como sobre el funcionamiento del canal \u00e9tico, puede hacerlo accediendo a la <u><a href=\"https:\/\/www.tcicutting.com\/es\/wp-content\/uploads\/sites\/2\/2025\/02\/20241121-Politica-del-sistema-interno-de-informacion7.pdf\" target=\"_blank\" rel=\"noopener\">Pol\u00edtica del Sistema<\/a><\/u>.<\/p>\n<p>Si la comunicaci\u00f3n que desea presentar <strong>no es relativa a ninguna de las opciones anteriores<\/strong>, por favor, consulte el apartado de <u><a href=\"https:\/\/www.tcicutting.com\/es\/contacto\/\">Contacto<\/a><\/u> de nuestra web donde podr\u00e1 localizar el resto de nuestros canales de comunicaci\u00f3n.\u00a0<\/p>\n\t\t<\/div>\n\t\t\t\t\t<\/div>\n\n\t\n<\/div>\n\t\t<\/div>\n\n\t\t\n<style>\n#section_1169756054 {\n  padding-top: 100px;\n  padding-bottom: 100px;\n}\n<\/style>\n\t<\/section>\n\t\n","protected":false},"excerpt":{"rendered":"","protected":false},"author":1,"featured_media":0,"parent":0,"menu_order":10001,"comment_status":"closed","ping_status":"closed","template":"","meta":{"footnotes":""},"class_list":["post-10392","page","type-page","status-publish","hentry"],"acf":[],"yoast_head":"<!-- This site is optimized with the Yoast SEO plugin v27.1.1 - https:\/\/yoast.com\/product\/yoast-seo-wordpress\/ -->\n<title>Canal \u00e9tico | TCI Cutting ES<\/title>\n<meta name=\"robots\" content=\"noindex, follow\" \/>\n<meta property=\"og:locale\" content=\"es_ES\" \/>\n<meta property=\"og:type\" content=\"article\" \/>\n<meta property=\"og:title\" content=\"Canal \u00e9tico | TCI Cutting ES\" \/>\n<meta property=\"og:url\" content=\"https:\/\/www.tcicutting.com\/es\/canal-etico\/\" \/>\n<meta property=\"og:site_name\" content=\"TCI Cutting ES\" \/>\n<meta property=\"article:publisher\" content=\"https:\/\/www.facebook.com\/TCICutting\/\" \/>\n<meta property=\"article:modified_time\" content=\"2025-02-04T09:04:55+00:00\" \/>\n<meta property=\"og:image\" content=\"https:\/\/www.tcicutting.com\/es\/wp-content\/uploads\/sites\/2\/2024\/05\/logo-tci.png\" \/>\n\t<meta property=\"og:image:width\" content=\"1200\" \/>\n\t<meta property=\"og:image:height\" content=\"675\" \/>\n\t<meta property=\"og:image:type\" content=\"image\/png\" \/>\n<meta name=\"twitter:card\" content=\"summary_large_image\" \/>\n<meta name=\"twitter:site\" content=\"@tcicutting\" \/>\n<meta name=\"twitter:label1\" content=\"Tiempo de lectura\" \/>\n\t<meta name=\"twitter:data1\" content=\"6 minutos\" \/>\n<script type=\"application\/ld+json\" class=\"yoast-schema-graph\">{\"@context\":\"https:\/\/schema.org\",\"@graph\":[{\"@type\":\"WebPage\",\"@id\":\"https:\/\/www.tcicutting.com\/es\/canal-etico\/\",\"url\":\"https:\/\/www.tcicutting.com\/es\/canal-etico\/\",\"name\":\"Canal \u00e9tico | TCI Cutting ES\",\"isPartOf\":{\"@id\":\"https:\/\/www.tcicutting.com\/es\/#website\"},\"datePublished\":\"2025-02-04T08:59:03+00:00\",\"dateModified\":\"2025-02-04T09:04:55+00:00\",\"breadcrumb\":{\"@id\":\"https:\/\/www.tcicutting.com\/es\/canal-etico\/#breadcrumb\"},\"inLanguage\":\"es\",\"potentialAction\":[{\"@type\":\"ReadAction\",\"target\":[\"https:\/\/www.tcicutting.com\/es\/canal-etico\/\"]}]},{\"@type\":\"BreadcrumbList\",\"@id\":\"https:\/\/www.tcicutting.com\/es\/canal-etico\/#breadcrumb\",\"itemListElement\":[{\"@type\":\"ListItem\",\"position\":1,\"name\":\"Home\",\"item\":\"https:\/\/www.tcicutting.com\/es\/\"},{\"@type\":\"ListItem\",\"position\":2,\"name\":\"Canal \u00e9tico\"}]},{\"@type\":\"WebSite\",\"@id\":\"https:\/\/www.tcicutting.com\/es\/#website\",\"url\":\"https:\/\/www.tcicutting.com\/es\/\",\"name\":\"TCI Cutting\",\"description\":\"\",\"publisher\":{\"@id\":\"https:\/\/www.tcicutting.com\/es\/#organization\"},\"potentialAction\":[{\"@type\":\"SearchAction\",\"target\":{\"@type\":\"EntryPoint\",\"urlTemplate\":\"https:\/\/www.tcicutting.com\/es\/?s={search_term_string}\"},\"query-input\":{\"@type\":\"PropertyValueSpecification\",\"valueRequired\":true,\"valueName\":\"search_term_string\"}}],\"inLanguage\":\"es\"},{\"@type\":\"Organization\",\"@id\":\"https:\/\/www.tcicutting.com\/es\/#organization\",\"name\":\"TCI Cutting\",\"url\":\"https:\/\/www.tcicutting.com\/es\/\",\"logo\":{\"@type\":\"ImageObject\",\"inLanguage\":\"es\",\"@id\":\"https:\/\/www.tcicutting.com\/es\/#\/schema\/logo\/image\/\",\"url\":\"https:\/\/www.tcicutting.com\/es\/wp-content\/uploads\/sites\/2\/2024\/05\/U-LOGO-2.png\",\"contentUrl\":\"https:\/\/www.tcicutting.com\/es\/wp-content\/uploads\/sites\/2\/2024\/05\/U-LOGO-2.png\",\"width\":695,\"height\":695,\"caption\":\"TCI Cutting\"},\"image\":{\"@id\":\"https:\/\/www.tcicutting.com\/es\/#\/schema\/logo\/image\/\"},\"sameAs\":[\"https:\/\/www.facebook.com\/TCICutting\/\",\"https:\/\/x.com\/tcicutting\",\"https:\/\/www.instagram.com\/tcicutting\/\",\"https:\/\/www.linkedin.com\/company\/tci-cutting-waterjet&laser-system\/\"]}]}<\/script>\n<!-- \/ Yoast SEO plugin. -->","yoast_head_json":{"title":"Canal \u00e9tico | TCI Cutting ES","robots":{"index":"noindex","follow":"follow"},"og_locale":"es_ES","og_type":"article","og_title":"Canal \u00e9tico | TCI Cutting ES","og_url":"https:\/\/www.tcicutting.com\/es\/canal-etico\/","og_site_name":"TCI Cutting ES","article_publisher":"https:\/\/www.facebook.com\/TCICutting\/","article_modified_time":"2025-02-04T09:04:55+00:00","og_image":[{"width":1200,"height":675,"url":"https:\/\/www.tcicutting.com\/es\/wp-content\/uploads\/sites\/2\/2024\/05\/logo-tci.png","type":"image\/png"}],"twitter_card":"summary_large_image","twitter_site":"@tcicutting","twitter_misc":{"Tiempo de lectura":"6 minutos"},"schema":{"@context":"https:\/\/schema.org","@graph":[{"@type":"WebPage","@id":"https:\/\/www.tcicutting.com\/es\/canal-etico\/","url":"https:\/\/www.tcicutting.com\/es\/canal-etico\/","name":"Canal \u00e9tico | TCI Cutting ES","isPartOf":{"@id":"https:\/\/www.tcicutting.com\/es\/#website"},"datePublished":"2025-02-04T08:59:03+00:00","dateModified":"2025-02-04T09:04:55+00:00","breadcrumb":{"@id":"https:\/\/www.tcicutting.com\/es\/canal-etico\/#breadcrumb"},"inLanguage":"es","potentialAction":[{"@type":"ReadAction","target":["https:\/\/www.tcicutting.com\/es\/canal-etico\/"]}]},{"@type":"BreadcrumbList","@id":"https:\/\/www.tcicutting.com\/es\/canal-etico\/#breadcrumb","itemListElement":[{"@type":"ListItem","position":1,"name":"Home","item":"https:\/\/www.tcicutting.com\/es\/"},{"@type":"ListItem","position":2,"name":"Canal \u00e9tico"}]},{"@type":"WebSite","@id":"https:\/\/www.tcicutting.com\/es\/#website","url":"https:\/\/www.tcicutting.com\/es\/","name":"TCI Cutting","description":"","publisher":{"@id":"https:\/\/www.tcicutting.com\/es\/#organization"},"potentialAction":[{"@type":"SearchAction","target":{"@type":"EntryPoint","urlTemplate":"https:\/\/www.tcicutting.com\/es\/?s={search_term_string}"},"query-input":{"@type":"PropertyValueSpecification","valueRequired":true,"valueName":"search_term_string"}}],"inLanguage":"es"},{"@type":"Organization","@id":"https:\/\/www.tcicutting.com\/es\/#organization","name":"TCI Cutting","url":"https:\/\/www.tcicutting.com\/es\/","logo":{"@type":"ImageObject","inLanguage":"es","@id":"https:\/\/www.tcicutting.com\/es\/#\/schema\/logo\/image\/","url":"https:\/\/www.tcicutting.com\/es\/wp-content\/uploads\/sites\/2\/2024\/05\/U-LOGO-2.png","contentUrl":"https:\/\/www.tcicutting.com\/es\/wp-content\/uploads\/sites\/2\/2024\/05\/U-LOGO-2.png","width":695,"height":695,"caption":"TCI Cutting"},"image":{"@id":"https:\/\/www.tcicutting.com\/es\/#\/schema\/logo\/image\/"},"sameAs":["https:\/\/www.facebook.com\/TCICutting\/","https:\/\/x.com\/tcicutting","https:\/\/www.instagram.com\/tcicutting\/","https:\/\/www.linkedin.com\/company\/tci-cutting-waterjet&laser-system\/"]}]}},"_links":{"self":[{"href":"https:\/\/www.tcicutting.com\/es\/wp-json\/wp\/v2\/pages\/10392","targetHints":{"allow":["GET"]}}],"collection":[{"href":"https:\/\/www.tcicutting.com\/es\/wp-json\/wp\/v2\/pages"}],"about":[{"href":"https:\/\/www.tcicutting.com\/es\/wp-json\/wp\/v2\/types\/page"}],"author":[{"embeddable":true,"href":"https:\/\/www.tcicutting.com\/es\/wp-json\/wp\/v2\/users\/1"}],"replies":[{"embeddable":true,"href":"https:\/\/www.tcicutting.com\/es\/wp-json\/wp\/v2\/comments?post=10392"}],"version-history":[{"count":4,"href":"https:\/\/www.tcicutting.com\/es\/wp-json\/wp\/v2\/pages\/10392\/revisions"}],"predecessor-version":[{"id":10398,"href":"https:\/\/www.tcicutting.com\/es\/wp-json\/wp\/v2\/pages\/10392\/revisions\/10398"}],"wp:attachment":[{"href":"https:\/\/www.tcicutting.com\/es\/wp-json\/wp\/v2\/media?parent=10392"}],"curies":[{"name":"wp","href":"https:\/\/api.w.org\/{rel}","templated":true}]}}