{"id":8759,"date":"2025-05-22T11:18:46","date_gmt":"2025-05-22T09:18:46","guid":{"rendered":"https:\/\/www.tcicutting.com\/es-mx\/?page_id=8759"},"modified":"2025-05-26T09:41:13","modified_gmt":"2025-05-26T07:41:13","slug":"test-formidable-auditoria","status":"publish","type":"page","link":"https:\/\/www.tcicutting.com\/es-mx\/test-formidable-auditoria\/","title":{"rendered":"Test Formidable &#8211; Auditoria"},"content":{"rendered":"\t<section class=\"section form-auditoria-section\" id=\"section_1824081138\">\n\t\t<div class=\"bg section-bg fill bg-fill  bg-loaded\" >\n\n\t\t\t\n\t\t\t\n\t\t\t\n\n\t\t<\/div>\n\n\t\t\n\n\t\t<div class=\"section-content relative\">\n\t\t\t\n<div class=\"row\"  id=\"row-303987876\">\n\n\t<div id=\"col-618977731\" class=\"col small-12 large-12\"  >\n\t\t\t\t<div class=\"col-inner\"  >\n\t\t\t\n\t\t\t\n\n<div class=\"frm_forms  with_frm_style frm_style_estilos-formidable\" id=\"frm_form_49_container\" data-token=\"ea64f6d8727e3a2aaa786412ef0745a4\">\n<form enctype=\"multipart\/form-data\" method=\"post\" class=\"frm-show-form  frm_pro_form  frm_slideup \" id=\"form_auditoria-virtual-energia\" data-token=\"ea64f6d8727e3a2aaa786412ef0745a4\">\n<div class=\"frm_form_fields  frm_page_num_1\">\n<fieldset>\n<div class=\"frm_rootline_group\" role=\"group\" tabindex=\"0\" aria-label=\"Page 1 of 7\" ><ul class=\"frm_page_bar frm_rootline_7 frm_progress frm_progress_line frm_no_numbers frm_show_lines \"><li class=\"frm_rootline_single frm_current_page\"><input type=\"button\" value=\"1\" data-page=\"\" class=\" frm_page_1\" aria-disabled=\"true\" data-field=\"0\" aria-label=\"P\u00e1gina 1\"  \/><\/li><li class=\"frm_rootline_single\"><input type=\"button\" value=\"2\" data-page=\"4\" class=\"frm_page_skip frm_page_2\" data-field=\"482\" aria-label=\"Empezar\"  \/><\/li><li class=\"frm_rootline_single\"><input type=\"button\" value=\"3\" data-page=\"8\" class=\"frm_page_skip frm_page_3\" data-field=\"484\" aria-label=\"Siguiente\"  \/><\/li><li class=\"frm_rootline_single\"><input type=\"button\" value=\"4\" data-page=\"12\" class=\"frm_page_skip frm_page_4\" data-field=\"486\" aria-label=\"Siguiente\"  \/><\/li><li class=\"frm_rootline_single\"><input type=\"button\" value=\"5\" data-page=\"16\" class=\"frm_page_skip frm_page_5\" data-field=\"488\" aria-label=\"Siguiente\"  \/><\/li><li class=\"frm_rootline_single\"><input type=\"button\" value=\"6\" data-page=\"20\" class=\"frm_page_skip frm_page_6\" data-field=\"490\" aria-label=\"Siguiente\"  \/><\/li><li class=\"frm_rootline_single\"><input type=\"button\" value=\"7\" data-page=\"24\" class=\"frm_page_skip frm_page_7\" data-field=\"496\" aria-label=\"Page 7\"  \/><\/li><\/ul><div class=\"frm_clearfix\"><\/div><\/div><legend class=\"frm_screen_reader\">Auditoria Virtual Energia<\/legend>\r\n\r\n<div class=\"frm_fields_container\">\n<input type=\"hidden\" name=\"frm_action\" value=\"create\" \/>\n<input type=\"hidden\" name=\"form_id\" value=\"49\" \/>\n<input type=\"hidden\" name=\"frm_hide_fields_49\" id=\"frm_hide_fields_49\" value=\"\" \/>\n<input type=\"hidden\" name=\"form_key\" value=\"auditoria-virtual-energia\" \/>\n<input type=\"hidden\" name=\"item_meta[0]\" value=\"\" \/>\n<input type=\"hidden\" id=\"frm_submit_entry_49\" name=\"frm_submit_entry_49\" value=\"ebfd215650\" \/><input type=\"hidden\" name=\"_wp_http_referer\" value=\"\/es-mx\/wp-json\/wp\/v2\/pages\/8759\" \/><div id=\"frm_field_481_container\" class=\"frm_form_field  frm_html_container form-field\">\n<div class=\"red-line-column\">\n<div class=\"col-inner\">\n<h2><span class=\"ls-pretitle fw-300 uppercase\">Auditor\u00eda Virtual<\/span>Ahorro energ\u00e9tico<\/h2>\n<\/div>\n<\/div>\n<p class=\"audit-p\">Hemos dise\u00f1ado una serie de preguntas para conocer las caracter\u00edsticas de tu proceso de corte.<br \/>\nTus respuestas nos ayudar\u00e1n a identificar puntos susceptibles de mejora para que reduzcas tu consumo de gas hasta un 70% en tu proceso productivo.\n<\/p>\n<\/div>\n<input type=\"hidden\" name=\"frm_page_order_49\" id=\"frm_page_order_49\" value=\"4\" \/><input type=\"hidden\" name=\"item_meta[483]\" id=\"field_hubmj4-0\" value=\"\"     \/>\n<input type=\"hidden\" name=\"item_meta[484]\" id=\"field_9ijz84\" value=\"\"     \/>\n<input type=\"hidden\" name=\"item_meta[485]\" id=\"field_tefpb4-0\" value=\"\"     \/>\n<input type=\"hidden\" name=\"item_meta[486]\" id=\"field_ykjjd4\" value=\"\"     \/>\n<input type=\"hidden\" name=\"item_meta[487]\" id=\"field_8q5l42-0\" value=\"\"     \/>\n<input type=\"hidden\" name=\"item_meta[488]\" id=\"field_5hugs4\" value=\"\"     \/>\n<input type=\"hidden\" name=\"item_meta[489]\" id=\"field_i1jr52-0\" value=\"\"     \/>\n<input type=\"hidden\" name=\"item_meta[490]\" id=\"field_12ojt4\" value=\"\"     \/>\n<input type=\"hidden\" name=\"item_meta[503]\" id=\"field_2q9cr-0\" value=\"\"     \/>\n<input type=\"hidden\" name=\"item_meta[496]\" id=\"field_cql4x2\" value=\"\"     \/>\n<input type=\"hidden\" name=\"item_meta[497]\" id=\"field_u8pw4\" value=\"\"     \/>\n<input type=\"hidden\" name=\"item_meta[498]\" id=\"field_biwm74\" value=\"\"  autocomplete=\"email\"     \/>\n<input type=\"hidden\" name=\"item_meta[499]\" id=\"field_tdyh04\" value=\"\"     \/>\n<input type=\"hidden\" name=\"item_meta[500]\" id=\"field_fxa8x4\" value=\"\"     \/>\n<input type=\"hidden\" name=\"item_meta[501]\" id=\"field_qhhl94\" value=\"Mexico\"  data-placeholder=\"Pa\u00eds *\"  data-frmval=\"Mexico\"   \/>\n<input type=\"hidden\" name=\"item_meta[502]\" id=\"field_enviar4\" value=\"\"     \/>\n\t<input type=\"hidden\" name=\"item_key\" value=\"\" \/>\n\t\t\t<div id=\"frm_field_520_container\">\n\t\t\t<label for=\"field_txo9h\" >\n\t\t\t\tIf you are human, leave this field blank.\t\t\t<\/label>\n\t\t\t<input  id=\"field_txo9h\" type=\"text\" class=\"frm_form_field form-field frm_verify\" name=\"item_meta[520]\" value=\"\"  \/>\n\t\t<\/div>\n\t\t<input name=\"frm_state\" type=\"hidden\" value=\"9XD7ONAng\/t5+\/ENA73xWxbRX3MkLMkzOkCuMO7Kncij2IhZlfoFWnzp2DmIMZaC\" \/><div class=\"frm_submit frm_flex\">\r\n<button class=\"frm_button_submit button primary icon-right-button arrow-right\" type=\"submit\"  ><span>Empezar<\/span><\/button>\r\n\r\n\r\n\r\n<\/div><\/div>\n<\/fieldset>\n<\/div>\n\n<\/form>\n<\/div>\n\n\n\t\t<\/div>\n\t\t\t\t\t<\/div>\n\n\t\n<\/div>\n\t\t<\/div>\n\n\t\t\n<style>\n#section_1824081138 {\n  padding-top: 0px;\n  padding-bottom: 0px;\n  min-height: 85vh;\n  background-color: rgb(250, 250, 250);\n}\n<\/style>\n\t<\/section>\n\t\n","protected":false},"excerpt":{"rendered":"","protected":false},"author":1,"featured_media":0,"parent":0,"menu_order":0,"comment_status":"closed","ping_status":"closed","template":"","meta":{"footnotes":""},"class_list":["post-8759","page","type-page","status-publish","hentry"],"acf":[],"yoast_head":"<!-- This site is optimized with the Yoast SEO plugin v27.1.1 - https:\/\/yoast.com\/product\/yoast-seo-wordpress\/ -->\n<title>Auditor\u00eda Virtual M\u00e1quinas de Corte | TCI Cutting<\/title>\n<meta name=\"description\" content=\"Con la auditor\u00eda virtual sobre M\u00e1quinas de Corte te podremos ofrecer soluciones de automatizaci\u00f3n a medida y software inteligente para ser m\u00e1s productivo.\" \/>\n<meta name=\"robots\" content=\"index, follow, max-snippet:-1, max-image-preview:large, max-video-preview:-1\" \/>\n<link rel=\"canonical\" href=\"https:\/\/www.tcicutting.com\/es-mx\/test-formidable-auditoria\/\" \/>\n<meta property=\"og:locale\" content=\"es_MX\" \/>\n<meta property=\"og:type\" content=\"article\" \/>\n<meta property=\"og:title\" content=\"Auditor\u00eda Virtual M\u00e1quinas de Corte | TCI Cutting\" \/>\n<meta property=\"og:description\" content=\"Con la auditor\u00eda virtual sobre M\u00e1quinas de Corte te podremos ofrecer soluciones de automatizaci\u00f3n a medida y software inteligente para ser m\u00e1s productivo.\" \/>\n<meta property=\"og:url\" content=\"https:\/\/www.tcicutting.com\/es-mx\/test-formidable-auditoria\/\" \/>\n<meta property=\"og:site_name\" content=\"TCI Cutting MX\" \/>\n<meta property=\"article:publisher\" content=\"https:\/\/www.facebook.com\/TCICutting\/\" \/>\n<meta property=\"article:modified_time\" content=\"2025-05-26T07:41:13+00:00\" \/>\n<meta property=\"og:image\" content=\"https:\/\/www.tcicutting.com\/es-mx\/wp-content\/uploads\/sites\/6\/2024\/05\/logo-tci.png\" \/>\n\t<meta property=\"og:image:width\" content=\"1200\" \/>\n\t<meta property=\"og:image:height\" content=\"675\" \/>\n\t<meta property=\"og:image:type\" content=\"image\/png\" \/>\n<meta name=\"twitter:card\" content=\"summary_large_image\" \/>\n<meta name=\"twitter:site\" content=\"@tcicutting\" \/>\n<meta name=\"twitter:label1\" content=\"Tiempo de lectura\" \/>\n\t<meta name=\"twitter:data1\" content=\"1 minuto\" \/>\n<script type=\"application\/ld+json\" class=\"yoast-schema-graph\">{\"@context\":\"https:\/\/schema.org\",\"@graph\":[{\"@type\":\"WebPage\",\"@id\":\"https:\/\/www.tcicutting.com\/es-mx\/test-formidable-auditoria\/\",\"url\":\"https:\/\/www.tcicutting.com\/es-mx\/test-formidable-auditoria\/\",\"name\":\"Auditor\u00eda Virtual M\u00e1quinas de Corte | TCI Cutting\",\"isPartOf\":{\"@id\":\"https:\/\/www.tcicutting.com\/es-mx\/#website\"},\"datePublished\":\"2025-05-22T09:18:46+00:00\",\"dateModified\":\"2025-05-26T07:41:13+00:00\",\"description\":\"Con la auditor\u00eda virtual sobre M\u00e1quinas de Corte te podremos ofrecer soluciones de automatizaci\u00f3n a medida y software inteligente para ser m\u00e1s productivo.\",\"breadcrumb\":{\"@id\":\"https:\/\/www.tcicutting.com\/es-mx\/test-formidable-auditoria\/#breadcrumb\"},\"inLanguage\":\"es\",\"potentialAction\":[{\"@type\":\"ReadAction\",\"target\":[\"https:\/\/www.tcicutting.com\/es-mx\/test-formidable-auditoria\/\"]}]},{\"@type\":\"BreadcrumbList\",\"@id\":\"https:\/\/www.tcicutting.com\/es-mx\/test-formidable-auditoria\/#breadcrumb\",\"itemListElement\":[{\"@type\":\"ListItem\",\"position\":1,\"name\":\"Home\",\"item\":\"https:\/\/www.tcicutting.com\/es-mx\/\"},{\"@type\":\"ListItem\",\"position\":2,\"name\":\"Test Formidable &#8211; Auditoria\"}]},{\"@type\":\"WebSite\",\"@id\":\"https:\/\/www.tcicutting.com\/es-mx\/#website\",\"url\":\"https:\/\/www.tcicutting.com\/es-mx\/\",\"name\":\"TCI Cutting\",\"description\":\"\",\"publisher\":{\"@id\":\"https:\/\/www.tcicutting.com\/es-mx\/#organization\"},\"alternateName\":\"TCI Cutting\",\"potentialAction\":[{\"@type\":\"SearchAction\",\"target\":{\"@type\":\"EntryPoint\",\"urlTemplate\":\"https:\/\/www.tcicutting.com\/es-mx\/?s={search_term_string}\"},\"query-input\":{\"@type\":\"PropertyValueSpecification\",\"valueRequired\":true,\"valueName\":\"search_term_string\"}}],\"inLanguage\":\"es\"},{\"@type\":\"Organization\",\"@id\":\"https:\/\/www.tcicutting.com\/es-mx\/#organization\",\"name\":\"TCI Cutting\",\"alternateName\":\"TCI Cutting\",\"url\":\"https:\/\/www.tcicutting.com\/es-mx\/\",\"logo\":{\"@type\":\"ImageObject\",\"inLanguage\":\"es\",\"@id\":\"https:\/\/www.tcicutting.com\/es-mx\/#\/schema\/logo\/image\/\",\"url\":\"https:\/\/nueva2023.tcicutting.com\/es-mx\/wp-content\/uploads\/sites\/6\/2024\/05\/logo-tci-cutting.png\",\"contentUrl\":\"https:\/\/nueva2023.tcicutting.com\/es-mx\/wp-content\/uploads\/sites\/6\/2024\/05\/logo-tci-cutting.png\",\"width\":695,\"height\":695,\"caption\":\"TCI Cutting\"},\"image\":{\"@id\":\"https:\/\/www.tcicutting.com\/es-mx\/#\/schema\/logo\/image\/\"},\"sameAs\":[\"https:\/\/www.facebook.com\/TCICutting\/\",\"https:\/\/x.com\/tcicutting\",\"https:\/\/www.instagram.com\/tcicutting\/\",\"https:\/\/www.linkedin.com\/company\/tci-cutting-waterjet&laser-system\/\"]}]}<\/script>\n<!-- \/ Yoast SEO plugin. -->","yoast_head_json":{"title":"Auditor\u00eda Virtual M\u00e1quinas de Corte | TCI Cutting","description":"Con la auditor\u00eda virtual sobre M\u00e1quinas de Corte te podremos ofrecer soluciones de automatizaci\u00f3n a medida y software inteligente para ser m\u00e1s productivo.","robots":{"index":"index","follow":"follow","max-snippet":"max-snippet:-1","max-image-preview":"max-image-preview:large","max-video-preview":"max-video-preview:-1"},"canonical":"https:\/\/www.tcicutting.com\/es-mx\/test-formidable-auditoria\/","og_locale":"es_MX","og_type":"article","og_title":"Auditor\u00eda Virtual M\u00e1quinas de Corte | TCI Cutting","og_description":"Con la auditor\u00eda virtual sobre M\u00e1quinas de Corte te podremos ofrecer soluciones de automatizaci\u00f3n a medida y software inteligente para ser m\u00e1s productivo.","og_url":"https:\/\/www.tcicutting.com\/es-mx\/test-formidable-auditoria\/","og_site_name":"TCI Cutting MX","article_publisher":"https:\/\/www.facebook.com\/TCICutting\/","article_modified_time":"2025-05-26T07:41:13+00:00","og_image":[{"width":1200,"height":675,"url":"https:\/\/www.tcicutting.com\/es-mx\/wp-content\/uploads\/sites\/6\/2024\/05\/logo-tci.png","type":"image\/png"}],"twitter_card":"summary_large_image","twitter_site":"@tcicutting","twitter_misc":{"Tiempo de lectura":"1 minuto"},"schema":{"@context":"https:\/\/schema.org","@graph":[{"@type":"WebPage","@id":"https:\/\/www.tcicutting.com\/es-mx\/test-formidable-auditoria\/","url":"https:\/\/www.tcicutting.com\/es-mx\/test-formidable-auditoria\/","name":"Auditor\u00eda Virtual M\u00e1quinas de Corte | TCI Cutting","isPartOf":{"@id":"https:\/\/www.tcicutting.com\/es-mx\/#website"},"datePublished":"2025-05-22T09:18:46+00:00","dateModified":"2025-05-26T07:41:13+00:00","description":"Con la auditor\u00eda virtual sobre M\u00e1quinas de Corte te podremos ofrecer soluciones de automatizaci\u00f3n a medida y software inteligente para ser m\u00e1s productivo.","breadcrumb":{"@id":"https:\/\/www.tcicutting.com\/es-mx\/test-formidable-auditoria\/#breadcrumb"},"inLanguage":"es","potentialAction":[{"@type":"ReadAction","target":["https:\/\/www.tcicutting.com\/es-mx\/test-formidable-auditoria\/"]}]},{"@type":"BreadcrumbList","@id":"https:\/\/www.tcicutting.com\/es-mx\/test-formidable-auditoria\/#breadcrumb","itemListElement":[{"@type":"ListItem","position":1,"name":"Home","item":"https:\/\/www.tcicutting.com\/es-mx\/"},{"@type":"ListItem","position":2,"name":"Test Formidable &#8211; Auditoria"}]},{"@type":"WebSite","@id":"https:\/\/www.tcicutting.com\/es-mx\/#website","url":"https:\/\/www.tcicutting.com\/es-mx\/","name":"TCI Cutting","description":"","publisher":{"@id":"https:\/\/www.tcicutting.com\/es-mx\/#organization"},"alternateName":"TCI Cutting","potentialAction":[{"@type":"SearchAction","target":{"@type":"EntryPoint","urlTemplate":"https:\/\/www.tcicutting.com\/es-mx\/?s={search_term_string}"},"query-input":{"@type":"PropertyValueSpecification","valueRequired":true,"valueName":"search_term_string"}}],"inLanguage":"es"},{"@type":"Organization","@id":"https:\/\/www.tcicutting.com\/es-mx\/#organization","name":"TCI Cutting","alternateName":"TCI Cutting","url":"https:\/\/www.tcicutting.com\/es-mx\/","logo":{"@type":"ImageObject","inLanguage":"es","@id":"https:\/\/www.tcicutting.com\/es-mx\/#\/schema\/logo\/image\/","url":"https:\/\/nueva2023.tcicutting.com\/es-mx\/wp-content\/uploads\/sites\/6\/2024\/05\/logo-tci-cutting.png","contentUrl":"https:\/\/nueva2023.tcicutting.com\/es-mx\/wp-content\/uploads\/sites\/6\/2024\/05\/logo-tci-cutting.png","width":695,"height":695,"caption":"TCI Cutting"},"image":{"@id":"https:\/\/www.tcicutting.com\/es-mx\/#\/schema\/logo\/image\/"},"sameAs":["https:\/\/www.facebook.com\/TCICutting\/","https:\/\/x.com\/tcicutting","https:\/\/www.instagram.com\/tcicutting\/","https:\/\/www.linkedin.com\/company\/tci-cutting-waterjet&laser-system\/"]}]}},"_links":{"self":[{"href":"https:\/\/www.tcicutting.com\/es-mx\/wp-json\/wp\/v2\/pages\/8759","targetHints":{"allow":["GET"]}}],"collection":[{"href":"https:\/\/www.tcicutting.com\/es-mx\/wp-json\/wp\/v2\/pages"}],"about":[{"href":"https:\/\/www.tcicutting.com\/es-mx\/wp-json\/wp\/v2\/types\/page"}],"author":[{"embeddable":true,"href":"https:\/\/www.tcicutting.com\/es-mx\/wp-json\/wp\/v2\/users\/1"}],"replies":[{"embeddable":true,"href":"https:\/\/www.tcicutting.com\/es-mx\/wp-json\/wp\/v2\/comments?post=8759"}],"version-history":[{"count":27,"href":"https:\/\/www.tcicutting.com\/es-mx\/wp-json\/wp\/v2\/pages\/8759\/revisions"}],"predecessor-version":[{"id":8800,"href":"https:\/\/www.tcicutting.com\/es-mx\/wp-json\/wp\/v2\/pages\/8759\/revisions\/8800"}],"wp:attachment":[{"href":"https:\/\/www.tcicutting.com\/es-mx\/wp-json\/wp\/v2\/media?parent=8759"}],"curies":[{"name":"wp","href":"https:\/\/api.w.org\/{rel}","templated":true}]}}