{"id":3710,"date":"2024-01-15T10:18:56","date_gmt":"2024-01-15T10:18:56","guid":{"rendered":"https:\/\/tcicutting.com\/es-mx\/?page_id=3710"},"modified":"2024-05-31T10:02:51","modified_gmt":"2024-05-31T08:02:51","slug":"trabaja-con-nosotros","status":"publish","type":"page","link":"https:\/\/www.tcicutting.com\/es-mx\/trabaja-con-nosotros\/","title":{"rendered":"Trabaja con nosotros"},"content":{"rendered":"\t<section class=\"section dark\" id=\"section_1919494559\">\n\t\t<div class=\"bg section-bg fill bg-fill  \" >\n\n\t\t\t\n\t\t\t\n\t\t\t\n\n\t\t<\/div>\n\n\t\t\n\n\t\t<div class=\"section-content relative\">\n\t\t\t\n\t<div id=\"gap-930772543\" class=\"gap-element clearfix\" style=\"display:block; height:auto;\">\n\t\t\n<style>\n#gap-930772543 {\n  padding-top: 180px;\n}\n<\/style>\n\t<\/div>\n\t\n<div class=\"row pb-0\"  id=\"row-281486280\">\n\n\t<div id=\"col-479750914\" class=\"col pb-0 red-line-column medium-12 small-12 large-7\"  >\n\t\t\t\t<div class=\"col-inner\"  >\n\t\t\t\n\t\t\t\n\t<div id=\"text-1953235436\" class=\"text doubled-font ls-titles txt-mb-0\">\n\t\t\n<h1>Trabaja<br \/>\ncon nosotros<\/h1>\n\t\t\n<style>\n#text-1953235436 {\n  font-size: 1.2rem;\n  line-height: 1.1;\n}\n@media (min-width:550px) {\n  #text-1953235436 {\n    font-size: 1.7rem;\n  }\n}\n@media (min-width:850px) {\n  #text-1953235436 {\n    font-size: 1.9rem;\n  }\n}\n<\/style>\n\t<\/div>\n\t\n\t\t<\/div>\n\t\t\t\t\n<style>\n#col-479750914 > .col-inner {\n  margin: 0px 0px 50px 0px;\n}\n<\/style>\n\t<\/div>\n\n\t\n<\/div>\n\t\t<\/div>\n\n\t\t\n<style>\n#section_1919494559 {\n  padding-top: 0px;\n  padding-bottom: 0px;\n  min-height: 360px;\n}\n#section_1919494559 .section-bg.bg-loaded {\n  background-image: url(https:\/\/www.tcicutting.com\/es-mx\/wp-content\/uploads\/sites\/6\/2024\/01\/tci-trabaja-con-nosotros-header.jpg);\n}\n@media (min-width:550px) {\n  #section_1919494559 {\n    min-height: 500px;\n  }\n}\n@media (min-width:850px) {\n  #section_1919494559 {\n    min-height: 500px;\n  }\n}\n<\/style>\n\t<\/section>\n\t\n\t<section class=\"section\" id=\"section_1989169935\">\n\t\t<div class=\"bg section-bg fill bg-fill  bg-loaded\" >\n\n\t\t\t\n\t\t\t\n\t\t\t\n\n\t\t<\/div>\n\n\t\t\n\n\t\t<div class=\"section-content relative\">\n\t\t\t\n<div class=\"row align-equal\"  id=\"row-1452972688\">\n\n\t<div id=\"col-1253602314\" class=\"col medium-12 small-12 large-6\"  >\n\t\t\t\t<div class=\"col-inner\"  >\n\t\t\t\n\t\t\t\n\t<div id=\"gap-762678126\" class=\"gap-element clearfix\" style=\"display:block; height:auto;\">\n\t\t\n<style>\n#gap-762678126 {\n  padding-top: 40px;\n}\n@media (min-width:850px) {\n  #gap-762678126 {\n    padding-top: 70px;\n  }\n}\n<\/style>\n\t<\/div>\n\t\n\t<div id=\"text-1058509810\" class=\"text\">\n\t\t\n<p><strong>TCI Cutting\u00a0<\/strong>apuesta por un equipo humano apasionado de su trabajo y con ganas de formar parte de la transformaci\u00f3n de las f\u00e1bricas en Smart Factories. Nuestros valores, ser socios tecnol\u00f3gicos a largo plazo, soluciones a medida, innovaci\u00f3n tecnol\u00f3gica y confianza. Estos cuatro pilares junto con nuestra cultura corporativa impulsan el desarrollo individual y de equipo en un ambiente colaborativo y de formaci\u00f3n continua.<\/p>\n<p>Forma parte de nuestro equipo. <strong>Join us!<\/strong><\/p>\n\t\t\n<style>\n#text-1058509810 {\n  font-size: 1rem;\n  line-height: 1.6;\n}\n@media (min-width:550px) {\n  #text-1058509810 {\n    font-size: 1.125rem;\n  }\n}\n<\/style>\n\t<\/div>\n\t\n\t\t<\/div>\n\t\t\t\t\n<style>\n#col-1253602314 > .col-inner {\n  padding: 0px 12% 0px 0px;\n}\n<\/style>\n\t<\/div>\n\n\t\n\n\t<div id=\"col-600822894\" class=\"col medium-12 small-12 large-6\"  >\n\t\t\t\t<div class=\"col-inner\" style=\"background-color:rgb(250, 250, 250);\" >\n\t\t\t\n\t\t\t\n<div class=\"row row-collapse\"  id=\"row-260738078\">\n\n\t<div id=\"col-503610488\" class=\"col pb-0 red-line-column small-12 large-12\"  >\n\t\t\t\t<div class=\"col-inner\"  >\n\t\t\t\n\t\t\t\n\t<div id=\"gap-1957450510\" class=\"gap-element clearfix\" style=\"display:block; height:auto;\">\n\t\t\n<style>\n#gap-1957450510 {\n  padding-top: 4px;\n}\n<\/style>\n\t<\/div>\n\t\n\t<div id=\"text-1042638175\" class=\"text txt-mb-0 ls-pretitle fw-300\">\n\t\t\n<p>TCI CUTTING<\/p>\n\t\t\n<style>\n#text-1042638175 {\n  line-height: 1.4;\n}\n<\/style>\n\t<\/div>\n\t\n\t<div id=\"gap-1898491220\" class=\"gap-element clearfix\" style=\"display:block; height:auto;\">\n\t\t\n<style>\n#gap-1898491220 {\n  padding-top: 30px;\n}\n<\/style>\n\t<\/div>\n\t\n\t<div id=\"text-866945117\" class=\"text txt-mb-0\">\n\t\t\n<h2>Join us!<\/h2>\n\t\t\n<style>\n#text-866945117 {\n  font-size: 2.6rem;\n  line-height: 1.1;\n}\n@media (min-width:850px) {\n  #text-866945117 {\n    font-size: 3rem;\n  }\n}\n<\/style>\n\t<\/div>\n\t\n\t\t<\/div>\n\t\t\t\t\n<style>\n#col-503610488 > .col-inner {\n  margin: 0px 0px 50px 0px;\n}\n<\/style>\n\t<\/div>\n\n\t\n<\/div>\n\t<div id=\"text-2220265714\" class=\"text\">\n\t\t\n<p>Rellena el siguiente formulario y muy pronto nos pondremos en contacto contigo:<\/p>\n\t\t\n<style>\n#text-2220265714 {\n  font-size: 1rem;\n  line-height: 1.6;\n}\n@media (min-width:550px) {\n  #text-2220265714 {\n    font-size: 1.125rem;\n  }\n}\n<\/style>\n\t<\/div>\n\t\n\t<div id=\"gap-614619645\" class=\"gap-element clearfix\" style=\"display:block; height:auto;\">\n\t\t\n<style>\n#gap-614619645 {\n  padding-top: 15px;\n}\n<\/style>\n\t<\/div>\n\t\n\n<div class=\"frm_forms \" id=\"frm_form_36_container\" >\n<form enctype=\"multipart\/form-data\" method=\"post\" class=\"frm-show-form  frm_pro_form \" id=\"form_contact-form-empleo\" >\n<div class=\"frm_form_fields \">\n<fieldset>\n<legend class=\"frm_screen_reader\">Solicitud de empleo<\/legend>\r\n\r\n<div class=\"frm_fields_container\">\n<input type=\"hidden\" name=\"frm_action\" value=\"create\" \/>\n<input type=\"hidden\" name=\"form_id\" value=\"36\" \/>\n<input type=\"hidden\" name=\"frm_hide_fields_36\" id=\"frm_hide_fields_36\" value=\"\" \/>\n<input type=\"hidden\" name=\"form_key\" value=\"contact-form-empleo\" \/>\n<input type=\"hidden\" name=\"item_meta[0]\" value=\"\" \/>\n<input type=\"hidden\" id=\"frm_submit_entry_36\" name=\"frm_submit_entry_36\" value=\"a03869cce4\" \/><input type=\"hidden\" name=\"_wp_http_referer\" value=\"\/es-mx\/wp-json\/wp\/v2\/pages\/3710\" \/><div id=\"frm_field_302_container\" class=\"frm_form_field form-field  frm_required_field frm_none_container frm12 frm_first\">\r\n    <label for=\"field_qh4icy2\" id=\"field_qh4icy2_label\" class=\"frm_primary_label\">\r\n        <span class=\"frm_required\" aria-hidden=\"true\">*<\/span>\r\n    <\/label>\r\n    <input  type=\"text\" id=\"field_qh4icy2\" name=\"item_meta[302]\" value=\"\"  placeholder=\"Nombre\" data-reqmsg=\"Este campo no puede estar en blanco.\" aria-required=\"true\" data-invmsg=\"Name no es v\u00e1lido\" aria-invalid=\"false\"   \/>\r\n    \r\n    \r\n<\/div>\n<div id=\"frm_field_303_container\" class=\"frm_form_field form-field  frm_required_field frm_none_container frm12 frm_first\">\r\n    <label for=\"field_ocfup1\" id=\"field_ocfup1_label\" class=\"frm_primary_label\">\r\n        <span class=\"frm_required\" aria-hidden=\"true\">*<\/span>\r\n    <\/label>\r\n    <input  type=\"text\" id=\"field_ocfup1\" name=\"item_meta[303]\" value=\"\"  placeholder=\"Apellidos\" data-reqmsg=\"Este campo no puede estar en blanco.\" aria-required=\"true\" data-invmsg=\"Last no es v\u00e1lido\" aria-invalid=\"false\"   \/>\r\n    \r\n    \r\n<\/div>\n<div id=\"frm_field_304_container\" class=\"frm_form_field form-field  frm_required_field frm_none_container frm12 frm_first\">\r\n    <label for=\"field_29yf4d2\" id=\"field_29yf4d2_label\" class=\"frm_primary_label\">\r\n        <span class=\"frm_required\" aria-hidden=\"true\">*<\/span>\r\n    <\/label>\r\n    <input type=\"email\" id=\"field_29yf4d2\" name=\"item_meta[304]\" value=\"\"  placeholder=\"Email\" data-reqmsg=\"Este campo no puede estar en blanco.\" aria-required=\"true\" data-invmsg=\"Please enter a valid email address\" aria-invalid=\"false\"  \/>\r\n    \r\n    \r\n<\/div>\n<div id=\"frm_field_305_container\" class=\"frm_form_field form-field  frm_required_field frm_none_container frm12 frm_first\">\r\n    <label for=\"field_14kec\" id=\"field_14kec_label\" class=\"frm_primary_label\">\r\n        <span class=\"frm_required\" aria-hidden=\"true\">*<\/span>\r\n    <\/label>\r\n    <input type=\"tel\" id=\"field_14kec\" name=\"item_meta[305]\" value=\"\"  placeholder=\"Tel\u00e9fono\" data-reqmsg=\"Este campo no puede estar en blanco.\" aria-required=\"true\" data-invmsg=\"Tel\u00e9fono no es v\u00e1lido\" aria-invalid=\"false\" pattern=\"((\\+\\d{1,3}(-|.| )?\\(?\\d\\)?(-| |.)?\\d{1,5})|(\\(?\\d{2,6}\\)?))(-|.| )?(\\d{3,4})(-|.| )?(\\d{4})(( x| ext)\\d{1,5}){0,1}$\"  \/>\r\n    \r\n    \r\n<\/div>\n<div id=\"frm_field_306_container\" class=\"frm_form_field form-field  frm_required_field frm_none_container frm12 frm_first\">\r\n    <label for=\"field_im6j1\" id=\"field_im6j1_label\" class=\"frm_primary_label\">\u00c1rea de inter\u00e9s\r\n        <span class=\"frm_required\" aria-hidden=\"true\">*<\/span>\r\n    <\/label>\r\n    \t\t<select name=\"item_meta[306]\" id=\"field_im6j1\"  data-placeholder=\"\u00c1rea de inter\u00e9s\"  placeholder=\"\u00c1rea de inter\u00e9s\" data-reqmsg=\"Este campo no puede estar en blanco.\" aria-required=\"true\" data-invmsg=\"\u00c1rea de inter\u00e9s is invalid\" aria-invalid=\"false\"  >\n\t\t<option  class=\"frm-select-placeholder\" value=\"\" data-placeholder=\"true\">\u00c1rea de inter\u00e9s<\/option><option  value=\"Fabricaci\u00f3n\">Fabricaci\u00f3n<\/option><option  value=\"Administraci\u00f3n\">Administraci\u00f3n<\/option><option  value=\"Ingenier\u00eda\">Ingenier\u00eda<\/option><option  value=\"Comercial\">Comercial<\/option><option  value=\"Marketing\">Marketing<\/option><option  value=\"Otros\">Otros<\/option>\t<\/select>\n\t\r\n    \r\n    \r\n<\/div>\n<div id=\"frm_field_307_container\" class=\"frm_form_field form-field  frm_none_container\">\r\n    <label for=\"field_3c60d\" id=\"field_3c60d_label\" class=\"frm_primary_label\">Adjunta tu CV\r\n        <span class=\"frm_required\" aria-hidden=\"true\"><\/span>\r\n    <\/label>\r\n    <input type=\"hidden\"  data-invmsg=\"Subida de archivo no es v\u00e1lido\" class=\"auto_width\" aria-invalid=\"false\"   name=\"item_meta[307]\"  value=\"\" data-frmfile=\"307\" \/>\n\n<div class=\"frm_dropzone frm_single_upload frm_clearfix\" id=\"file307_dropzone\" role=\"group\" >\n\t<div class=\"fallback\">\n\t\t<input type=\"file\" name=\"file307\" id=\"field_3c60d\"\n\t\t\t data-invmsg=\"Subida de archivo no es v\u00e1lido\" class=\"auto_width\" aria-invalid=\"false\"  \t\t\t\/>\n\t\t\t\t<div class=\"frm_clearfix \"><\/div>\n\t<\/div>\n\t<div class=\"dz-message needsclick\">\n\t\t\t\t<svg  viewBox=\"0 0 18 18\" class=\"frmsvg frm-svg-icon\">\n\t<path viewBox=\"0 0 18 18\" fill-rule=\"evenodd\" clip-rule=\"evenodd\" d=\"M8.2 4v8a.8.8 0 001.5 0V4l2.1 2.2A.7.7 0 1013 5L9.5 1.7a.7.7 0 00-1.1 0L5.1 5.2a.8.8 0 001 1l2.1-2zm7.6 4.3c.4 0 .7.3.7.7v6.8c0 .4-.3.7-.8.7H2.3a.8.8 0 01-.8-.8V9A.8.8 0 013 9v6h12V9c0-.4.3-.8.8-.8z\"><\/path>\n<\/svg>\t\t<span class=\"frm_upload_text\"><button type=\"button\" aria-label=\"Adjunta tu CV. Haz clic para subir tu CV. Maximum file size: 1.54MB\">Haz clic para subir tu CV<\/button><\/span>\n\t\t<span class=\"frm_compact_text\"><button type=\"button\" aria-label=\"Adjunta tu CV. Seleccionar archivo. Maximum file size: 1.54MB\">Seleccionar archivo<\/button><\/span>\n\t\t<div class=\"frm_small_text\">\n\t\t\t<p>Maximum file size: 1.54MB<\/p>\n\t\t<\/div>\n\t<\/div>\n<\/div>\n\t\r\n    \r\n    \r\n<\/div>\n<div id=\"frm_field_308_container\" class=\"frm_form_field form-field  frm_required_field frm_none_container vertical_radio\">\r\n    <div  id=\"field_l9mwq_label\" class=\"frm_primary_label\">\r\n        <span class=\"frm_required\" aria-hidden=\"true\">*<\/span>\r\n    <\/div>\r\n    <div class=\"frm_opt_container\" aria-labelledby=\"field_l9mwq_label\" role=\"group\">\t\t<div class=\"frm_checkbox\" id=\"frm_checkbox_308-0\">\t\t\t<label  for=\"field_l9mwq-0\">\n\t\t\t<input type=\"checkbox\" name=\"item_meta[308][]\" id=\"field_l9mwq-0\" value=\"He le\u00eddo y aceptado los &lt;a href=&quot;https:\/\/www.tcicutting.com\/es-mx\/politica-de-privacidad\/&quot; target=&quot;_blank&quot;&gt;t\u00e9rminos y condiciones&lt;\/a&gt;\"  data-reqmsg=\"Este campo no puede estar en blanco.\" data-invmsg=\"This field is invalid\"   aria-required=\"true\"  \/> He le\u00eddo y aceptado los <a href=\"https:\/\/www.tcicutting.com\/es-mx\/politica-de-privacidad\/\" target=\"_blank\">t\u00e9rminos y condiciones<\/a><\/label><\/div>\n<\/div>\r\n    \r\n    \r\n<\/div>\n<div id=\"frm_field_411_container\" class=\"frm_form_field form-field \">\r\n\t<div class=\"frm_submit tci-class\">\r\n\r\n<button class=\"frm_button_submit frm_final_submit button primary icon-right-button arrow-right\" type=\"submit\"   formnovalidate=\"formnovalidate\"><span>Enviar<\/span><i class=\"vc_btn3-icon fas fa-angle-right\"><\/i><\/button>\r\n\r\n<\/div>\r\n<\/div>\n\t<input type=\"hidden\" name=\"item_key\" value=\"\" \/>\n\t\t\t<div id=\"frm_field_520_container\">\n\t\t\t<label for=\"field_7daz5\" >\n\t\t\t\tIf you are human, leave this field blank.\t\t\t<\/label>\n\t\t\t<input  id=\"field_7daz5\" type=\"text\" class=\"frm_form_field form-field frm_verify\" name=\"item_meta[520]\" value=\"\"  \/>\n\t\t<\/div>\n\t\t<input name=\"frm_state\" type=\"hidden\" value=\"9XD7ONAng\/t5+\/ENA73xW0oNAu6MkPj8bO7q+lERy7aj2IhZlfoFWnzp2DmIMZaC\" \/><\/div>\n<\/fieldset>\n<\/div>\n\n<\/form>\n<\/div>\n\n\n\n\n\t\t<\/div>\n\t\t\t\t\n<style>\n#col-600822894 > .col-inner {\n  padding: 10% 9% 50px 8%;\n  margin: 20px 0px 0px 0px;\n  border-radius: 20px;\n}\n@media (min-width:850px) {\n  #col-600822894 > .col-inner {\n    margin: -10% 0px 0px 0px;\n  }\n}\n<\/style>\n\t<\/div>\n\n\t\n<\/div>\n\t\t<\/div>\n\n\t\t\n<style>\n#section_1989169935 {\n  padding-top: 0px;\n  padding-bottom: 0px;\n}\n<\/style>\n\t<\/section>\n\t\n\t<div id=\"gap-1584843745\" class=\"gap-element clearfix\" style=\"display:block; height:auto;\">\n\t\t\n<style>\n#gap-1584843745 {\n  padding-top: 120px;\n}\n@media (min-width:550px) {\n  #gap-1584843745 {\n    padding-top: 140px;\n  }\n}\n<\/style>\n\t<\/div>\n\t\n","protected":false},"excerpt":{"rendered":"","protected":false},"author":1,"featured_media":0,"parent":0,"menu_order":0,"comment_status":"closed","ping_status":"closed","template":"","meta":{"footnotes":""},"class_list":["post-3710","page","type-page","status-publish","hentry"],"acf":[],"yoast_head":"<!-- This site is optimized with the Yoast SEO plugin v27.1.1 - https:\/\/yoast.com\/product\/yoast-seo-wordpress\/ -->\n<title>Trabaja conNosotros | TCI Cutting<\/title>\n<meta name=\"description\" content=\"Forma parte del equipo TCI Cutting. Rellena nuestro formulario y nos pondremos en contacto contigo en la mayor brevedad. \u00a1Te esperamos!\" \/>\n<meta name=\"robots\" content=\"noindex, follow\" \/>\n<meta property=\"og:locale\" content=\"es_MX\" \/>\n<meta property=\"og:type\" content=\"article\" \/>\n<meta property=\"og:title\" content=\"Trabaja conNosotros | TCI Cutting\" \/>\n<meta property=\"og:description\" content=\"Forma parte del equipo TCI Cutting. Rellena nuestro formulario y nos pondremos en contacto contigo en la mayor brevedad. \u00a1Te esperamos!\" \/>\n<meta property=\"og:url\" content=\"https:\/\/www.tcicutting.com\/es-mx\/trabaja-con-nosotros\/\" \/>\n<meta property=\"og:site_name\" content=\"TCI Cutting MX\" \/>\n<meta property=\"article:publisher\" content=\"https:\/\/www.facebook.com\/TCICutting\/\" \/>\n<meta property=\"article:modified_time\" content=\"2024-05-31T08:02:51+00:00\" \/>\n<meta property=\"og:image\" content=\"https:\/\/www.tcicutting.com\/es-mx\/wp-content\/uploads\/sites\/6\/2024\/05\/logo-tci.png\" \/>\n\t<meta property=\"og:image:width\" content=\"1200\" \/>\n\t<meta property=\"og:image:height\" content=\"675\" \/>\n\t<meta property=\"og:image:type\" content=\"image\/png\" \/>\n<meta name=\"twitter:card\" content=\"summary_large_image\" \/>\n<meta name=\"twitter:site\" content=\"@tcicutting\" \/>\n<meta name=\"twitter:label1\" content=\"Tiempo de lectura\" \/>\n\t<meta name=\"twitter:data1\" content=\"1 minuto\" \/>\n<script type=\"application\/ld+json\" class=\"yoast-schema-graph\">{\"@context\":\"https:\/\/schema.org\",\"@graph\":[{\"@type\":\"WebPage\",\"@id\":\"https:\/\/www.tcicutting.com\/es-mx\/trabaja-con-nosotros\/\",\"url\":\"https:\/\/www.tcicutting.com\/es-mx\/trabaja-con-nosotros\/\",\"name\":\"Trabaja conNosotros | TCI Cutting\",\"isPartOf\":{\"@id\":\"https:\/\/www.tcicutting.com\/es-mx\/#website\"},\"datePublished\":\"2024-01-15T10:18:56+00:00\",\"dateModified\":\"2024-05-31T08:02:51+00:00\",\"description\":\"Forma parte del equipo TCI Cutting. Rellena nuestro formulario y nos pondremos en contacto contigo en la mayor brevedad. \u00a1Te esperamos!\",\"breadcrumb\":{\"@id\":\"https:\/\/www.tcicutting.com\/es-mx\/trabaja-con-nosotros\/#breadcrumb\"},\"inLanguage\":\"es\",\"potentialAction\":[{\"@type\":\"ReadAction\",\"target\":[\"https:\/\/www.tcicutting.com\/es-mx\/trabaja-con-nosotros\/\"]}]},{\"@type\":\"BreadcrumbList\",\"@id\":\"https:\/\/www.tcicutting.com\/es-mx\/trabaja-con-nosotros\/#breadcrumb\",\"itemListElement\":[{\"@type\":\"ListItem\",\"position\":1,\"name\":\"Home\",\"item\":\"https:\/\/www.tcicutting.com\/es-mx\/\"},{\"@type\":\"ListItem\",\"position\":2,\"name\":\"Trabaja con nosotros\"}]},{\"@type\":\"WebSite\",\"@id\":\"https:\/\/www.tcicutting.com\/es-mx\/#website\",\"url\":\"https:\/\/www.tcicutting.com\/es-mx\/\",\"name\":\"TCI Cutting\",\"description\":\"\",\"publisher\":{\"@id\":\"https:\/\/www.tcicutting.com\/es-mx\/#organization\"},\"alternateName\":\"TCI Cutting\",\"potentialAction\":[{\"@type\":\"SearchAction\",\"target\":{\"@type\":\"EntryPoint\",\"urlTemplate\":\"https:\/\/www.tcicutting.com\/es-mx\/?s={search_term_string}\"},\"query-input\":{\"@type\":\"PropertyValueSpecification\",\"valueRequired\":true,\"valueName\":\"search_term_string\"}}],\"inLanguage\":\"es\"},{\"@type\":\"Organization\",\"@id\":\"https:\/\/www.tcicutting.com\/es-mx\/#organization\",\"name\":\"TCI Cutting\",\"alternateName\":\"TCI Cutting\",\"url\":\"https:\/\/www.tcicutting.com\/es-mx\/\",\"logo\":{\"@type\":\"ImageObject\",\"inLanguage\":\"es\",\"@id\":\"https:\/\/www.tcicutting.com\/es-mx\/#\/schema\/logo\/image\/\",\"url\":\"https:\/\/nueva2023.tcicutting.com\/es-mx\/wp-content\/uploads\/sites\/6\/2024\/05\/logo-tci-cutting.png\",\"contentUrl\":\"https:\/\/nueva2023.tcicutting.com\/es-mx\/wp-content\/uploads\/sites\/6\/2024\/05\/logo-tci-cutting.png\",\"width\":695,\"height\":695,\"caption\":\"TCI Cutting\"},\"image\":{\"@id\":\"https:\/\/www.tcicutting.com\/es-mx\/#\/schema\/logo\/image\/\"},\"sameAs\":[\"https:\/\/www.facebook.com\/TCICutting\/\",\"https:\/\/x.com\/tcicutting\",\"https:\/\/www.instagram.com\/tcicutting\/\",\"https:\/\/www.linkedin.com\/company\/tci-cutting-waterjet&laser-system\/\"]}]}<\/script>\n<!-- \/ Yoast SEO plugin. -->","yoast_head_json":{"title":"Trabaja conNosotros | TCI Cutting","description":"Forma parte del equipo TCI Cutting. Rellena nuestro formulario y nos pondremos en contacto contigo en la mayor brevedad. \u00a1Te esperamos!","robots":{"index":"noindex","follow":"follow"},"og_locale":"es_MX","og_type":"article","og_title":"Trabaja conNosotros | TCI Cutting","og_description":"Forma parte del equipo TCI Cutting. Rellena nuestro formulario y nos pondremos en contacto contigo en la mayor brevedad. \u00a1Te esperamos!","og_url":"https:\/\/www.tcicutting.com\/es-mx\/trabaja-con-nosotros\/","og_site_name":"TCI Cutting MX","article_publisher":"https:\/\/www.facebook.com\/TCICutting\/","article_modified_time":"2024-05-31T08:02:51+00:00","og_image":[{"width":1200,"height":675,"url":"https:\/\/www.tcicutting.com\/es-mx\/wp-content\/uploads\/sites\/6\/2024\/05\/logo-tci.png","type":"image\/png"}],"twitter_card":"summary_large_image","twitter_site":"@tcicutting","twitter_misc":{"Tiempo de lectura":"1 minuto"},"schema":{"@context":"https:\/\/schema.org","@graph":[{"@type":"WebPage","@id":"https:\/\/www.tcicutting.com\/es-mx\/trabaja-con-nosotros\/","url":"https:\/\/www.tcicutting.com\/es-mx\/trabaja-con-nosotros\/","name":"Trabaja conNosotros | TCI Cutting","isPartOf":{"@id":"https:\/\/www.tcicutting.com\/es-mx\/#website"},"datePublished":"2024-01-15T10:18:56+00:00","dateModified":"2024-05-31T08:02:51+00:00","description":"Forma parte del equipo TCI Cutting. Rellena nuestro formulario y nos pondremos en contacto contigo en la mayor brevedad. \u00a1Te esperamos!","breadcrumb":{"@id":"https:\/\/www.tcicutting.com\/es-mx\/trabaja-con-nosotros\/#breadcrumb"},"inLanguage":"es","potentialAction":[{"@type":"ReadAction","target":["https:\/\/www.tcicutting.com\/es-mx\/trabaja-con-nosotros\/"]}]},{"@type":"BreadcrumbList","@id":"https:\/\/www.tcicutting.com\/es-mx\/trabaja-con-nosotros\/#breadcrumb","itemListElement":[{"@type":"ListItem","position":1,"name":"Home","item":"https:\/\/www.tcicutting.com\/es-mx\/"},{"@type":"ListItem","position":2,"name":"Trabaja con nosotros"}]},{"@type":"WebSite","@id":"https:\/\/www.tcicutting.com\/es-mx\/#website","url":"https:\/\/www.tcicutting.com\/es-mx\/","name":"TCI Cutting","description":"","publisher":{"@id":"https:\/\/www.tcicutting.com\/es-mx\/#organization"},"alternateName":"TCI Cutting","potentialAction":[{"@type":"SearchAction","target":{"@type":"EntryPoint","urlTemplate":"https:\/\/www.tcicutting.com\/es-mx\/?s={search_term_string}"},"query-input":{"@type":"PropertyValueSpecification","valueRequired":true,"valueName":"search_term_string"}}],"inLanguage":"es"},{"@type":"Organization","@id":"https:\/\/www.tcicutting.com\/es-mx\/#organization","name":"TCI Cutting","alternateName":"TCI Cutting","url":"https:\/\/www.tcicutting.com\/es-mx\/","logo":{"@type":"ImageObject","inLanguage":"es","@id":"https:\/\/www.tcicutting.com\/es-mx\/#\/schema\/logo\/image\/","url":"https:\/\/nueva2023.tcicutting.com\/es-mx\/wp-content\/uploads\/sites\/6\/2024\/05\/logo-tci-cutting.png","contentUrl":"https:\/\/nueva2023.tcicutting.com\/es-mx\/wp-content\/uploads\/sites\/6\/2024\/05\/logo-tci-cutting.png","width":695,"height":695,"caption":"TCI Cutting"},"image":{"@id":"https:\/\/www.tcicutting.com\/es-mx\/#\/schema\/logo\/image\/"},"sameAs":["https:\/\/www.facebook.com\/TCICutting\/","https:\/\/x.com\/tcicutting","https:\/\/www.instagram.com\/tcicutting\/","https:\/\/www.linkedin.com\/company\/tci-cutting-waterjet&laser-system\/"]}]}},"_links":{"self":[{"href":"https:\/\/www.tcicutting.com\/es-mx\/wp-json\/wp\/v2\/pages\/3710","targetHints":{"allow":["GET"]}}],"collection":[{"href":"https:\/\/www.tcicutting.com\/es-mx\/wp-json\/wp\/v2\/pages"}],"about":[{"href":"https:\/\/www.tcicutting.com\/es-mx\/wp-json\/wp\/v2\/types\/page"}],"author":[{"embeddable":true,"href":"https:\/\/www.tcicutting.com\/es-mx\/wp-json\/wp\/v2\/users\/1"}],"replies":[{"embeddable":true,"href":"https:\/\/www.tcicutting.com\/es-mx\/wp-json\/wp\/v2\/comments?post=3710"}],"version-history":[{"count":15,"href":"https:\/\/www.tcicutting.com\/es-mx\/wp-json\/wp\/v2\/pages\/3710\/revisions"}],"predecessor-version":[{"id":8421,"href":"https:\/\/www.tcicutting.com\/es-mx\/wp-json\/wp\/v2\/pages\/3710\/revisions\/8421"}],"wp:attachment":[{"href":"https:\/\/www.tcicutting.com\/es-mx\/wp-json\/wp\/v2\/media?parent=3710"}],"curies":[{"name":"wp","href":"https:\/\/api.w.org\/{rel}","templated":true}]}}