{"id":2397,"date":"2023-12-20T16:54:00","date_gmt":"2023-12-20T16:54:00","guid":{"rendered":"https:\/\/tcicutting.com\/es\/?page_id=2397"},"modified":"2024-05-31T09:57:19","modified_gmt":"2024-05-31T07:57:19","slug":"datenschutz-bestimmungen","status":"publish","type":"page","link":"https:\/\/www.tcicutting.com\/de\/datenschutz-bestimmungen\/","title":{"rendered":"Datenschutz"},"content":{"rendered":"\t<section class=\"section\" id=\"section_336120318\">\n\t\t<div class=\"bg section-bg fill bg-fill  bg-loaded\" >\n\n\t\t\t\n\t\t\t\n\t\t\t\n\n\t\t<\/div>\n\n\t\t\n\n\t\t<div class=\"section-content relative\">\n\t\t\t\n<div class=\"row\"  id=\"row-1482894645\">\n\n\t<div id=\"col-1097339158\" class=\"col small-12 large-12\"  >\n\t\t\t\t<div class=\"col-inner\"  >\n\t\t\t\n\t\t\t\n\t<div id=\"text-596521672\" class=\"text\">\n\t\t\n<h1>Datenschutzrichtlinie<\/h1>\n\t\t\n<style>\n#text-596521672 {\n  font-size: 2.1875rem;\n  line-height: 1.1;\n}\n<\/style>\n\t<\/div>\n\t\n<h2>1. INFORMATIONEN F\u00dcR DEN BENUTZER<\/h2>\n<h3>Wer ist f\u00fcr die Verarbeitung Ihrer personenbezogenen Daten verantwortlich?<\/h3>\n<p>TECNOLOGIA DE CORTE E INGENIERIA SL ist f\u00fcr die Verarbeitung der personenbezogenen Daten des NUTZERs verantwortlich und informiert Sie dar\u00fcber, dass diese Daten gem\u00e4\u00df den Bestimmungen der Verordnung (EU) 2016\/679 vom 27. April (DSGVO) und dem Organgesetz 3 verarbeitet werden \/2018, vom 5. Dezember (LOPDGDD).<\/p>\n<h3>Warum verarbeiten wir Ihre personenbezogenen Daten?<\/h3>\n<p>Zur Pflege einer Gesch\u00e4ftsbeziehung mit dem Nutzer. Die zur Durchf\u00fchrung der Behandlung geplanten Operationen sind:<\/p>\n<div class=\"custom-list-text\">\n<ul>\n<li>Versenden von kommerziellen Werbemitteilungen per E-Mail, Fax, SMS, MMS, sozialen Netzwerken oder anderen gegenw\u00e4rtigen oder zuk\u00fcnftigen elektronischen oder physischen Mitteln, die die Durchf\u00fchrung kommerzieller Kommunikation erm\u00f6glichen. Diese Mitteilungen erfolgen durch den VERANTWORTLICHEN und beziehen sich auf seine Produkte und Dienstleistungen oder seine Mitarbeiter oder Lieferanten, mit denen er eine Werbevereinbarung getroffen hat. In diesem Fall haben Dritte niemals Zugriff auf personenbezogene Daten.<\/li>\n<li>F\u00fchren Sie Marktstudien und statistische Analysen durch.<\/li>\n<li>Bearbeitung von Bestellungen, Anfragen, Beantwortung von Anfragen oder Anfragen jeglicher Art, die der BENUTZER \u00fcber eines der auf der Website des VERANTWORTERS zur Verf\u00fcgung gestellten Kontaktformulare stellt.<\/li>\n<li>Versenden Sie den Online-Newsletter \u00fcber Neuigkeiten, Angebote und Aktionen in unserer T\u00e4tigkeit.<\/li>\n<\/ul>\n<\/div>\n<h3>Aus welchem \u200b\u200bGrund d\u00fcrfen wir Ihre personenbezogenen Daten verarbeiten?<\/h3>\n<p>Denn die Behandlung ist durch Artikel 6 der DSGVO wie folgt legitimiert:<\/p>\n<div class=\"custom-list-text\">\n<ul>\n<li>Mit Zustimmung des NUTZERs: Versenden kommerzieller Mitteilungen und des Newsletters.<\/li>\n<li>F\u00fcr das berechtigte Interesse des VERANTWORTLICHEN: Durchf\u00fchrung von Marktstudien, statistischen Analysen usw. und Bearbeitung von Bestellungen, Anfragen etc. auf Wunsch des BENUTZERS.<\/li>\n<\/ul>\n<\/div>\n<h3>Wie lange werden wir Ihre personenbezogenen Daten aufbewahren?<\/h3>\n<p>Sie werden nicht l\u00e4nger aufbewahrt, als dies zur Aufrechterhaltung des Zwecks der Behandlung erforderlich ist oder gesetzliche Anforderungen ihre Aufbewahrung vorschreiben. Wenn dies nicht mehr erforderlich ist, werden sie mit geeigneten Sicherheitsma\u00dfnahmen gel\u00f6scht, um die Anonymisierung der Daten zu gew\u00e4hrleisten oder die v\u00f6llige Zerst\u00f6rung desselben.<\/p>\n<h3><span data-sheets-root=\"1\" data-sheets-value=\"{&quot;1&quot;:2,&quot;2&quot;:&quot;An wen geben wir Ihre personenbezogenen Daten weiter?&quot;}\" data-sheets-userformat=\"{&quot;2&quot;:25345,&quot;3&quot;:{&quot;1&quot;:0},&quot;11&quot;:4,&quot;12&quot;:0,&quot;16&quot;:11,&quot;17&quot;:1}\">An wen geben wir Ihre personenbezogenen Daten weiter?<\/span><\/h3>\n<p>Es ist keine Weitergabe personenbezogener Daten an Dritte geplant, au\u00dfer, soweit dies f\u00fcr die Entwicklung und Ausf\u00fchrung der Verarbeitungszwecke erforderlich ist, an unsere Dienstleister im Zusammenhang mit der Kommunikation, mit denen der VERANTWORTLICHE die geltenden Vertraulichkeits- und Datenverarbeitungsvertr\u00e4ge unterzeichnet hat Datenschutzbestimmungen.<\/p>\n<h3>Welche Rechte haben Sie?<\/h3>\n<p>Die dem BENUTZER zustehenden Rechte sind:<\/p>\n<ul>\n<li>Recht, die Einwilligung jederzeit zu widerrufen.<\/li>\n<li>Recht auf Zugang, Berichtigung, \u00dcbertragbarkeit und L\u00f6schung Ihrer Daten sowie Einschr\u00e4nkung oder Widerspruch gegen deren Verarbeitung.<\/li>\n<li>Das Recht, eine Beschwerde bei der Aufsichtsbeh\u00f6rde (www.aepd.es) einzureichen, wenn Sie der Meinung sind, dass die Behandlung nicht den geltenden Vorschriften entspricht.<\/li>\n<\/ul>\n<p><strong><span data-sheets-root=\"1\" data-sheets-value=\"{&quot;1&quot;:2,&quot;2&quot;:&quot;Kontaktinformationen zur Aus\u00fcbung Ihrer Rechte:&quot;}\" data-sheets-userformat=\"{&quot;2&quot;:25345,&quot;3&quot;:{&quot;1&quot;:0},&quot;11&quot;:4,&quot;12&quot;:0,&quot;16&quot;:11,&quot;17&quot;:1}\">Kontaktinformationen zur Aus\u00fcbung Ihrer Rechte:<\/span><\/strong><\/p>\n<p>TECNOLOGIA DE CORTE E INGENIERIA SL. C \/ COLON, 113 \u2013 46610 GUADASSUAR (Valencia). Email: administracion@cticutting.com<\/p>\n<h2>2. OBLIGATORISCHER ODER FAKULTATIVER NATUR DER VOM BENUTZER BEREITGESTELLTEN INFORMATIONEN<\/h2>\n<p>Indem der BENUTZER die entsprechenden K\u00e4stchen ankreuzt und Daten in die mit einem Sternchen (*) gekennzeichneten Felder im Kontaktformular oder in den Download-Formularen eingibt, akzeptiert er ausdr\u00fccklich, frei und unmissverst\u00e4ndlich, dass seine Daten f\u00fcr die Beantwortung Ihrer Anfrage erforderlich sind Seitens des Anbieters erfolgt die Angabe der Daten in den \u00fcbrigen Feldern auf freiwilliger Basis. Der NUTZER garantiert, dass die dem VERANTWORTLICHEN zur Verf\u00fcgung gestellten personenbezogenen Daten wahrheitsgem\u00e4\u00df sind und ist f\u00fcr die Mitteilung etwaiger \u00c4nderungen derselben verantwortlich.<\/p>\n<p>Der VERANTWORTLICHE weist darauf hin, dass alle \u00fcber die Website angeforderten Daten obligatorisch sind, da sie f\u00fcr die Bereitstellung eines optimalen Dienstes f\u00fcr den NUTZER erforderlich sind. Bei Nichtbereitstellung aller Daten kann nicht gew\u00e4hrleistet werden, dass die bereitgestellten Informationen und Dienste vollst\u00e4ndig auf Ihre Bed\u00fcrfnisse zugeschnitten sind.<\/p>\n<h2>3. SICHERHEITSMASSNAHMEN<\/h2>\n<p>Dass der VERANTWORTLICHE in \u00dcbereinstimmung mit den Bestimmungen der geltenden Vorschriften zum Schutz personenbezogener Daten alle Bestimmungen der DSGVO- und LOPDGDD-Vorschriften f\u00fcr die Verarbeitung personenbezogener Daten unter seiner Verantwortung und offensichtlich die im Artikel beschriebenen Grunds\u00e4tze einh\u00e4lt. 5 der DSGVO, wonach sie in rechtm\u00e4\u00dfiger, fairer und transparenter Weise gegen\u00fcber dem Interessenten verarbeitet werden und angemessen, relevant und auf das f\u00fcr die Zwecke, f\u00fcr die sie verarbeitet werden, erforderliche Ma\u00df beschr\u00e4nkt ist.<\/p>\n<p>Der VERANTWORTLICHE garantiert, dass er geeignete technische und organisatorische Richtlinien zur Anwendung der in der DSGVO und der LOPDGDD festgelegten Sicherheitsma\u00dfnahmen zum Schutz der Rechte und Freiheiten der NUTZER implementiert und ihnen die entsprechenden Informationen mitgeteilt hat, damit sie diese aus\u00fcben k\u00f6nnen.<\/p>\n<p>F\u00fcr weitere Informationen zu Datenschutzgarantien k\u00f6nnen Sie sich \u00fcber TECNOLOGIA DE CORTE E INGENIERIA SL an den VERANTWORTLICHEN wenden. C\/COLON, 113 \u2013 46610 GUADASSUAR (Valencia). E-Mail: administracion@tcicutting.com<\/p>\n\t\t<\/div>\n\t\t\t\t\t<\/div>\n\n\t\n<\/div>\n\t\t<\/div>\n\n\t\t\n<style>\n#section_336120318 {\n  padding-top: 100px;\n  padding-bottom: 100px;\n}\n<\/style>\n\t<\/section>\n\t\n","protected":false},"excerpt":{"rendered":"","protected":false},"author":1,"featured_media":0,"parent":0,"menu_order":10000,"comment_status":"closed","ping_status":"closed","template":"","meta":{"footnotes":""},"class_list":["post-2397","page","type-page","status-publish","hentry"],"acf":[],"yoast_head":"<!-- This site is optimized with the Yoast SEO plugin v27.1.1 - https:\/\/yoast.com\/product\/yoast-seo-wordpress\/ -->\n<title>Datenschutzrichtlinie | DE<\/title>\n<meta name=\"robots\" content=\"noindex, follow\" \/>\n<meta property=\"og:locale\" content=\"de_DE\" \/>\n<meta property=\"og:type\" content=\"article\" \/>\n<meta property=\"og:title\" content=\"Datenschutzrichtlinie | DE\" \/>\n<meta property=\"og:url\" content=\"https:\/\/www.tcicutting.com\/de\/datenschutz-bestimmungen\/\" \/>\n<meta property=\"og:site_name\" content=\"DE\" \/>\n<meta property=\"article:publisher\" content=\"https:\/\/www.facebook.com\/TCICutting\/\" \/>\n<meta property=\"article:modified_time\" content=\"2024-05-31T07:57:19+00:00\" \/>\n<meta property=\"og:image\" content=\"https:\/\/www.tcicutting.com\/de\/wp-content\/uploads\/sites\/5\/2024\/05\/logo-tci.png\" \/>\n\t<meta property=\"og:image:width\" content=\"1200\" \/>\n\t<meta property=\"og:image:height\" content=\"675\" \/>\n\t<meta property=\"og:image:type\" content=\"image\/png\" \/>\n<meta name=\"twitter:card\" content=\"summary_large_image\" \/>\n<meta name=\"twitter:site\" content=\"@tcicutting\" \/>\n<meta name=\"twitter:label1\" content=\"Gesch\u00e4tzte Lesezeit\" \/>\n\t<meta name=\"twitter:data1\" content=\"4\u00a0Minuten\" \/>\n<script type=\"application\/ld+json\" class=\"yoast-schema-graph\">{\"@context\":\"https:\/\/schema.org\",\"@graph\":[{\"@type\":\"WebPage\",\"@id\":\"https:\/\/www.tcicutting.com\/de\/datenschutz-bestimmungen\/\",\"url\":\"https:\/\/www.tcicutting.com\/de\/datenschutz-bestimmungen\/\",\"name\":\"Datenschutzrichtlinie | DE\",\"isPartOf\":{\"@id\":\"https:\/\/www.tcicutting.com\/de\/#website\"},\"datePublished\":\"2023-12-20T16:54:00+00:00\",\"dateModified\":\"2024-05-31T07:57:19+00:00\",\"breadcrumb\":{\"@id\":\"https:\/\/www.tcicutting.com\/de\/datenschutz-bestimmungen\/#breadcrumb\"},\"inLanguage\":\"de\",\"potentialAction\":[{\"@type\":\"ReadAction\",\"target\":[\"https:\/\/www.tcicutting.com\/de\/datenschutz-bestimmungen\/\"]}]},{\"@type\":\"BreadcrumbList\",\"@id\":\"https:\/\/www.tcicutting.com\/de\/datenschutz-bestimmungen\/#breadcrumb\",\"itemListElement\":[{\"@type\":\"ListItem\",\"position\":1,\"name\":\"Home\",\"item\":\"https:\/\/www.tcicutting.com\/de\/\"},{\"@type\":\"ListItem\",\"position\":2,\"name\":\"Datenschutz\"}]},{\"@type\":\"WebSite\",\"@id\":\"https:\/\/www.tcicutting.com\/de\/#website\",\"url\":\"https:\/\/www.tcicutting.com\/de\/\",\"name\":\"TCI Cutting\",\"description\":\"\",\"publisher\":{\"@id\":\"https:\/\/www.tcicutting.com\/de\/#organization\"},\"alternateName\":\"TCI Cutting\",\"potentialAction\":[{\"@type\":\"SearchAction\",\"target\":{\"@type\":\"EntryPoint\",\"urlTemplate\":\"https:\/\/www.tcicutting.com\/de\/?s={search_term_string}\"},\"query-input\":{\"@type\":\"PropertyValueSpecification\",\"valueRequired\":true,\"valueName\":\"search_term_string\"}}],\"inLanguage\":\"de\"},{\"@type\":\"Organization\",\"@id\":\"https:\/\/www.tcicutting.com\/de\/#organization\",\"name\":\"TCI Cutting\",\"alternateName\":\"TCI Cutting\",\"url\":\"https:\/\/www.tcicutting.com\/de\/\",\"logo\":{\"@type\":\"ImageObject\",\"inLanguage\":\"de\",\"@id\":\"https:\/\/www.tcicutting.com\/de\/#\/schema\/logo\/image\/\",\"url\":\"https:\/\/nueva2023.tcicutting.com\/de\/wp-content\/uploads\/sites\/5\/2024\/05\/logo-tci-cutting.png\",\"contentUrl\":\"https:\/\/nueva2023.tcicutting.com\/de\/wp-content\/uploads\/sites\/5\/2024\/05\/logo-tci-cutting.png\",\"width\":695,\"height\":695,\"caption\":\"TCI Cutting\"},\"image\":{\"@id\":\"https:\/\/www.tcicutting.com\/de\/#\/schema\/logo\/image\/\"},\"sameAs\":[\"https:\/\/www.facebook.com\/TCICutting\/\",\"https:\/\/x.com\/tcicutting\",\"https:\/\/www.instagram.com\/tcicutting\/\",\"https:\/\/www.linkedin.com\/company\/tci-cutting-waterjet&laser-system\/\"]}]}<\/script>\n<!-- \/ Yoast SEO plugin. -->","yoast_head_json":{"title":"Datenschutzrichtlinie | DE","robots":{"index":"noindex","follow":"follow"},"og_locale":"de_DE","og_type":"article","og_title":"Datenschutzrichtlinie | DE","og_url":"https:\/\/www.tcicutting.com\/de\/datenschutz-bestimmungen\/","og_site_name":"DE","article_publisher":"https:\/\/www.facebook.com\/TCICutting\/","article_modified_time":"2024-05-31T07:57:19+00:00","og_image":[{"width":1200,"height":675,"url":"https:\/\/www.tcicutting.com\/de\/wp-content\/uploads\/sites\/5\/2024\/05\/logo-tci.png","type":"image\/png"}],"twitter_card":"summary_large_image","twitter_site":"@tcicutting","twitter_misc":{"Gesch\u00e4tzte Lesezeit":"4\u00a0Minuten"},"schema":{"@context":"https:\/\/schema.org","@graph":[{"@type":"WebPage","@id":"https:\/\/www.tcicutting.com\/de\/datenschutz-bestimmungen\/","url":"https:\/\/www.tcicutting.com\/de\/datenschutz-bestimmungen\/","name":"Datenschutzrichtlinie | DE","isPartOf":{"@id":"https:\/\/www.tcicutting.com\/de\/#website"},"datePublished":"2023-12-20T16:54:00+00:00","dateModified":"2024-05-31T07:57:19+00:00","breadcrumb":{"@id":"https:\/\/www.tcicutting.com\/de\/datenschutz-bestimmungen\/#breadcrumb"},"inLanguage":"de","potentialAction":[{"@type":"ReadAction","target":["https:\/\/www.tcicutting.com\/de\/datenschutz-bestimmungen\/"]}]},{"@type":"BreadcrumbList","@id":"https:\/\/www.tcicutting.com\/de\/datenschutz-bestimmungen\/#breadcrumb","itemListElement":[{"@type":"ListItem","position":1,"name":"Home","item":"https:\/\/www.tcicutting.com\/de\/"},{"@type":"ListItem","position":2,"name":"Datenschutz"}]},{"@type":"WebSite","@id":"https:\/\/www.tcicutting.com\/de\/#website","url":"https:\/\/www.tcicutting.com\/de\/","name":"TCI Cutting","description":"","publisher":{"@id":"https:\/\/www.tcicutting.com\/de\/#organization"},"alternateName":"TCI Cutting","potentialAction":[{"@type":"SearchAction","target":{"@type":"EntryPoint","urlTemplate":"https:\/\/www.tcicutting.com\/de\/?s={search_term_string}"},"query-input":{"@type":"PropertyValueSpecification","valueRequired":true,"valueName":"search_term_string"}}],"inLanguage":"de"},{"@type":"Organization","@id":"https:\/\/www.tcicutting.com\/de\/#organization","name":"TCI Cutting","alternateName":"TCI Cutting","url":"https:\/\/www.tcicutting.com\/de\/","logo":{"@type":"ImageObject","inLanguage":"de","@id":"https:\/\/www.tcicutting.com\/de\/#\/schema\/logo\/image\/","url":"https:\/\/nueva2023.tcicutting.com\/de\/wp-content\/uploads\/sites\/5\/2024\/05\/logo-tci-cutting.png","contentUrl":"https:\/\/nueva2023.tcicutting.com\/de\/wp-content\/uploads\/sites\/5\/2024\/05\/logo-tci-cutting.png","width":695,"height":695,"caption":"TCI Cutting"},"image":{"@id":"https:\/\/www.tcicutting.com\/de\/#\/schema\/logo\/image\/"},"sameAs":["https:\/\/www.facebook.com\/TCICutting\/","https:\/\/x.com\/tcicutting","https:\/\/www.instagram.com\/tcicutting\/","https:\/\/www.linkedin.com\/company\/tci-cutting-waterjet&laser-system\/"]}]}},"_links":{"self":[{"href":"https:\/\/www.tcicutting.com\/de\/wp-json\/wp\/v2\/pages\/2397","targetHints":{"allow":["GET"]}}],"collection":[{"href":"https:\/\/www.tcicutting.com\/de\/wp-json\/wp\/v2\/pages"}],"about":[{"href":"https:\/\/www.tcicutting.com\/de\/wp-json\/wp\/v2\/types\/page"}],"author":[{"embeddable":true,"href":"https:\/\/www.tcicutting.com\/de\/wp-json\/wp\/v2\/users\/1"}],"replies":[{"embeddable":true,"href":"https:\/\/www.tcicutting.com\/de\/wp-json\/wp\/v2\/comments?post=2397"}],"version-history":[{"count":7,"href":"https:\/\/www.tcicutting.com\/de\/wp-json\/wp\/v2\/pages\/2397\/revisions"}],"predecessor-version":[{"id":9062,"href":"https:\/\/www.tcicutting.com\/de\/wp-json\/wp\/v2\/pages\/2397\/revisions\/9062"}],"wp:attachment":[{"href":"https:\/\/www.tcicutting.com\/de\/wp-json\/wp\/v2\/media?parent=2397"}],"curies":[{"name":"wp","href":"https:\/\/api.w.org\/{rel}","templated":true}]}}