{"id":2381,"date":"2023-12-20T16:39:46","date_gmt":"2023-12-20T16:39:46","guid":{"rendered":"https:\/\/tcicutting.com\/es\/?page_id=2381"},"modified":"2024-05-31T09:57:19","modified_gmt":"2024-05-31T07:57:19","slug":"rechtliche-warnung","status":"publish","type":"page","link":"https:\/\/www.tcicutting.com\/de\/rechtliche-warnung\/","title":{"rendered":"Aviso legal"},"content":{"rendered":"\t<section class=\"section\" id=\"section_1379134019\">\n\t\t<div class=\"bg section-bg fill bg-fill  bg-loaded\" >\n\n\t\t\t\n\t\t\t\n\t\t\t\n\n\t\t<\/div>\n\n\t\t\n\n\t\t<div class=\"section-content relative\">\n\t\t\t\n<div class=\"row\"  id=\"row-671929975\">\n\n\t<div id=\"col-1753213970\" class=\"col small-12 large-12\"  >\n\t\t\t\t<div class=\"col-inner\"  >\n\t\t\t\n\t\t\t\n\t<div id=\"text-3381558649\" class=\"text\">\n\t\t\n<h1>Rechtliche Warnung<\/h1>\n\t\t\n<style>\n#text-3381558649 {\n  font-size: 2.1875rem;\n  line-height: 1.1;\n}\n<\/style>\n\t<\/div>\n\t\n<p><strong>GESETZ DER DIENSTLEISTUNGEN DER INFORMATIONSGESELLSCHAFT (LSSI)<\/strong><\/p>\n<p>TECNOLOGIA DE CORTE E INGENIERIA SL, verantwortlich f\u00fcr die Website, im Folgenden VERANTWORTLICH genannt, stellt den Benutzern dieses Dokument zur Verf\u00fcgung, mit dem sie den im Gesetz 34\/2002 vom 11. Juli \u00fcber Dienste der Informationsgesellschaft und der Elektronik festgelegten Verpflichtungen nachkommen will Commerce (LSSICE), BOE Nr. 166, sowie Information aller Nutzer der Website \u00fcber die Nutzungsbedingungen.<\/p>\n<p>Jede Person, die auf diese Website zugreift, \u00fcbernimmt die Rolle des Benutzers und verpflichtet sich zur strikten Einhaltung und Einhaltung der hier dargelegten Bestimmungen sowie aller anderen m\u00f6glicherweise anwendbaren gesetzlichen Bestimmungen.<\/p>\n<p>TECNOLOGIA DE CORTE E INGENIERIA SL beh\u00e4lt sich das Recht vor, jegliche Art von Informationen, die auf der Website erscheinen, zu \u00e4ndern, ohne dass eine Verpflichtung besteht, die Benutzer \u00fcber diese Verpflichtungen zu informieren, wobei die Ver\u00f6ffentlichung auf der Website als ausreichend angesehen wird.<\/p>\n<h2>1. IDENTIFIZIERUNGSDATEN<\/h2>\n<div class=\"custom-list-text\">\n<ul>\n<li><strong>Domainname:<\/strong>\u00a0https:\/\/tcicutting.com<\/li>\n<li><strong>Handelsname:<\/strong>\u00a0TCICUTTING<\/li>\n<li><strong>Firmenname:<\/strong>\u00a0TECNOLOGIA DE CORTE E INGENIERIA SL<\/li>\n<li><strong>NIF<\/strong>: B97059133<\/li>\n<li><strong>Eingetragener Sitz:<\/strong>\u00a0C\/COLON 113<\/li>\n<li><strong>Telefon:<\/strong>\u00a0962 57 22 90<\/li>\n<li><strong>e-mail<\/strong>: contact@tcicutting.com<\/li>\n<li><strong>Eingetragen im Handelsregister (gewerblich\/\u00f6ffentlich)<\/strong>: Registro Mercantil de Valencia<\/li>\n<\/ul>\n<\/div>\n<h2>2. GEISTIGE UND GEWERBLICHE EIGENTUMSRECHTE<\/h2>\n<p>Die Website, einschlie\u00dflich, aber nicht beschr\u00e4nkt auf ihre Programmierung, Bearbeitung, Zusammenstellung und andere f\u00fcr ihren Betrieb erforderliche Elemente, die Designs, Logos, Texte und\/oder Grafiken, sind Eigentum des VERANTWORTLICHEN oder verf\u00fcgen gegebenenfalls \u00fcber eine Lizenz oder ausdr\u00fcckliche Genehmigung der Autoren. Alle Inhalte der Website sind ordnungsgem\u00e4\u00df durch die Vorschriften zum geistigen und gewerblichen Eigentum gesch\u00fctzt und in den entsprechenden \u00f6ffentlichen Registern eingetragen. Unabh\u00e4ngig vom Zweck, f\u00fcr den sie bestimmt waren, bedarf die vollst\u00e4ndige oder teilweise Vervielf\u00e4ltigung, Nutzung, Verwertung, Verbreitung und Vermarktung in jedem Fall der vorherigen schriftlichen Genehmigung des VERANTWORTLICHEN. Jede nicht zuvor genehmigte Nutzung gilt als schwerwiegende Verletzung der geistigen oder gewerblichen Eigentumsrechte des Autors.<\/p>\n<p>Any previously unauthorized use is considered a serious breach of the author\u2019s intellectual or industrial property rights.<\/p>\n<p>Die Designs, Logos, Texte und\/oder Grafiken, die nicht der VERANTWORTLICHE sind und auf der Website erscheinen k\u00f6nnen, geh\u00f6ren ihren jeweiligen Eigent\u00fcmern und sie sind selbst f\u00fcr etwaige Kontroversen verantwortlich, die in Bezug auf sie entstehen k\u00f6nnen. Der VERANTWORTLICHE erm\u00e4chtigt Dritte ausdr\u00fccklich, direkt auf die spezifischen Inhalte der Website umzuleiten und in jedem Fall auf die Hauptwebsite von https:\/\/tcicutting.com weiterzuleiten.<\/p>\n<p>Der VERANTWORTLICHE erkennt die entsprechenden geistigen und gewerblichen Eigentumsrechte zugunsten ihrer Eigent\u00fcmer an, und ihre blo\u00dfe Erw\u00e4hnung oder ihr Erscheinen auf der Website impliziert nicht das Bestehen von Rechten oder Verantwortung gegen\u00fcber ihnen, noch impliziert dies eine Billigung, F\u00f6rderung oder Empfehlung durch ihn . .<\/p>\n<p>Um etwaige Verletzungen von Rechten des geistigen oder gewerblichen Eigentums sowie von Inhalten der Website jeglicher Art zu bemerken, k\u00f6nnen Sie dies per E-Mail an administracion@cticutting.com tun.<\/p>\n<h2>3. HAFTUNGSAUSSCHLUSS<\/h2>\n<p>Der VERANTWORTLICHE ist von jeglicher Verantwortung befreit, die sich aus den auf seiner Website ver\u00f6ffentlichten Informationen ergibt, wenn diese Informationen von Dritten, die nichts mit ihm zu tun haben, manipuliert oder eingef\u00fchrt wurden.<\/p>\n\t<div id=\"text-4181021158\" class=\"text\">\n\t\t\n<h2>Verwendung von Cookies<\/h2>\n\t\t\n<style>\n#text-4181021158 {\n  font-size: 2.1875rem;\n  line-height: 1.1;\n}\n<\/style>\n\t<\/div>\n\t\n<p>Diese Website kann technische Cookies (kleine Informationsdateien, die der Server an den Computer der Person sendet, die auf die Seite zugreift) verwenden, um bestimmte Funktionen auszuf\u00fchren, die f\u00fcr das ordnungsgem\u00e4\u00dfe Funktionieren und die Anzeige der Website als wesentlich erachtet werden. Die verwendeten Cookies sind in jedem Fall vor\u00fcbergehender Natur und dienen ausschlie\u00dflich dazu, die Navigation effizienter zu gestalten. Sie verschwinden, wenn die Sitzung des Benutzers endet. In keinem Fall stellen diese Cookies selbst personenbezogene Daten bereit und werden nicht zu deren Erhebung verwendet.<\/p>\n<p>Durch die Verwendung von Cookies ist es dem Server, auf dem sich die Website befindet, auch m\u00f6glich, den vom Benutzer verwendeten Browser zu erkennen, um die Navigation zu erleichtern und beispielsweise Benutzern den Zugriff zu erm\u00f6glichen, die sich zuvor f\u00fcr die Bereiche und Dienste registriert haben , Werbeaktionen oder Wettbewerbe, die ausschlie\u00dflich ihnen vorbehalten sind, ohne dass Sie sich f\u00fcr jeden Besuch registrieren m\u00fcssen. Sie k\u00f6nnen auch zur Messung des Publikums, von Verkehrsparametern, zur Steuerung des Fortschritts und der Anzahl der Eintr\u00e4ge usw. verwendet werden. In diesen F\u00e4llen sind Cookies zwar technisch entbehrlich, aber f\u00fcr den Benutzer von Vorteil. Diese Website wird ohne vorherige Zustimmung des Nutzers keine entbehrlichen Cookies installieren.<\/p>\n<p>Der Benutzer hat die M\u00f6glichkeit, seinen Browser so zu konfigurieren, dass er beim Empfang von Cookies benachrichtigt wird und deren Installation auf seinem Computer verhindert. Weitere Informationen finden Sie in den Anweisungen Ihres Browsers.<\/p>\n\t<div id=\"text-375489162\" class=\"text\">\n\t\t\n<h2>Linkrichtlinie<\/h2>\n\t\t\n<style>\n#text-375489162 {\n  font-size: 2.1875rem;\n  line-height: 1.1;\n}\n<\/style>\n\t<\/div>\n\t\n<p>Von der Website aus werden Sie m\u00f6glicherweise zu Inhalten auf Websites Dritter weitergeleitet. Da der VERANTWORTLICHE die von Dritten auf ihren jeweiligen Websites eingestellten Inhalte nicht immer kontrollieren kann, \u00fcbernimmt er keinerlei Verantwortung f\u00fcr diese Inhalte. In jedem Fall wird es die sofortige Entfernung aller Inhalte veranlassen, die gegen nationale oder internationale Gesetze, die guten Sitten oder die \u00f6ffentliche Ordnung versto\u00dfen k\u00f6nnten, sowie die sofortige Entfernung der Weiterleitung auf die besagte Website und die \u00dcbermittlung der Inhalte an die zust\u00e4ndigen Beh\u00f6rden. fraglich.<\/p>\n<p>Von der Website aus werden Sie m\u00f6glicherweise zu Inhalten auf Websites Dritter weitergeleitet. Da der VERANTWORTLICHE die von Dritten auf ihren jeweiligen Websites eingestellten Inhalte nicht immer kontrollieren kann, \u00fcbernimmt er keinerlei Verantwortung f\u00fcr diese Inhalte. In jedem Fall wird es die sofortige Entfernung aller Inhalte veranlassen, die gegen nationale oder internationale Gesetze, die guten Sitten oder die \u00f6ffentliche Ordnung versto\u00dfen k\u00f6nnten, sowie die sofortige Entfernung der Weiterleitung auf die besagte Website und die \u00dcbermittlung der Inhalte an die zust\u00e4ndigen Beh\u00f6rden. fraglich.<\/p>\n<p>Diese Website wurde \u00fcberpr\u00fcft und auf ordnungsgem\u00e4\u00dfe Funktion getestet. Grunds\u00e4tzlich kann der ordnungsgem\u00e4\u00dfe Betrieb 365 Tage im Jahr und 24 Stunden am Tag gew\u00e4hrleistet werden. Der VERANTWORTLICHE schlie\u00dft jedoch nicht aus, dass bestimmte Programmierfehler vorliegen oder dass h\u00f6here Gewalt, Naturkatastrophen, Streiks oder \u00e4hnliche Umst\u00e4nde eintreten, die den Zugriff auf die Website unm\u00f6glich machen.<\/p>\n\t<div id=\"text-4189305000\" class=\"text\">\n\t\t\n<h2>IP-Adressen<\/h2>\n\t\t\n<style>\n#text-4189305000 {\n  font-size: 2.1875rem;\n  line-height: 1.1;\n}\n<\/style>\n\t<\/div>\n\t\n<p>Die Website-Server erkennen m\u00f6glicherweise automatisch die vom Benutzer verwendete IP-Adresse und den Dom\u00e4nennamen. Eine IP-Adresse ist eine Nummer, die einem Computer automatisch zugewiesen wird, wenn er eine Verbindung zum Internet herstellt. Alle diese Informationen werden in einer ordnungsgem\u00e4\u00df registrierten Serveraktivit\u00e4tsdatei aufgezeichnet, die die anschlie\u00dfende Verarbeitung der Daten erm\u00f6glicht, um nur statistische Messungen zu erhalten, die es erm\u00f6glichen, die Anzahl der Seitenaufrufe, die Anzahl der Besuche auf den Webservern und die Reihenfolge der Besuche zu ermitteln , der Zugangspunkt usw.<\/p>\n<h2>4. ANWENDBARES RECHT UND GERICHTSSTAND<\/h2>\n<p>F\u00fcr die L\u00f6sung aller Streitigkeiten oder Probleme im Zusammenhang mit dieser Website oder den auf ihr durchgef\u00fchrten Aktivit\u00e4ten gilt die spanische Gesetzgebung, der sich die Parteien ausdr\u00fccklich unterwerfen, wobei f\u00fcr die L\u00f6sung aller Konflikte, die sich aus oder im Zusammenhang mit ihrer Nutzung ergeben, die Gerichte zust\u00e4ndig sind am n\u00e4chsten zu GUADASSUAR.<\/p>\n\t\t<\/div>\n\t\t\t\t\t<\/div>\n\n\t\n<\/div>\n\t\t<\/div>\n\n\t\t\n<style>\n#section_1379134019 {\n  padding-top: 100px;\n  padding-bottom: 100px;\n}\n<\/style>\n\t<\/section>\n\t\n","protected":false},"excerpt":{"rendered":"","protected":false},"author":1,"featured_media":0,"parent":0,"menu_order":10001,"comment_status":"closed","ping_status":"closed","template":"","meta":{"footnotes":""},"class_list":["post-2381","page","type-page","status-publish","hentry"],"acf":[],"yoast_head":"<!-- This site is optimized with the Yoast SEO plugin v27.1.1 - https:\/\/yoast.com\/product\/yoast-seo-wordpress\/ -->\n<title>Rechtliche Warnung<\/title>\n<meta name=\"robots\" content=\"noindex, follow\" \/>\n<meta property=\"og:locale\" content=\"de_DE\" \/>\n<meta property=\"og:type\" content=\"article\" \/>\n<meta property=\"og:title\" content=\"Rechtliche Warnung\" \/>\n<meta property=\"og:url\" content=\"https:\/\/www.tcicutting.com\/de\/rechtliche-warnung\/\" \/>\n<meta property=\"og:site_name\" content=\"DE\" \/>\n<meta property=\"article:publisher\" content=\"https:\/\/www.facebook.com\/TCICutting\/\" \/>\n<meta property=\"article:modified_time\" content=\"2024-05-31T07:57:19+00:00\" \/>\n<meta property=\"og:image\" content=\"https:\/\/www.tcicutting.com\/de\/wp-content\/uploads\/sites\/5\/2024\/05\/logo-tci.png\" \/>\n\t<meta property=\"og:image:width\" content=\"1200\" \/>\n\t<meta property=\"og:image:height\" content=\"675\" \/>\n\t<meta property=\"og:image:type\" content=\"image\/png\" \/>\n<meta name=\"twitter:card\" content=\"summary_large_image\" \/>\n<meta name=\"twitter:site\" content=\"@tcicutting\" \/>\n<meta name=\"twitter:label1\" content=\"Gesch\u00e4tzte Lesezeit\" \/>\n\t<meta name=\"twitter:data1\" content=\"6\u00a0Minuten\" \/>\n<script type=\"application\/ld+json\" class=\"yoast-schema-graph\">{\"@context\":\"https:\/\/schema.org\",\"@graph\":[{\"@type\":\"WebPage\",\"@id\":\"https:\/\/www.tcicutting.com\/de\/rechtliche-warnung\/\",\"url\":\"https:\/\/www.tcicutting.com\/de\/rechtliche-warnung\/\",\"name\":\"Rechtliche Warnung\",\"isPartOf\":{\"@id\":\"https:\/\/www.tcicutting.com\/de\/#website\"},\"datePublished\":\"2023-12-20T16:39:46+00:00\",\"dateModified\":\"2024-05-31T07:57:19+00:00\",\"breadcrumb\":{\"@id\":\"https:\/\/www.tcicutting.com\/de\/rechtliche-warnung\/#breadcrumb\"},\"inLanguage\":\"de\",\"potentialAction\":[{\"@type\":\"ReadAction\",\"target\":[\"https:\/\/www.tcicutting.com\/de\/rechtliche-warnung\/\"]}]},{\"@type\":\"BreadcrumbList\",\"@id\":\"https:\/\/www.tcicutting.com\/de\/rechtliche-warnung\/#breadcrumb\",\"itemListElement\":[{\"@type\":\"ListItem\",\"position\":1,\"name\":\"Home\",\"item\":\"https:\/\/www.tcicutting.com\/de\/\"},{\"@type\":\"ListItem\",\"position\":2,\"name\":\"Aviso legal\"}]},{\"@type\":\"WebSite\",\"@id\":\"https:\/\/www.tcicutting.com\/de\/#website\",\"url\":\"https:\/\/www.tcicutting.com\/de\/\",\"name\":\"TCI Cutting\",\"description\":\"\",\"publisher\":{\"@id\":\"https:\/\/www.tcicutting.com\/de\/#organization\"},\"alternateName\":\"TCI Cutting\",\"potentialAction\":[{\"@type\":\"SearchAction\",\"target\":{\"@type\":\"EntryPoint\",\"urlTemplate\":\"https:\/\/www.tcicutting.com\/de\/?s={search_term_string}\"},\"query-input\":{\"@type\":\"PropertyValueSpecification\",\"valueRequired\":true,\"valueName\":\"search_term_string\"}}],\"inLanguage\":\"de\"},{\"@type\":\"Organization\",\"@id\":\"https:\/\/www.tcicutting.com\/de\/#organization\",\"name\":\"TCI Cutting\",\"alternateName\":\"TCI Cutting\",\"url\":\"https:\/\/www.tcicutting.com\/de\/\",\"logo\":{\"@type\":\"ImageObject\",\"inLanguage\":\"de\",\"@id\":\"https:\/\/www.tcicutting.com\/de\/#\/schema\/logo\/image\/\",\"url\":\"https:\/\/nueva2023.tcicutting.com\/de\/wp-content\/uploads\/sites\/5\/2024\/05\/logo-tci-cutting.png\",\"contentUrl\":\"https:\/\/nueva2023.tcicutting.com\/de\/wp-content\/uploads\/sites\/5\/2024\/05\/logo-tci-cutting.png\",\"width\":695,\"height\":695,\"caption\":\"TCI Cutting\"},\"image\":{\"@id\":\"https:\/\/www.tcicutting.com\/de\/#\/schema\/logo\/image\/\"},\"sameAs\":[\"https:\/\/www.facebook.com\/TCICutting\/\",\"https:\/\/x.com\/tcicutting\",\"https:\/\/www.instagram.com\/tcicutting\/\",\"https:\/\/www.linkedin.com\/company\/tci-cutting-waterjet&laser-system\/\"]}]}<\/script>\n<!-- \/ Yoast SEO plugin. -->","yoast_head_json":{"title":"Rechtliche Warnung","robots":{"index":"noindex","follow":"follow"},"og_locale":"de_DE","og_type":"article","og_title":"Rechtliche Warnung","og_url":"https:\/\/www.tcicutting.com\/de\/rechtliche-warnung\/","og_site_name":"DE","article_publisher":"https:\/\/www.facebook.com\/TCICutting\/","article_modified_time":"2024-05-31T07:57:19+00:00","og_image":[{"width":1200,"height":675,"url":"https:\/\/www.tcicutting.com\/de\/wp-content\/uploads\/sites\/5\/2024\/05\/logo-tci.png","type":"image\/png"}],"twitter_card":"summary_large_image","twitter_site":"@tcicutting","twitter_misc":{"Gesch\u00e4tzte Lesezeit":"6\u00a0Minuten"},"schema":{"@context":"https:\/\/schema.org","@graph":[{"@type":"WebPage","@id":"https:\/\/www.tcicutting.com\/de\/rechtliche-warnung\/","url":"https:\/\/www.tcicutting.com\/de\/rechtliche-warnung\/","name":"Rechtliche Warnung","isPartOf":{"@id":"https:\/\/www.tcicutting.com\/de\/#website"},"datePublished":"2023-12-20T16:39:46+00:00","dateModified":"2024-05-31T07:57:19+00:00","breadcrumb":{"@id":"https:\/\/www.tcicutting.com\/de\/rechtliche-warnung\/#breadcrumb"},"inLanguage":"de","potentialAction":[{"@type":"ReadAction","target":["https:\/\/www.tcicutting.com\/de\/rechtliche-warnung\/"]}]},{"@type":"BreadcrumbList","@id":"https:\/\/www.tcicutting.com\/de\/rechtliche-warnung\/#breadcrumb","itemListElement":[{"@type":"ListItem","position":1,"name":"Home","item":"https:\/\/www.tcicutting.com\/de\/"},{"@type":"ListItem","position":2,"name":"Aviso legal"}]},{"@type":"WebSite","@id":"https:\/\/www.tcicutting.com\/de\/#website","url":"https:\/\/www.tcicutting.com\/de\/","name":"TCI Cutting","description":"","publisher":{"@id":"https:\/\/www.tcicutting.com\/de\/#organization"},"alternateName":"TCI Cutting","potentialAction":[{"@type":"SearchAction","target":{"@type":"EntryPoint","urlTemplate":"https:\/\/www.tcicutting.com\/de\/?s={search_term_string}"},"query-input":{"@type":"PropertyValueSpecification","valueRequired":true,"valueName":"search_term_string"}}],"inLanguage":"de"},{"@type":"Organization","@id":"https:\/\/www.tcicutting.com\/de\/#organization","name":"TCI Cutting","alternateName":"TCI Cutting","url":"https:\/\/www.tcicutting.com\/de\/","logo":{"@type":"ImageObject","inLanguage":"de","@id":"https:\/\/www.tcicutting.com\/de\/#\/schema\/logo\/image\/","url":"https:\/\/nueva2023.tcicutting.com\/de\/wp-content\/uploads\/sites\/5\/2024\/05\/logo-tci-cutting.png","contentUrl":"https:\/\/nueva2023.tcicutting.com\/de\/wp-content\/uploads\/sites\/5\/2024\/05\/logo-tci-cutting.png","width":695,"height":695,"caption":"TCI Cutting"},"image":{"@id":"https:\/\/www.tcicutting.com\/de\/#\/schema\/logo\/image\/"},"sameAs":["https:\/\/www.facebook.com\/TCICutting\/","https:\/\/x.com\/tcicutting","https:\/\/www.instagram.com\/tcicutting\/","https:\/\/www.linkedin.com\/company\/tci-cutting-waterjet&laser-system\/"]}]}},"_links":{"self":[{"href":"https:\/\/www.tcicutting.com\/de\/wp-json\/wp\/v2\/pages\/2381","targetHints":{"allow":["GET"]}}],"collection":[{"href":"https:\/\/www.tcicutting.com\/de\/wp-json\/wp\/v2\/pages"}],"about":[{"href":"https:\/\/www.tcicutting.com\/de\/wp-json\/wp\/v2\/types\/page"}],"author":[{"embeddable":true,"href":"https:\/\/www.tcicutting.com\/de\/wp-json\/wp\/v2\/users\/1"}],"replies":[{"embeddable":true,"href":"https:\/\/www.tcicutting.com\/de\/wp-json\/wp\/v2\/comments?post=2381"}],"version-history":[{"count":25,"href":"https:\/\/www.tcicutting.com\/de\/wp-json\/wp\/v2\/pages\/2381\/revisions"}],"predecessor-version":[{"id":9036,"href":"https:\/\/www.tcicutting.com\/de\/wp-json\/wp\/v2\/pages\/2381\/revisions\/9036"}],"wp:attachment":[{"href":"https:\/\/www.tcicutting.com\/de\/wp-json\/wp\/v2\/media?parent=2381"}],"curies":[{"name":"wp","href":"https:\/\/api.w.org\/{rel}","templated":true}]}}